{"id":4634,"date":"2025-10-12T21:00:06","date_gmt":"2025-10-12T19:00:06","guid":{"rendered":"https:\/\/emeraldspa.pl\/spa-shop\/milan-atomiser-usb-colour-change\/"},"modified":"2025-10-16T16:24:25","modified_gmt":"2025-10-16T14:24:25","slug":"milan-zerstauber-usb-farbwechsel","status":"publish","type":"product","link":"https:\/\/emeraldspa.pl\/de\/kurortladen\/milan-zerstauber-usb-farbwechsel\/","title":{"rendered":"Milan Zerst\u00e4uber - USB - Farbwechsel"},"content":{"rendered":"<p><strong>Aroma-Diffusoren\u00a0<\/strong>sind zeitlos und elegant. Sie bieten eine flammenlose und rauchfreie M\u00f6glichkeit, Ihren Raum oder Ihr B\u00fcro zu beduften. F\u00fcgen Sie einfach etwas Wasser und Ihr bevorzugtes \u00e4therisches \u00d6l oder Duft\u00f6l hinzu, um ein sofortiges Dufterlebnis zu erhalten.<\/p>\n<p>Der Aroma Diffuser verwendet einen Ultraschallmotor, um das Wasser zu pumpen und ist daher sehr leise im Gebrauch. Er verf\u00fcgt \u00fcber ein farblich wechselndes Stimmungslicht und kann auch als einfacher Luftbefeuchter verwendet werden.<\/p>\n<p>Aroma-Diffusoren sind sehr einfach zu bedienen und zu warten. Sie m\u00fcssen nur gelegentlich mit einer kleinen Menge Wasser und ein paar Tropfen Duft\u00f6l gef\u00fcllt werden.<\/p>\n<p>Schneller Verkauf - decken Sie sich noch heute mit Vorr\u00e4ten ein, um Ihren Umsatz zu steigern<\/p>\n<p>- Tankinhalt 120ml<\/p>\n<p>- LED-Licht - 7St\u00fcck<\/p>\n<p>- Stromversorgung \u00fcber USB (L\u00e4nge des Kabels 100cm)<\/p>\n<p>- Automatische Abschaltung, wenn das Wasser ausgeht<\/p>\n<p>H\u00f6he: 19cm, Durchmesser: 9cm, Gewicht: 167<\/p>","protected":false},"excerpt":{"rendered":"<p><strong>Aroma-Diffusoren\u00a0<\/strong>sind zeitlos und elegant. Sie bieten eine flammenlose und rauchfreie M\u00f6glichkeit, Ihren Raum oder Ihr B\u00fcro zu beduften. F\u00fcgen Sie einfach etwas Wasser und Ihr bevorzugtes \u00e4therisches \u00d6l oder Duft\u00f6l hinzu, um ein sofortiges Dufterlebnis zu erhalten.<\/p>\n<p>Der Aroma Diffuser verwendet einen Ultraschallmotor, um das Wasser zu pumpen und ist daher sehr leise im Gebrauch. Er verf\u00fcgt \u00fcber ein farblich wechselndes Stimmungslicht und kann auch als einfacher Luftbefeuchter verwendet werden.<\/p>\n<p>Aroma-Diffusoren sind sehr einfach zu bedienen und zu warten. Sie m\u00fcssen nur gelegentlich mit einer kleinen Menge Wasser und ein paar Tropfen Duft\u00f6l gef\u00fcllt werden.<\/p>\n<p>Schneller Verkauf - decken Sie sich noch heute mit Vorr\u00e4ten ein, um Ihren Umsatz zu steigern<\/p>\n<p>- Tankinhalt 120ml<\/p>\n<p>- LED-Licht - 7St\u00fcck<\/p>\n<p>- Stromversorgung \u00fcber USB (L\u00e4nge des Kabels 100cm)<\/p>\n<p>- Automatische Abschaltung, wenn das Wasser ausgeht<\/p>\n<p>H\u00f6he: 19cm, Durchmesser: 9cm, Gewicht: 167<\/p>","protected":false},"featured_media":4448,"template":"","meta":{"_acf_changed":false,"_price":"380","_stock":"163.000000","_tribe_ticket_header":"","_tribe_default_ticket_provider":"","_tribe_ticket_capacity":"","_ticket_start_date":"","_ticket_end_date":"","_tribe_ticket_show_description":"","_tribe_ticket_show_not_going":false,"_tribe_ticket_use_global_stock":"","_tribe_ticket_global_stock_level":"","_global_stock_mode":"","_global_stock_cap":"","_tribe_rsvp_for_event":"","_tribe_ticket_going_count":"","_tribe_ticket_not_going_count":"","_tribe_tickets_list":"[]","_tribe_ticket_has_attendee_info_fields":false,"_tec_slr_enabled":"","_tec_slr_layout":""},"product_brand":[],"product_cat":[138,142],"product_tag":[],"class_list":{"0":"post-4634","1":"product","2":"type-product","3":"status-publish","4":"has-post-thumbnail","6":"product_cat-atomisers","7":"product_cat-spa","9":"first","10":"instock","11":"shipping-taxable","12":"purchasable","13":"product-type-simple"},"acf":[],"_links":{"self":[{"href":"https:\/\/emeraldspa.pl\/de\/wp-json\/wp\/v2\/product\/4634","targetHints":{"allow":["GET"]}}],"collection":[{"href":"https:\/\/emeraldspa.pl\/de\/wp-json\/wp\/v2\/product"}],"about":[{"href":"https:\/\/emeraldspa.pl\/de\/wp-json\/wp\/v2\/types\/product"}],"version-history":[{"count":2,"href":"https:\/\/emeraldspa.pl\/de\/wp-json\/wp\/v2\/product\/4634\/revisions"}],"predecessor-version":[{"id":5238,"href":"https:\/\/emeraldspa.pl\/de\/wp-json\/wp\/v2\/product\/4634\/revisions\/5238"}],"wp:featuredmedia":[{"embeddable":true,"href":"https:\/\/emeraldspa.pl\/de\/wp-json\/wp\/v2\/media\/4448"}],"wp:attachment":[{"href":"https:\/\/emeraldspa.pl\/de\/wp-json\/wp\/v2\/media?parent=4634"}],"wp:term":[{"taxonomy":"product_brand","embeddable":true,"href":"https:\/\/emeraldspa.pl\/de\/wp-json\/wp\/v2\/product_brand?post=4634"},{"taxonomy":"product_cat","embeddable":true,"href":"https:\/\/emeraldspa.pl\/de\/wp-json\/wp\/v2\/product_cat?post=4634"},{"taxonomy":"product_tag","embeddable":true,"href":"https:\/\/emeraldspa.pl\/de\/wp-json\/wp\/v2\/product_tag?post=4634"}],"curies":[{"name":"wp","href":"https:\/\/api.w.org\/{rel}","templated":true}]}}