{"id":4564,"date":"2025-10-12T20:59:38","date_gmt":"2025-10-12T18:59:38","guid":{"rendered":"https:\/\/emeraldspa.pl\/spa-shop\/palermo-atomiser-usb-colour-change-timer\/"},"modified":"2025-10-16T16:31:10","modified_gmt":"2025-10-16T14:31:10","slug":"palermo-zerstauber-usb-farbwechsel-timer","status":"publish","type":"product","link":"https:\/\/emeraldspa.pl\/de\/kurortladen\/palermo-zerstauber-usb-farbwechsel-timer\/","title":{"rendered":"Palermo Zerst\u00e4uber - USB - Farbwechsel - Timer"},"content":{"rendered":"<p><strong>Palermo Zerst\u00e4uber - USB - Farbwechsel - Timer<\/strong>&nbsp;verwendet Ultraschallwellen, um das Wasser und die \u00e4therischen \u00d6le im Tank sofort zu verdampfen und einen k\u00fchlen, trockenen, duftenden Nebel zu erzeugen.<\/p>\n<p>Fassungsverm\u00f6gen des Beh\u00e4lters: 120 ml<\/p>\n<p>LED-Licht - 7 Varianten<\/p>\n<p>Stromversorgung \u00fcber USB (L\u00e4nge des Kabels 100 cm)<\/p>\n<p>Abmessungen: H\u00f6he 15,5 cm, Durchmesser 11 cm<\/p>\n<p><span><strong>Nur mit in Wasser gemischten \u00e4therischen \u00d6len zu verwenden!<\/strong><\/span><\/p>","protected":false},"excerpt":{"rendered":"<p><strong>Palermo Zerst\u00e4uber - USB - Farbwechsel - Timer<\/strong>&nbsp;verwendet Ultraschallwellen, um das Wasser und die \u00e4therischen \u00d6le im Tank sofort zu verdampfen und einen k\u00fchlen, trockenen, duftenden Nebel zu erzeugen.<\/p>\n<p>Fassungsverm\u00f6gen des Beh\u00e4lters: 120 ml<\/p>\n<p>LED-Licht - 7 Varianten<\/p>\n<p>Stromversorgung \u00fcber USB (L\u00e4nge des Kabels 100 cm)<\/p>\n<p>Abmessungen: H\u00f6he 15,5 cm, Durchmesser 11 cm<\/p>\n<p><span><strong>Nur mit in Wasser gemischten \u00e4therischen \u00d6len zu verwenden!<\/strong><\/span><\/p>","protected":false},"featured_media":4430,"template":"","meta":{"_acf_changed":false,"_price":"140","_stock":"221.000000","_tribe_ticket_header":"","_tribe_default_ticket_provider":"","_tribe_ticket_capacity":"","_ticket_start_date":"","_ticket_end_date":"","_tribe_ticket_show_description":"","_tribe_ticket_show_not_going":false,"_tribe_ticket_use_global_stock":"","_tribe_ticket_global_stock_level":"","_global_stock_mode":"","_global_stock_cap":"","_tribe_rsvp_for_event":"","_tribe_ticket_going_count":"","_tribe_ticket_not_going_count":"","_tribe_tickets_list":"[]","_tribe_ticket_has_attendee_info_fields":false,"_tec_slr_enabled":"","_tec_slr_layout":""},"product_brand":[],"product_cat":[138,142],"product_tag":[],"class_list":{"0":"post-4564","1":"product","2":"type-product","3":"status-publish","4":"has-post-thumbnail","6":"product_cat-atomisers","7":"product_cat-spa","9":"first","10":"instock","11":"shipping-taxable","12":"purchasable","13":"product-type-simple"},"acf":[],"_links":{"self":[{"href":"https:\/\/emeraldspa.pl\/de\/wp-json\/wp\/v2\/product\/4564","targetHints":{"allow":["GET"]}}],"collection":[{"href":"https:\/\/emeraldspa.pl\/de\/wp-json\/wp\/v2\/product"}],"about":[{"href":"https:\/\/emeraldspa.pl\/de\/wp-json\/wp\/v2\/types\/product"}],"version-history":[{"count":1,"href":"https:\/\/emeraldspa.pl\/de\/wp-json\/wp\/v2\/product\/4564\/revisions"}],"predecessor-version":[{"id":4795,"href":"https:\/\/emeraldspa.pl\/de\/wp-json\/wp\/v2\/product\/4564\/revisions\/4795"}],"wp:featuredmedia":[{"embeddable":true,"href":"https:\/\/emeraldspa.pl\/de\/wp-json\/wp\/v2\/media\/4430"}],"wp:attachment":[{"href":"https:\/\/emeraldspa.pl\/de\/wp-json\/wp\/v2\/media?parent=4564"}],"wp:term":[{"taxonomy":"product_brand","embeddable":true,"href":"https:\/\/emeraldspa.pl\/de\/wp-json\/wp\/v2\/product_brand?post=4564"},{"taxonomy":"product_cat","embeddable":true,"href":"https:\/\/emeraldspa.pl\/de\/wp-json\/wp\/v2\/product_cat?post=4564"},{"taxonomy":"product_tag","embeddable":true,"href":"https:\/\/emeraldspa.pl\/de\/wp-json\/wp\/v2\/product_tag?post=4564"}],"curies":[{"name":"wp","href":"https:\/\/api.w.org\/{rel}","templated":true}]}}