{"id":4519,"date":"2025-10-12T20:59:22","date_gmt":"2025-10-12T18:59:22","guid":{"rendered":"https:\/\/emeraldspa.pl\/spa-shop\/marseille-atomiser-usb-colour-change-timer\/"},"modified":"2026-02-10T14:01:14","modified_gmt":"2026-02-10T13:01:14","slug":"marseille-zerstauber-usb-farbwechsel-timer","status":"publish","type":"product","link":"https:\/\/emeraldspa.pl\/de\/kurortladen\/marseille-zerstauber-usb-farbwechsel-timer\/","title":{"rendered":"Marseille Zerst\u00e4uber - USB - Farbwechsel - Timer"},"content":{"rendered":"<p><strong>Marseille Zerst\u00e4uber - USB - Farbwechsel - Timer<\/strong>&nbsp;verwendet Ultraschallwellen, um das Wasser und die \u00e4therischen \u00d6le im Tank sofort zu verdampfen und einen k\u00fchlen, trockenen, duftenden Nebel zu erzeugen.<\/p>\n<p>Fassungsverm\u00f6gen des Beh\u00e4lters: 120 ml<\/p>\n<p>LED-Licht - 7 Varianten<\/p>\n<p>Stromversorgung \u00fcber USB (L\u00e4nge des Kabels 100 cm)<\/p>\n<p>Abmessungen: H\u00f6he 15 cm, Durchmesser 11 cm<\/p>\n<p><span><strong>T<\/strong><strong>nur mit in Wasser gemischten \u00e4therischen \u00d6len zu verwenden!<\/strong><\/span><\/p>","protected":false},"excerpt":{"rendered":"<p><strong>Marseille Zerst\u00e4uber - USB - Farbwechsel - Timer<\/strong>&nbsp;verwendet Ultraschallwellen, um das Wasser und die \u00e4therischen \u00d6le im Tank sofort zu verdampfen und einen k\u00fchlen, trockenen, duftenden Nebel zu erzeugen.<\/p>\n<p>Fassungsverm\u00f6gen des Beh\u00e4lters: 120 ml<\/p>\n<p>LED-Licht - 7 Varianten<\/p>\n<p>Stromversorgung \u00fcber USB (L\u00e4nge des Kabels 100 cm)<\/p>\n<p>Abmessungen: H\u00f6he 15 cm, Durchmesser 11 cm<\/p>\n<p><span><strong>T<\/strong><strong>nur mit in Wasser gemischten \u00e4therischen \u00d6len zu verwenden!<\/strong><\/span><\/p>","protected":false},"featured_media":4440,"template":"","meta":{"_acf_changed":false,"_price":"199","_stock":"166","_tribe_ticket_header":"","_tribe_default_ticket_provider":"","_tribe_ticket_capacity":"","_ticket_start_date":"","_ticket_end_date":"","_tribe_ticket_show_description":"","_tribe_ticket_show_not_going":false,"_tribe_ticket_use_global_stock":"","_tribe_ticket_global_stock_level":"","_global_stock_mode":"","_global_stock_cap":"","_tribe_rsvp_for_event":"","_tribe_ticket_going_count":"","_tribe_ticket_not_going_count":"","_tribe_tickets_list":"[]","_tribe_ticket_has_attendee_info_fields":false,"_tec_slr_enabled":"","_tec_slr_layout":""},"product_brand":[],"product_cat":[138,142],"product_tag":[],"class_list":{"0":"post-4519","1":"product","2":"type-product","3":"status-publish","4":"has-post-thumbnail","6":"product_cat-atomisers","7":"product_cat-spa","9":"first","10":"instock","11":"shipping-taxable","12":"purchasable","13":"product-type-simple"},"acf":[],"_links":{"self":[{"href":"https:\/\/emeraldspa.pl\/de\/wp-json\/wp\/v2\/product\/4519","targetHints":{"allow":["GET"]}}],"collection":[{"href":"https:\/\/emeraldspa.pl\/de\/wp-json\/wp\/v2\/product"}],"about":[{"href":"https:\/\/emeraldspa.pl\/de\/wp-json\/wp\/v2\/types\/product"}],"version-history":[{"count":1,"href":"https:\/\/emeraldspa.pl\/de\/wp-json\/wp\/v2\/product\/4519\/revisions"}],"predecessor-version":[{"id":4797,"href":"https:\/\/emeraldspa.pl\/de\/wp-json\/wp\/v2\/product\/4519\/revisions\/4797"}],"wp:featuredmedia":[{"embeddable":true,"href":"https:\/\/emeraldspa.pl\/de\/wp-json\/wp\/v2\/media\/4440"}],"wp:attachment":[{"href":"https:\/\/emeraldspa.pl\/de\/wp-json\/wp\/v2\/media?parent=4519"}],"wp:term":[{"taxonomy":"product_brand","embeddable":true,"href":"https:\/\/emeraldspa.pl\/de\/wp-json\/wp\/v2\/product_brand?post=4519"},{"taxonomy":"product_cat","embeddable":true,"href":"https:\/\/emeraldspa.pl\/de\/wp-json\/wp\/v2\/product_cat?post=4519"},{"taxonomy":"product_tag","embeddable":true,"href":"https:\/\/emeraldspa.pl\/de\/wp-json\/wp\/v2\/product_tag?post=4519"}],"curies":[{"name":"wp","href":"https:\/\/api.w.org\/{rel}","templated":true}]}}