{"id":4471,"date":"2025-10-12T20:59:10","date_gmt":"2025-10-12T18:59:10","guid":{"rendered":"https:\/\/emeraldspa.pl\/spa-shop\/sleepy-lavender-massage-oil-100ml\/"},"modified":"2026-01-05T04:30:53","modified_gmt":"2026-01-05T03:30:53","slug":"schlafriges-lavendel-massageol-100ml","status":"publish","type":"product","link":"https:\/\/emeraldspa.pl\/de\/kurortladen\/schlafriges-lavendel-massageol-100ml\/","title":{"rendered":"Schl\u00e4friges Lavendel-Massage\u00f6l - 100ml"},"content":{"rendered":"<p>Aus Sicht Ihrer Kunden sind Massage\u00f6le sehr sinnvoll, denn jedes einzelne \u00d6l zu kaufen, um es selbst zu mischen, ist teuer und zeitaufw\u00e4ndig.&nbsp;<\/p>\n<p>Diese Massage\u00f6le sind in Traubenkern\u00f6l gemischt. Sie k\u00f6nnen sogar ein paar Tropfen in das Bad geben.<\/p>\n<p><strong>Schl\u00e4friges Lavendel-Massage\u00f6l<\/strong> ist mit weltbekannten Ancient Wisdom Qualit\u00e4t Lavendel und Majoran \u00e4therische \u00d6le und reines Traubenkern\u00f6l gemacht.<\/p>","protected":false},"excerpt":{"rendered":"<p>Aus Sicht Ihrer Kunden sind Massage\u00f6le sehr sinnvoll, denn jedes einzelne \u00d6l zu kaufen, um es selbst zu mischen, ist teuer und zeitaufw\u00e4ndig.&nbsp;<\/p>\n<p>Diese Massage\u00f6le sind in Traubenkern\u00f6l gemischt. Sie k\u00f6nnen sogar ein paar Tropfen in das Bad geben.<\/p>\n<p><strong>Schl\u00e4friges Lavendel-Massage\u00f6l<\/strong> ist mit weltbekannten Ancient Wisdom Qualit\u00e4t Lavendel und Majoran \u00e4therische \u00d6le und reines Traubenkern\u00f6l gemacht.<\/p>","protected":false},"featured_media":4339,"template":"","meta":{"_acf_changed":false,"_price":"40","_stock":"0","_tribe_ticket_header":"","_tribe_default_ticket_provider":"","_tribe_ticket_capacity":"","_ticket_start_date":"","_ticket_end_date":"","_tribe_ticket_show_description":"","_tribe_ticket_show_not_going":false,"_tribe_ticket_use_global_stock":"","_tribe_ticket_global_stock_level":"","_global_stock_mode":"","_global_stock_cap":"","_tribe_rsvp_for_event":"","_tribe_ticket_going_count":"","_tribe_ticket_not_going_count":"","_tribe_tickets_list":"[]","_tribe_ticket_has_attendee_info_fields":false,"_tec_slr_enabled":"","_tec_slr_layout":""},"product_brand":[],"product_cat":[144,142],"product_tag":[],"class_list":{"0":"post-4471","1":"product","2":"type-product","3":"status-publish","4":"has-post-thumbnail","6":"product_cat-massage-oils","7":"product_cat-spa","9":"first","10":"outofstock","11":"shipping-taxable","12":"purchasable","13":"product-type-simple"},"acf":[],"_links":{"self":[{"href":"https:\/\/emeraldspa.pl\/de\/wp-json\/wp\/v2\/product\/4471","targetHints":{"allow":["GET"]}}],"collection":[{"href":"https:\/\/emeraldspa.pl\/de\/wp-json\/wp\/v2\/product"}],"about":[{"href":"https:\/\/emeraldspa.pl\/de\/wp-json\/wp\/v2\/types\/product"}],"version-history":[{"count":1,"href":"https:\/\/emeraldspa.pl\/de\/wp-json\/wp\/v2\/product\/4471\/revisions"}],"predecessor-version":[{"id":4823,"href":"https:\/\/emeraldspa.pl\/de\/wp-json\/wp\/v2\/product\/4471\/revisions\/4823"}],"wp:featuredmedia":[{"embeddable":true,"href":"https:\/\/emeraldspa.pl\/de\/wp-json\/wp\/v2\/media\/4339"}],"wp:attachment":[{"href":"https:\/\/emeraldspa.pl\/de\/wp-json\/wp\/v2\/media?parent=4471"}],"wp:term":[{"taxonomy":"product_brand","embeddable":true,"href":"https:\/\/emeraldspa.pl\/de\/wp-json\/wp\/v2\/product_brand?post=4471"},{"taxonomy":"product_cat","embeddable":true,"href":"https:\/\/emeraldspa.pl\/de\/wp-json\/wp\/v2\/product_cat?post=4471"},{"taxonomy":"product_tag","embeddable":true,"href":"https:\/\/emeraldspa.pl\/de\/wp-json\/wp\/v2\/product_tag?post=4471"}],"curies":[{"name":"wp","href":"https:\/\/api.w.org\/{rel}","templated":true}]}}