{"id":4425,"date":"2025-10-12T20:59:01","date_gmt":"2025-10-12T18:59:01","guid":{"rendered":"https:\/\/emeraldspa.pl\/spa-shop\/joints-ease-massage-oil-100ml\/"},"modified":"2026-02-11T17:44:38","modified_gmt":"2026-02-11T16:44:38","slug":"gelenke-erleichtern-massageol-100ml","status":"publish","type":"product","link":"https:\/\/emeraldspa.pl\/de\/kurortladen\/gelenke-erleichtern-massageol-100ml\/","title":{"rendered":"Massage\u00f6l zur Entlastung der Gelenke - 100ml"},"content":{"rendered":"<p>Dieses beruhigende Joint Ease Massage Oil hilft, Muskelkater zu lindern und f\u00f6rdert den Schlaf. Wenn die Schmerzen Sie also am Schlafen hindern... wir glauben, dass diese \u00d6lmischung helfen wird.<\/p>\n<p>Dieses Massage\u00f6l kann bei Arthritis, Rheuma, Ischias, Nackenschmerzen und allgemeinen Beschwerden verwendet werden. Jeden Abend sanft auf die betroffene Stelle auftragen. Bei sehr starken Schmerzen morgens erneut auftragen und bei Bedarf im Laufe des Tages aufstocken.<\/p>\n<p>Hinterl\u00e4sst eine gepflegte, seidige und perfekt weiche Haut. Ihr <strong>Joint Ease Massage\u00f6l<\/strong> ist mit weltbekannten Ancient Wisdom Qualit\u00e4t Rosmarin, Ingwer und Geranie \u00e4therische \u00d6le und reines Traubenkern\u00f6l gemacht.&nbsp;<\/p>","protected":false},"excerpt":{"rendered":"<p>Dieses beruhigende Joint Ease Massage Oil hilft, Muskelkater zu lindern und f\u00f6rdert den Schlaf. Wenn die Schmerzen Sie also am Schlafen hindern... wir glauben, dass diese \u00d6lmischung helfen wird.<\/p>\n<p>Dieses Massage\u00f6l kann bei Arthritis, Rheuma, Ischias, Nackenschmerzen und allgemeinen Beschwerden verwendet werden. Jeden Abend sanft auf die betroffene Stelle auftragen. Bei sehr starken Schmerzen morgens erneut auftragen und bei Bedarf im Laufe des Tages aufstocken.<\/p>\n<p>Hinterl\u00e4sst eine gepflegte, seidige und perfekt weiche Haut. Ihr <strong>Joint Ease Massage\u00f6l<\/strong> ist mit weltbekannten Ancient Wisdom Qualit\u00e4t Rosmarin, Ingwer und Geranie \u00e4therische \u00d6le und reines Traubenkern\u00f6l gemacht.&nbsp;<\/p>","protected":false},"featured_media":4287,"template":"","meta":{"_acf_changed":false,"_price":"30","_stock":"66","_tribe_ticket_header":"","_tribe_default_ticket_provider":"","_tribe_ticket_capacity":"","_ticket_start_date":"","_ticket_end_date":"","_tribe_ticket_show_description":"","_tribe_ticket_show_not_going":false,"_tribe_ticket_use_global_stock":"","_tribe_ticket_global_stock_level":"","_global_stock_mode":"","_global_stock_cap":"","_tribe_rsvp_for_event":"","_tribe_ticket_going_count":"","_tribe_ticket_not_going_count":"","_tribe_tickets_list":"[]","_tribe_ticket_has_attendee_info_fields":false,"_tec_slr_enabled":"","_tec_slr_layout":""},"product_brand":[],"product_cat":[144,142],"product_tag":[],"class_list":{"0":"post-4425","1":"product","2":"type-product","3":"status-publish","4":"has-post-thumbnail","6":"product_cat-massage-oils","7":"product_cat-spa","9":"first","10":"instock","11":"shipping-taxable","12":"purchasable","13":"product-type-simple"},"acf":[],"_links":{"self":[{"href":"https:\/\/emeraldspa.pl\/de\/wp-json\/wp\/v2\/product\/4425","targetHints":{"allow":["GET"]}}],"collection":[{"href":"https:\/\/emeraldspa.pl\/de\/wp-json\/wp\/v2\/product"}],"about":[{"href":"https:\/\/emeraldspa.pl\/de\/wp-json\/wp\/v2\/types\/product"}],"version-history":[{"count":1,"href":"https:\/\/emeraldspa.pl\/de\/wp-json\/wp\/v2\/product\/4425\/revisions"}],"predecessor-version":[{"id":4826,"href":"https:\/\/emeraldspa.pl\/de\/wp-json\/wp\/v2\/product\/4425\/revisions\/4826"}],"wp:featuredmedia":[{"embeddable":true,"href":"https:\/\/emeraldspa.pl\/de\/wp-json\/wp\/v2\/media\/4287"}],"wp:attachment":[{"href":"https:\/\/emeraldspa.pl\/de\/wp-json\/wp\/v2\/media?parent=4425"}],"wp:term":[{"taxonomy":"product_brand","embeddable":true,"href":"https:\/\/emeraldspa.pl\/de\/wp-json\/wp\/v2\/product_brand?post=4425"},{"taxonomy":"product_cat","embeddable":true,"href":"https:\/\/emeraldspa.pl\/de\/wp-json\/wp\/v2\/product_cat?post=4425"},{"taxonomy":"product_tag","embeddable":true,"href":"https:\/\/emeraldspa.pl\/de\/wp-json\/wp\/v2\/product_tag?post=4425"}],"curies":[{"name":"wp","href":"https:\/\/api.w.org\/{rel}","templated":true}]}}