{"id":4420,"date":"2025-10-12T20:59:00","date_gmt":"2025-10-12T18:59:00","guid":{"rendered":"https:\/\/emeraldspa.pl\/spa-shop\/scalp-massage-oil-100ml\/"},"modified":"2025-10-27T17:18:00","modified_gmt":"2025-10-27T16:18:00","slug":"kopfhaut-massageol-100ml","status":"publish","type":"product","link":"https:\/\/emeraldspa.pl\/de\/kurortladen\/kopfhaut-massageol-100ml\/","title":{"rendered":"Massage\u00f6l f\u00fcr die Kopfhaut - 100ml"},"content":{"rendered":"<p><strong>Zutaten:<\/strong> \u00c4therische \u00d6le aus Teebaum und Eukalyptus<br \/>gemischt mit Traubenkern\u00f6l.<\/p>\n<p>Die Massage\u00f6le von Ancient Wisdom sind fachm\u00e4nnisch gemischt. Sie sind nicht nur f\u00fcr eine gro\u00dfartige Massage konzipiert, aber jeder ist mit \u00e4therischen \u00d6len infundiert f\u00fcgen Sie eine zus\u00e4tzliche besondere etwas.<\/p>\n<p><strong>Massage\u00f6l f\u00fcr die Kopfhaut<\/strong> wird zu einer starken Kraft gegen<br \/>Infektionen, Reizungen und Parasiten. &nbsp; &nbsp; &nbsp; &nbsp; &nbsp; &nbsp; &nbsp; &nbsp; &nbsp; &nbsp; &nbsp; &nbsp; &nbsp; &nbsp; &nbsp; &nbsp; &nbsp; &nbsp; &nbsp; &nbsp; &nbsp; &nbsp;&nbsp;<\/p>\n<p>Die Mischung aus Teebaum und Eukalyptus bedeutet, dass dieses \u00d6l fast das gesamte Spektrum von Nissen und L\u00e4usen bis hin zu Pilzinfektionen, Schuppen und fettigem Haar abdeckt.<\/p>\n<p><strong>Allergene&nbsp;<\/strong>:  Limonen.<\/p>","protected":false},"excerpt":{"rendered":"<p><strong>Zutaten:<\/strong> \u00c4therische \u00d6le aus Teebaum und Eukalyptus<br \/>gemischt mit Traubenkern\u00f6l.<\/p>\n<p>Die Massage\u00f6le von Ancient Wisdom sind fachm\u00e4nnisch gemischt. Sie sind nicht nur f\u00fcr eine gro\u00dfartige Massage konzipiert, aber jeder ist mit \u00e4therischen \u00d6len infundiert f\u00fcgen Sie eine zus\u00e4tzliche besondere etwas.<\/p>\n<p><strong>Massage\u00f6l f\u00fcr die Kopfhaut<\/strong> wird zu einer starken Kraft gegen<br \/>Infektionen, Reizungen und Parasiten. &nbsp; &nbsp; &nbsp; &nbsp; &nbsp; &nbsp; &nbsp; &nbsp; &nbsp; &nbsp; &nbsp; &nbsp; &nbsp; &nbsp; &nbsp; &nbsp; &nbsp; &nbsp; &nbsp; &nbsp; &nbsp; &nbsp;&nbsp;<\/p>\n<p>Die Mischung aus Teebaum und Eukalyptus bedeutet, dass dieses \u00d6l fast das gesamte Spektrum von Nissen und L\u00e4usen bis hin zu Pilzinfektionen, Schuppen und fettigem Haar abdeckt.<\/p>\n<p><strong>Allergene&nbsp;<\/strong>:  Limonen.<\/p>","protected":false},"featured_media":4345,"template":"","meta":{"_acf_changed":false,"_price":"40","_stock":"33.000000","_tribe_ticket_header":"","_tribe_default_ticket_provider":"","_tribe_ticket_capacity":"","_ticket_start_date":"","_ticket_end_date":"","_tribe_ticket_show_description":"","_tribe_ticket_show_not_going":false,"_tribe_ticket_use_global_stock":"","_tribe_ticket_global_stock_level":"","_global_stock_mode":"","_global_stock_cap":"","_tribe_rsvp_for_event":"","_tribe_ticket_going_count":"","_tribe_ticket_not_going_count":"","_tribe_tickets_list":"[]","_tribe_ticket_has_attendee_info_fields":false,"_tec_slr_enabled":"","_tec_slr_layout":""},"product_brand":[],"product_cat":[144,142],"product_tag":[],"class_list":{"0":"post-4420","1":"product","2":"type-product","3":"status-publish","4":"has-post-thumbnail","6":"product_cat-massage-oils","7":"product_cat-spa","9":"first","10":"instock","11":"shipping-taxable","12":"purchasable","13":"product-type-simple"},"acf":[],"_links":{"self":[{"href":"https:\/\/emeraldspa.pl\/de\/wp-json\/wp\/v2\/product\/4420","targetHints":{"allow":["GET"]}}],"collection":[{"href":"https:\/\/emeraldspa.pl\/de\/wp-json\/wp\/v2\/product"}],"about":[{"href":"https:\/\/emeraldspa.pl\/de\/wp-json\/wp\/v2\/types\/product"}],"version-history":[{"count":1,"href":"https:\/\/emeraldspa.pl\/de\/wp-json\/wp\/v2\/product\/4420\/revisions"}],"predecessor-version":[{"id":4827,"href":"https:\/\/emeraldspa.pl\/de\/wp-json\/wp\/v2\/product\/4420\/revisions\/4827"}],"wp:featuredmedia":[{"embeddable":true,"href":"https:\/\/emeraldspa.pl\/de\/wp-json\/wp\/v2\/media\/4345"}],"wp:attachment":[{"href":"https:\/\/emeraldspa.pl\/de\/wp-json\/wp\/v2\/media?parent=4420"}],"wp:term":[{"taxonomy":"product_brand","embeddable":true,"href":"https:\/\/emeraldspa.pl\/de\/wp-json\/wp\/v2\/product_brand?post=4420"},{"taxonomy":"product_cat","embeddable":true,"href":"https:\/\/emeraldspa.pl\/de\/wp-json\/wp\/v2\/product_cat?post=4420"},{"taxonomy":"product_tag","embeddable":true,"href":"https:\/\/emeraldspa.pl\/de\/wp-json\/wp\/v2\/product_tag?post=4420"}],"curies":[{"name":"wp","href":"https:\/\/api.w.org\/{rel}","templated":true}]}}