{"id":4402,"date":"2025-10-12T20:58:56","date_gmt":"2025-10-12T18:58:56","guid":{"rendered":"https:\/\/emeraldspa.pl\/spa-shop\/sensual-massage-oil-100ml\/"},"modified":"2026-02-10T14:00:55","modified_gmt":"2026-02-10T13:00:55","slug":"sinnliches-massageol-100ml","status":"publish","type":"product","link":"https:\/\/emeraldspa.pl\/de\/kurortladen\/sinnliches-massageol-100ml\/","title":{"rendered":"Sinnliches Massage\u00f6l - 100ml"},"content":{"rendered":"<p><strong>Stimulieren Sie Ihre Sinne mit diesem herrlich duftenden, feuchtigkeitsspendenden Sensual Massage Oil. <\/strong><\/p>\n<p>Erw\u00e4rmen Sie das \u00d6l zwischen Ihren H\u00e4nden, um sich gegenseitig zu beruhigen und zu verw\u00f6hnen, oder genie\u00dfen Sie es, sich allein zu verw\u00f6hnen.<\/p>\n<p>Hinterl\u00e4sst die Haut gen\u00e4hrt, seidig und perfekt weich. Ihr sinnliches Massage\u00f6l wird mit weltbekannter Ancient Wisdom Qualit\u00e4t hergestellt.<\/p>\n<p>\u00c4therische \u00d6le aus Ylang Ylang, Orange und Patchouli sowie reines Traubenkern\u00f6l. Bestellen Sie jetzt und genie\u00dfen Sie die perfekte Erg\u00e4nzung zu einer sinnlichen Massage.<\/p>","protected":false},"excerpt":{"rendered":"<p><strong>Stimulieren Sie Ihre Sinne mit diesem herrlich duftenden, feuchtigkeitsspendenden Sensual Massage Oil. <\/strong><\/p>\n<p>Erw\u00e4rmen Sie das \u00d6l zwischen Ihren H\u00e4nden, um sich gegenseitig zu beruhigen und zu verw\u00f6hnen, oder genie\u00dfen Sie es, sich allein zu verw\u00f6hnen.<\/p>\n<p>Hinterl\u00e4sst die Haut gen\u00e4hrt, seidig und perfekt weich. Ihr sinnliches Massage\u00f6l wird mit weltbekannter Ancient Wisdom Qualit\u00e4t hergestellt.<\/p>\n<p>\u00c4therische \u00d6le aus Ylang Ylang, Orange und Patchouli sowie reines Traubenkern\u00f6l. Bestellen Sie jetzt und genie\u00dfen Sie die perfekte Erg\u00e4nzung zu einer sinnlichen Massage.<\/p>","protected":false},"featured_media":4278,"template":"","meta":{"_acf_changed":false,"_price":"40","_stock":"151","_tribe_ticket_header":"","_tribe_default_ticket_provider":"","_tribe_ticket_capacity":"","_ticket_start_date":"","_ticket_end_date":"","_tribe_ticket_show_description":"","_tribe_ticket_show_not_going":false,"_tribe_ticket_use_global_stock":"","_tribe_ticket_global_stock_level":"","_global_stock_mode":"","_global_stock_cap":"","_tribe_rsvp_for_event":"","_tribe_ticket_going_count":"","_tribe_ticket_not_going_count":"","_tribe_tickets_list":"[]","_tribe_ticket_has_attendee_info_fields":false,"_tec_slr_enabled":"","_tec_slr_layout":""},"product_brand":[],"product_cat":[144,142],"product_tag":[],"class_list":{"0":"post-4402","1":"product","2":"type-product","3":"status-publish","4":"has-post-thumbnail","6":"product_cat-massage-oils","7":"product_cat-spa","9":"first","10":"instock","11":"shipping-taxable","12":"purchasable","13":"product-type-simple"},"acf":[],"_links":{"self":[{"href":"https:\/\/emeraldspa.pl\/de\/wp-json\/wp\/v2\/product\/4402","targetHints":{"allow":["GET"]}}],"collection":[{"href":"https:\/\/emeraldspa.pl\/de\/wp-json\/wp\/v2\/product"}],"about":[{"href":"https:\/\/emeraldspa.pl\/de\/wp-json\/wp\/v2\/types\/product"}],"version-history":[{"count":1,"href":"https:\/\/emeraldspa.pl\/de\/wp-json\/wp\/v2\/product\/4402\/revisions"}],"predecessor-version":[{"id":4829,"href":"https:\/\/emeraldspa.pl\/de\/wp-json\/wp\/v2\/product\/4402\/revisions\/4829"}],"wp:featuredmedia":[{"embeddable":true,"href":"https:\/\/emeraldspa.pl\/de\/wp-json\/wp\/v2\/media\/4278"}],"wp:attachment":[{"href":"https:\/\/emeraldspa.pl\/de\/wp-json\/wp\/v2\/media?parent=4402"}],"wp:term":[{"taxonomy":"product_brand","embeddable":true,"href":"https:\/\/emeraldspa.pl\/de\/wp-json\/wp\/v2\/product_brand?post=4402"},{"taxonomy":"product_cat","embeddable":true,"href":"https:\/\/emeraldspa.pl\/de\/wp-json\/wp\/v2\/product_cat?post=4402"},{"taxonomy":"product_tag","embeddable":true,"href":"https:\/\/emeraldspa.pl\/de\/wp-json\/wp\/v2\/product_tag?post=4402"}],"curies":[{"name":"wp","href":"https:\/\/api.w.org\/{rel}","templated":true}]}}