{"id":4395,"date":"2025-10-12T20:58:55","date_gmt":"2025-10-12T18:58:55","guid":{"rendered":"https:\/\/emeraldspa.pl\/spa-shop\/peppermint-fresh-massage-oil-100ml\/"},"modified":"2025-10-16T16:34:01","modified_gmt":"2025-10-16T14:34:01","slug":"pfefferminz-frisch-massageol-100ml","status":"publish","type":"product","link":"https:\/\/emeraldspa.pl\/de\/kurortladen\/pfefferminz-frisch-massageol-100ml\/","title":{"rendered":"Pfefferminzfrisches Massage\u00f6l - 100ml"},"content":{"rendered":"<p>Aus Sicht Ihrer Kunden sind Massage\u00f6le sehr sinnvoll, denn jedes einzelne \u00d6l zu kaufen, um es selbst zu mischen, ist teuer und zeitaufwendig.<strong>.<\/strong><\/p>\n<p><strong>Massage\u00f6l Pfefferminz frisch&nbsp;<\/strong>ist mit weltbekannten Ancient Wisdom Qualit\u00e4t Pfefferminze, Teebaum und Eucaliptus \u00e4therische \u00d6le und reines Traubenkern\u00f6l hergestellt.<\/p>\n<p>Diese Massage\u00f6le sind in Traubenkern\u00f6l gemischt. Sie k\u00f6nnen sogar ein paar Tropfen in das Bad geben.<\/p>","protected":false},"excerpt":{"rendered":"<p>Aus Sicht Ihrer Kunden sind Massage\u00f6le sehr sinnvoll, denn jedes einzelne \u00d6l zu kaufen, um es selbst zu mischen, ist teuer und zeitaufwendig.<strong>.<\/strong><\/p>\n<p><strong>Massage\u00f6l Pfefferminz frisch&nbsp;<\/strong>ist mit weltbekannten Ancient Wisdom Qualit\u00e4t Pfefferminze, Teebaum und Eucaliptus \u00e4therische \u00d6le und reines Traubenkern\u00f6l hergestellt.<\/p>\n<p>Diese Massage\u00f6le sind in Traubenkern\u00f6l gemischt. Sie k\u00f6nnen sogar ein paar Tropfen in das Bad geben.<\/p>","protected":false},"featured_media":4286,"template":"","meta":{"_acf_changed":false,"_price":"40","_stock":"47.000000","_tribe_ticket_header":"","_tribe_default_ticket_provider":"","_tribe_ticket_capacity":"","_ticket_start_date":"","_ticket_end_date":"","_tribe_ticket_show_description":"","_tribe_ticket_show_not_going":false,"_tribe_ticket_use_global_stock":"","_tribe_ticket_global_stock_level":"","_global_stock_mode":"","_global_stock_cap":"","_tribe_rsvp_for_event":"","_tribe_ticket_going_count":"","_tribe_ticket_not_going_count":"","_tribe_tickets_list":"[]","_tribe_ticket_has_attendee_info_fields":false,"_tec_slr_enabled":"","_tec_slr_layout":""},"product_brand":[],"product_cat":[144,142],"product_tag":[],"class_list":{"0":"post-4395","1":"product","2":"type-product","3":"status-publish","4":"has-post-thumbnail","6":"product_cat-massage-oils","7":"product_cat-spa","9":"first","10":"instock","11":"shipping-taxable","12":"purchasable","13":"product-type-simple"},"acf":[],"_links":{"self":[{"href":"https:\/\/emeraldspa.pl\/de\/wp-json\/wp\/v2\/product\/4395","targetHints":{"allow":["GET"]}}],"collection":[{"href":"https:\/\/emeraldspa.pl\/de\/wp-json\/wp\/v2\/product"}],"about":[{"href":"https:\/\/emeraldspa.pl\/de\/wp-json\/wp\/v2\/types\/product"}],"version-history":[{"count":1,"href":"https:\/\/emeraldspa.pl\/de\/wp-json\/wp\/v2\/product\/4395\/revisions"}],"predecessor-version":[{"id":4831,"href":"https:\/\/emeraldspa.pl\/de\/wp-json\/wp\/v2\/product\/4395\/revisions\/4831"}],"wp:featuredmedia":[{"embeddable":true,"href":"https:\/\/emeraldspa.pl\/de\/wp-json\/wp\/v2\/media\/4286"}],"wp:attachment":[{"href":"https:\/\/emeraldspa.pl\/de\/wp-json\/wp\/v2\/media?parent=4395"}],"wp:term":[{"taxonomy":"product_brand","embeddable":true,"href":"https:\/\/emeraldspa.pl\/de\/wp-json\/wp\/v2\/product_brand?post=4395"},{"taxonomy":"product_cat","embeddable":true,"href":"https:\/\/emeraldspa.pl\/de\/wp-json\/wp\/v2\/product_cat?post=4395"},{"taxonomy":"product_tag","embeddable":true,"href":"https:\/\/emeraldspa.pl\/de\/wp-json\/wp\/v2\/product_tag?post=4395"}],"curies":[{"name":"wp","href":"https:\/\/api.w.org\/{rel}","templated":true}]}}