{"id":4373,"date":"2025-10-12T20:58:51","date_gmt":"2025-10-12T18:58:51","guid":{"rendered":"https:\/\/emeraldspa.pl\/spa-shop\/pot-concrete-soy-candle-black-brandy-butter\/"},"modified":"2025-10-27T17:18:01","modified_gmt":"2025-10-27T16:18:01","slug":"topf-beton-sojakerze-schwarz-brandy-butter","status":"publish","type":"product","link":"https:\/\/emeraldspa.pl\/de\/kurortladen\/topf-beton-sojakerze-schwarz-brandy-butter\/","title":{"rendered":"Pot Concrete Sojakerze - Schwarz - Brandy Butter"},"content":{"rendered":"<p>Diese wundersch\u00f6ne und einzigartige Wooden Wick Concrete Candle geh\u00f6rt zu unseren Favoriten. Sie haben eine nat\u00fcrliche und rohe Erscheinung, die ein leichtes und liebevolles Gef\u00fchl gibt...<\/p>\n<p>Die Unterseite ist mit Filzpolstern versehen, um das Zerkratzen von Oberfl\u00e4chen zu verhindern. Der nat\u00fcrliche Holzdocht erzeugt das beruhigende Ger\u00e4usch eines knisternden Feuers! Das Design des Betontopfes erm\u00f6glicht es, ihn nach dem Verbrennen der Kerze wiederzuverwenden und ihn in Ihre Einrichtung zu integrieren, z. B. als Blumentopf. &nbsp;<\/p>\n<p>Das Gute an der Verwendung eines Materials wie Beton ist, dass jedes St\u00fcck ein Unikat mit seinen eigenen Anomalien und Eigenheiten ist. Es ist auch ein perfektes Geschenk f\u00fcr den Valentinstag, f\u00fcr eine Hochzeit oder als Tischdekoration.<\/p>","protected":false},"excerpt":{"rendered":"<p>Diese wundersch\u00f6ne und einzigartige Wooden Wick Concrete Candle geh\u00f6rt zu unseren Favoriten. Sie haben eine nat\u00fcrliche und rohe Erscheinung, die ein leichtes und liebevolles Gef\u00fchl gibt...<\/p>\n<p>Die Unterseite ist mit Filzpolstern versehen, um das Zerkratzen von Oberfl\u00e4chen zu verhindern. Der nat\u00fcrliche Holzdocht erzeugt das beruhigende Ger\u00e4usch eines knisternden Feuers! Das Design des Betontopfes erm\u00f6glicht es, ihn nach dem Verbrennen der Kerze wiederzuverwenden und ihn in Ihre Einrichtung zu integrieren, z. B. als Blumentopf. &nbsp;<\/p>\n<p>Das Gute an der Verwendung eines Materials wie Beton ist, dass jedes St\u00fcck ein Unikat mit seinen eigenen Anomalien und Eigenheiten ist. Es ist auch ein perfektes Geschenk f\u00fcr den Valentinstag, f\u00fcr eine Hochzeit oder als Tischdekoration.<\/p>","protected":false},"featured_media":4246,"template":"","meta":{"_acf_changed":false,"_price":"60","_stock":"273.000000","_tribe_ticket_header":"","_tribe_default_ticket_provider":"","_tribe_ticket_capacity":"","_ticket_start_date":"","_ticket_end_date":"","_tribe_ticket_show_description":"","_tribe_ticket_show_not_going":false,"_tribe_ticket_use_global_stock":"","_tribe_ticket_global_stock_level":"","_global_stock_mode":"","_global_stock_cap":"","_tribe_rsvp_for_event":"","_tribe_ticket_going_count":"","_tribe_ticket_not_going_count":"","_tribe_tickets_list":"[]","_tribe_ticket_has_attendee_info_fields":false,"_tec_slr_enabled":"","_tec_slr_layout":""},"product_brand":[],"product_cat":[137],"product_tag":[],"class_list":{"0":"post-4373","1":"product","2":"type-product","3":"status-publish","4":"has-post-thumbnail","6":"product_cat-candles","8":"first","9":"instock","10":"shipping-taxable","11":"purchasable","12":"product-type-simple"},"acf":[],"_links":{"self":[{"href":"https:\/\/emeraldspa.pl\/de\/wp-json\/wp\/v2\/product\/4373","targetHints":{"allow":["GET"]}}],"collection":[{"href":"https:\/\/emeraldspa.pl\/de\/wp-json\/wp\/v2\/product"}],"about":[{"href":"https:\/\/emeraldspa.pl\/de\/wp-json\/wp\/v2\/types\/product"}],"version-history":[{"count":1,"href":"https:\/\/emeraldspa.pl\/de\/wp-json\/wp\/v2\/product\/4373\/revisions"}],"predecessor-version":[{"id":4818,"href":"https:\/\/emeraldspa.pl\/de\/wp-json\/wp\/v2\/product\/4373\/revisions\/4818"}],"wp:featuredmedia":[{"embeddable":true,"href":"https:\/\/emeraldspa.pl\/de\/wp-json\/wp\/v2\/media\/4246"}],"wp:attachment":[{"href":"https:\/\/emeraldspa.pl\/de\/wp-json\/wp\/v2\/media?parent=4373"}],"wp:term":[{"taxonomy":"product_brand","embeddable":true,"href":"https:\/\/emeraldspa.pl\/de\/wp-json\/wp\/v2\/product_brand?post=4373"},{"taxonomy":"product_cat","embeddable":true,"href":"https:\/\/emeraldspa.pl\/de\/wp-json\/wp\/v2\/product_cat?post=4373"},{"taxonomy":"product_tag","embeddable":true,"href":"https:\/\/emeraldspa.pl\/de\/wp-json\/wp\/v2\/product_tag?post=4373"}],"curies":[{"name":"wp","href":"https:\/\/api.w.org\/{rel}","templated":true}]}}