{"id":4370,"date":"2025-10-12T20:58:50","date_gmt":"2025-10-12T18:58:50","guid":{"rendered":"https:\/\/emeraldspa.pl\/spa-shop\/nag-champa-massage-oil-50ml\/"},"modified":"2026-01-27T10:13:34","modified_gmt":"2026-01-27T09:13:34","slug":"nag-champa-massageol-50ml","status":"publish","type":"product","link":"https:\/\/emeraldspa.pl\/de\/kurortladen\/nag-champa-massageol-50ml\/","title":{"rendered":"Nag Champa Massage\u00f6l - 50ml"},"content":{"rendered":"<p><strong>Zutaten:&nbsp;<\/strong>Nag Champa Parf\u00fcm\u00f6l gemischt mit Traubenkern\u00f6l.<\/p>\n<p><strong>Ancient Wisdom Massage\u00f6le<\/strong> sind fachm\u00e4nnisch gemischt. Sie sind nicht nur f\u00fcr eine gro\u00dfartige Massage konzipiert, sondern jedes einzelne ist mit \u00e4therischen \u00d6len versetzt, die f\u00fcr das gewisse Extra sorgen.<\/p>\n<p><strong>Nag Champa Massage\u00f6l<\/strong> ist mit dem legend\u00e4ren Nag Champa-Duft vermischt. Das berauschende Aroma von Nag Champa sorgt f\u00fcr ein entspannendes, sinnliches Massageerlebnis.<\/p>\n<p><strong>Allergene&nbsp;<\/strong>: Hexyl Cinnamal, Benzyl Salicylate und Citronellol.<\/p>","protected":false},"excerpt":{"rendered":"<p><strong>Zutaten:&nbsp;<\/strong>Nag Champa Parf\u00fcm\u00f6l gemischt mit Traubenkern\u00f6l.<\/p>\n<p><strong>Ancient Wisdom Massage\u00f6le<\/strong> sind fachm\u00e4nnisch gemischt. Sie sind nicht nur f\u00fcr eine gro\u00dfartige Massage konzipiert, sondern jedes einzelne ist mit \u00e4therischen \u00d6len versetzt, die f\u00fcr das gewisse Extra sorgen.<\/p>\n<p><strong>Nag Champa Massage\u00f6l<\/strong> ist mit dem legend\u00e4ren Nag Champa-Duft vermischt. Das berauschende Aroma von Nag Champa sorgt f\u00fcr ein entspannendes, sinnliches Massageerlebnis.<\/p>\n<p><strong>Allergene&nbsp;<\/strong>: Hexyl Cinnamal, Benzyl Salicylate und Citronellol.<\/p>","protected":false},"featured_media":4255,"template":"","meta":{"_acf_changed":false,"_price":"30","_stock":"0","_tribe_ticket_header":"","_tribe_default_ticket_provider":"","_tribe_ticket_capacity":"","_ticket_start_date":"","_ticket_end_date":"","_tribe_ticket_show_description":"","_tribe_ticket_show_not_going":false,"_tribe_ticket_use_global_stock":"","_tribe_ticket_global_stock_level":"","_global_stock_mode":"","_global_stock_cap":"","_tribe_rsvp_for_event":"","_tribe_ticket_going_count":"","_tribe_ticket_not_going_count":"","_tribe_tickets_list":"[]","_tribe_ticket_has_attendee_info_fields":false,"_tec_slr_enabled":"","_tec_slr_layout":""},"product_brand":[],"product_cat":[144,142],"product_tag":[],"class_list":{"0":"post-4370","1":"product","2":"type-product","3":"status-publish","4":"has-post-thumbnail","6":"product_cat-massage-oils","7":"product_cat-spa","9":"first","10":"outofstock","11":"shipping-taxable","12":"purchasable","13":"product-type-simple"},"acf":[],"_links":{"self":[{"href":"https:\/\/emeraldspa.pl\/de\/wp-json\/wp\/v2\/product\/4370","targetHints":{"allow":["GET"]}}],"collection":[{"href":"https:\/\/emeraldspa.pl\/de\/wp-json\/wp\/v2\/product"}],"about":[{"href":"https:\/\/emeraldspa.pl\/de\/wp-json\/wp\/v2\/types\/product"}],"version-history":[{"count":1,"href":"https:\/\/emeraldspa.pl\/de\/wp-json\/wp\/v2\/product\/4370\/revisions"}],"predecessor-version":[{"id":4833,"href":"https:\/\/emeraldspa.pl\/de\/wp-json\/wp\/v2\/product\/4370\/revisions\/4833"}],"wp:featuredmedia":[{"embeddable":true,"href":"https:\/\/emeraldspa.pl\/de\/wp-json\/wp\/v2\/media\/4255"}],"wp:attachment":[{"href":"https:\/\/emeraldspa.pl\/de\/wp-json\/wp\/v2\/media?parent=4370"}],"wp:term":[{"taxonomy":"product_brand","embeddable":true,"href":"https:\/\/emeraldspa.pl\/de\/wp-json\/wp\/v2\/product_brand?post=4370"},{"taxonomy":"product_cat","embeddable":true,"href":"https:\/\/emeraldspa.pl\/de\/wp-json\/wp\/v2\/product_cat?post=4370"},{"taxonomy":"product_tag","embeddable":true,"href":"https:\/\/emeraldspa.pl\/de\/wp-json\/wp\/v2\/product_tag?post=4370"}],"curies":[{"name":"wp","href":"https:\/\/api.w.org\/{rel}","templated":true}]}}