{"id":4368,"date":"2025-10-12T20:58:50","date_gmt":"2025-10-12T18:58:50","guid":{"rendered":"https:\/\/emeraldspa.pl\/spa-shop\/spicy-rub-massage-oil-50ml\/"},"modified":"2026-01-05T04:30:19","modified_gmt":"2026-01-05T03:30:19","slug":"gewurzmassageol-50ml","status":"publish","type":"product","link":"https:\/\/emeraldspa.pl\/de\/kurortladen\/gewurzmassageol-50ml\/","title":{"rendered":"Spicy Rub Massage\u00f6l - 50ml"},"content":{"rendered":"<p><strong>Zutaten:<\/strong> \u00c4therische \u00d6le aus Zitrone, Rosmarin, Ingwer und Schwarzem Pfeffer, gemischt mit Traubenkern\u00f6l.<\/p>\n<p><strong>Ancient Wisdom Massage\u00f6le&nbsp;<\/strong>sind fachm\u00e4nnisch gemischt. Sie sind nicht nur f\u00fcr eine gro\u00dfartige Massage konzipiert, sondern jedes einzelne ist mit \u00e4therischen \u00d6len versetzt, die f\u00fcr das gewisse Extra sorgen.<\/p>\n<p><strong>Spicy Rub Massage Oi<\/strong>Ich habe mich zu einem aufregenden und<br \/>energetisierende Massageerfahrung. Die Kombination der \u00d6le stimuliert<br \/>die Sinne und auch die Haut. Diese Mischung hat auch eine w\u00e4rmende Wirkung auf die Haut.<\/p>\n<p><strong>Allergene :<\/strong> Limonen, Geraniol, Linalool und Citral.<\/p>","protected":false},"excerpt":{"rendered":"<p><strong>Zutaten:<\/strong> \u00c4therische \u00d6le aus Zitrone, Rosmarin, Ingwer und Schwarzem Pfeffer, gemischt mit Traubenkern\u00f6l.<\/p>\n<p><strong>Ancient Wisdom Massage\u00f6le&nbsp;<\/strong>sind fachm\u00e4nnisch gemischt. Sie sind nicht nur f\u00fcr eine gro\u00dfartige Massage konzipiert, sondern jedes einzelne ist mit \u00e4therischen \u00d6len versetzt, die f\u00fcr das gewisse Extra sorgen.<\/p>\n<p><strong>Spicy Rub Massage Oi<\/strong>Ich habe mich zu einem aufregenden und<br \/>energetisierende Massageerfahrung. Die Kombination der \u00d6le stimuliert<br \/>die Sinne und auch die Haut. Diese Mischung hat auch eine w\u00e4rmende Wirkung auf die Haut.<\/p>\n<p><strong>Allergene :<\/strong> Limonen, Geraniol, Linalool und Citral.<\/p>","protected":false},"featured_media":4254,"template":"","meta":{"_acf_changed":false,"_price":"30","_stock":"0","_tribe_ticket_header":"","_tribe_default_ticket_provider":"","_tribe_ticket_capacity":"","_ticket_start_date":"","_ticket_end_date":"","_tribe_ticket_show_description":"","_tribe_ticket_show_not_going":false,"_tribe_ticket_use_global_stock":"","_tribe_ticket_global_stock_level":"","_global_stock_mode":"","_global_stock_cap":"","_tribe_rsvp_for_event":"","_tribe_ticket_going_count":"","_tribe_ticket_not_going_count":"","_tribe_tickets_list":"[]","_tribe_ticket_has_attendee_info_fields":false,"_tec_slr_enabled":"","_tec_slr_layout":""},"product_brand":[],"product_cat":[144,142],"product_tag":[],"class_list":{"0":"post-4368","1":"product","2":"type-product","3":"status-publish","4":"has-post-thumbnail","6":"product_cat-massage-oils","7":"product_cat-spa","9":"first","10":"outofstock","11":"shipping-taxable","12":"purchasable","13":"product-type-simple"},"acf":[],"_links":{"self":[{"href":"https:\/\/emeraldspa.pl\/de\/wp-json\/wp\/v2\/product\/4368","targetHints":{"allow":["GET"]}}],"collection":[{"href":"https:\/\/emeraldspa.pl\/de\/wp-json\/wp\/v2\/product"}],"about":[{"href":"https:\/\/emeraldspa.pl\/de\/wp-json\/wp\/v2\/types\/product"}],"version-history":[{"count":1,"href":"https:\/\/emeraldspa.pl\/de\/wp-json\/wp\/v2\/product\/4368\/revisions"}],"predecessor-version":[{"id":4834,"href":"https:\/\/emeraldspa.pl\/de\/wp-json\/wp\/v2\/product\/4368\/revisions\/4834"}],"wp:featuredmedia":[{"embeddable":true,"href":"https:\/\/emeraldspa.pl\/de\/wp-json\/wp\/v2\/media\/4254"}],"wp:attachment":[{"href":"https:\/\/emeraldspa.pl\/de\/wp-json\/wp\/v2\/media?parent=4368"}],"wp:term":[{"taxonomy":"product_brand","embeddable":true,"href":"https:\/\/emeraldspa.pl\/de\/wp-json\/wp\/v2\/product_brand?post=4368"},{"taxonomy":"product_cat","embeddable":true,"href":"https:\/\/emeraldspa.pl\/de\/wp-json\/wp\/v2\/product_cat?post=4368"},{"taxonomy":"product_tag","embeddable":true,"href":"https:\/\/emeraldspa.pl\/de\/wp-json\/wp\/v2\/product_tag?post=4368"}],"curies":[{"name":"wp","href":"https:\/\/api.w.org\/{rel}","templated":true}]}}