{"id":4354,"date":"2025-10-12T20:58:47","date_gmt":"2025-10-12T18:58:47","guid":{"rendered":"https:\/\/emeraldspa.pl\/spa-shop\/felted-mushroom-hat-rush-to-the-head-red\/"},"modified":"2025-10-27T17:18:01","modified_gmt":"2025-10-27T16:18:01","slug":"filzhut-mit-pilzmuster-rot","status":"publish","type":"product","link":"https:\/\/emeraldspa.pl\/de\/kurortladen\/filzhut-mit-pilzmuster-rot\/","title":{"rendered":"Gefilzte Pilzm\u00fctze - Rush To The Head Rot"},"content":{"rendered":"<p>Leuchtend, auff\u00e4llig und mit Sorgfalt handgefertigt \u2013 diese gefilzten Pilzh\u00fcte sind ein garantierter Gespr\u00e4chsaufh\u00e4nger.&nbsp;<\/p>\n<p>Jeder Hut wird von erfahrenen nepalesischen Handwerkern hergestellt, die traditionelle Filztechniken mit reiner Wolle anwenden und jede Rundung von Hand formen. Der Pilz-Look ist in Mode und Lifestyle beliebter denn je, und die feurige Version \u201eRush To The Head Red\u201c setzt ein echtes Statement zu diesem Trend.<\/p>\n<p>Perfekt f\u00fcr Festivalh\u00e4ndler, ausgefallene L\u00e4den und farbenfrohe Boutiquen.<\/p>\n<p><strong>Ungef\u00e4hre Gr\u00f6\u00dfe: 38\u00d730 cm.<\/strong><\/p>","protected":false},"excerpt":{"rendered":"<p>Leuchtend, auff\u00e4llig und mit Sorgfalt handgefertigt \u2013 diese gefilzten Pilzh\u00fcte sind ein garantierter Gespr\u00e4chsaufh\u00e4nger.&nbsp;<\/p>\n<p>Jeder Hut wird von erfahrenen nepalesischen Handwerkern hergestellt, die traditionelle Filztechniken mit reiner Wolle anwenden und jede Rundung von Hand formen. Der Pilz-Look ist in Mode und Lifestyle beliebter denn je, und die feurige Version \u201eRush To The Head Red\u201c setzt ein echtes Statement zu diesem Trend.<\/p>\n<p>Perfekt f\u00fcr Festivalh\u00e4ndler, ausgefallene L\u00e4den und farbenfrohe Boutiquen.<\/p>\n<p><strong>Ungef\u00e4hre Gr\u00f6\u00dfe: 38\u00d730 cm.<\/strong><\/p>","protected":false},"featured_media":4252,"template":"","meta":{"_acf_changed":false,"_price":"170","_stock":"93.000000","_tribe_ticket_header":"","_tribe_default_ticket_provider":"","_tribe_ticket_capacity":"","_ticket_start_date":"","_ticket_end_date":"","_tribe_ticket_show_description":"","_tribe_ticket_show_not_going":false,"_tribe_ticket_use_global_stock":"","_tribe_ticket_global_stock_level":"","_global_stock_mode":"","_global_stock_cap":"","_tribe_rsvp_for_event":"","_tribe_ticket_going_count":"","_tribe_ticket_not_going_count":"","_tribe_tickets_list":"[]","_tribe_ticket_has_attendee_info_fields":false,"_tec_slr_enabled":"","_tec_slr_layout":""},"product_brand":[],"product_cat":[109],"product_tag":[],"class_list":{"0":"post-4354","1":"product","2":"type-product","3":"status-publish","4":"has-post-thumbnail","6":"product_cat-face-care","8":"first","9":"instock","10":"shipping-taxable","11":"purchasable","12":"product-type-simple"},"acf":[],"_links":{"self":[{"href":"https:\/\/emeraldspa.pl\/de\/wp-json\/wp\/v2\/product\/4354","targetHints":{"allow":["GET"]}}],"collection":[{"href":"https:\/\/emeraldspa.pl\/de\/wp-json\/wp\/v2\/product"}],"about":[{"href":"https:\/\/emeraldspa.pl\/de\/wp-json\/wp\/v2\/types\/product"}],"version-history":[{"count":1,"href":"https:\/\/emeraldspa.pl\/de\/wp-json\/wp\/v2\/product\/4354\/revisions"}],"predecessor-version":[{"id":5237,"href":"https:\/\/emeraldspa.pl\/de\/wp-json\/wp\/v2\/product\/4354\/revisions\/5237"}],"wp:featuredmedia":[{"embeddable":true,"href":"https:\/\/emeraldspa.pl\/de\/wp-json\/wp\/v2\/media\/4252"}],"wp:attachment":[{"href":"https:\/\/emeraldspa.pl\/de\/wp-json\/wp\/v2\/media?parent=4354"}],"wp:term":[{"taxonomy":"product_brand","embeddable":true,"href":"https:\/\/emeraldspa.pl\/de\/wp-json\/wp\/v2\/product_brand?post=4354"},{"taxonomy":"product_cat","embeddable":true,"href":"https:\/\/emeraldspa.pl\/de\/wp-json\/wp\/v2\/product_cat?post=4354"},{"taxonomy":"product_tag","embeddable":true,"href":"https:\/\/emeraldspa.pl\/de\/wp-json\/wp\/v2\/product_tag?post=4354"}],"curies":[{"name":"wp","href":"https:\/\/api.w.org\/{rel}","templated":true}]}}