{"id":4352,"date":"2025-10-12T20:58:47","date_gmt":"2025-10-12T18:58:47","guid":{"rendered":"https:\/\/emeraldspa.pl\/spa-shop\/relaxing-massage-oil-100ml\/"},"modified":"2026-02-06T15:23:59","modified_gmt":"2026-02-06T14:23:59","slug":"entspannungsmassageol-100ml","status":"publish","type":"product","link":"https:\/\/emeraldspa.pl\/de\/kurortladen\/entspannungsmassageol-100ml\/","title":{"rendered":"Entspannendes Massage\u00f6l - 100ml"},"content":{"rendered":"<p><strong>Stimulieren Sie Ihre Sinne mit diesem herrlich duftenden, feuchtigkeitsspendenden Relaxing Massage Oil.<\/strong><\/p>\n<p>Erw\u00e4rmen Sie das \u00d6l zwischen Ihren H\u00e4nden, um sich gegenseitig zu beruhigen und zu verw\u00f6hnen, oder genie\u00dfen Sie es, sich allein zu verw\u00f6hnen.<\/p>\n<p>Hinterl\u00e4sst die Haut gen\u00e4hrt, seidig und perfekt weich. Ihr sinnliches Massage\u00f6l wird mit weltbekannter Ancient Wisdom Qualit\u00e4t hergestellt.<\/p>\n<p>Diese Mischung aus hochwertigen \u00e4therischen \u00d6len aus Lavendel, Fenchel, Pfefferminze und Kamille hilft nicht nur zu entspannen, sondern auch, besser zu schlafen und mehr Energie zu tanken.<\/p>","protected":false},"excerpt":{"rendered":"<p><strong>Stimulieren Sie Ihre Sinne mit diesem herrlich duftenden, feuchtigkeitsspendenden Relaxing Massage Oil.<\/strong><\/p>\n<p>Erw\u00e4rmen Sie das \u00d6l zwischen Ihren H\u00e4nden, um sich gegenseitig zu beruhigen und zu verw\u00f6hnen, oder genie\u00dfen Sie es, sich allein zu verw\u00f6hnen.<\/p>\n<p>Hinterl\u00e4sst die Haut gen\u00e4hrt, seidig und perfekt weich. Ihr sinnliches Massage\u00f6l wird mit weltbekannter Ancient Wisdom Qualit\u00e4t hergestellt.<\/p>\n<p>Diese Mischung aus hochwertigen \u00e4therischen \u00d6len aus Lavendel, Fenchel, Pfefferminze und Kamille hilft nicht nur zu entspannen, sondern auch, besser zu schlafen und mehr Energie zu tanken.<\/p>","protected":false},"featured_media":4260,"template":"","meta":{"_acf_changed":false,"_price":"40","_stock":"157","_tribe_ticket_header":"","_tribe_default_ticket_provider":"","_tribe_ticket_capacity":"","_ticket_start_date":"","_ticket_end_date":"","_tribe_ticket_show_description":"","_tribe_ticket_show_not_going":false,"_tribe_ticket_use_global_stock":"","_tribe_ticket_global_stock_level":"","_global_stock_mode":"","_global_stock_cap":"","_tribe_rsvp_for_event":"","_tribe_ticket_going_count":"","_tribe_ticket_not_going_count":"","_tribe_tickets_list":"[]","_tribe_ticket_has_attendee_info_fields":false,"_tec_slr_enabled":"","_tec_slr_layout":""},"product_brand":[],"product_cat":[144,142],"product_tag":[],"class_list":{"0":"post-4352","1":"product","2":"type-product","3":"status-publish","4":"has-post-thumbnail","6":"product_cat-massage-oils","7":"product_cat-spa","9":"first","10":"instock","11":"shipping-taxable","12":"purchasable","13":"product-type-simple"},"acf":[],"_links":{"self":[{"href":"https:\/\/emeraldspa.pl\/de\/wp-json\/wp\/v2\/product\/4352","targetHints":{"allow":["GET"]}}],"collection":[{"href":"https:\/\/emeraldspa.pl\/de\/wp-json\/wp\/v2\/product"}],"about":[{"href":"https:\/\/emeraldspa.pl\/de\/wp-json\/wp\/v2\/types\/product"}],"version-history":[{"count":1,"href":"https:\/\/emeraldspa.pl\/de\/wp-json\/wp\/v2\/product\/4352\/revisions"}],"predecessor-version":[{"id":4836,"href":"https:\/\/emeraldspa.pl\/de\/wp-json\/wp\/v2\/product\/4352\/revisions\/4836"}],"wp:featuredmedia":[{"embeddable":true,"href":"https:\/\/emeraldspa.pl\/de\/wp-json\/wp\/v2\/media\/4260"}],"wp:attachment":[{"href":"https:\/\/emeraldspa.pl\/de\/wp-json\/wp\/v2\/media?parent=4352"}],"wp:term":[{"taxonomy":"product_brand","embeddable":true,"href":"https:\/\/emeraldspa.pl\/de\/wp-json\/wp\/v2\/product_brand?post=4352"},{"taxonomy":"product_cat","embeddable":true,"href":"https:\/\/emeraldspa.pl\/de\/wp-json\/wp\/v2\/product_cat?post=4352"},{"taxonomy":"product_tag","embeddable":true,"href":"https:\/\/emeraldspa.pl\/de\/wp-json\/wp\/v2\/product_tag?post=4352"}],"curies":[{"name":"wp","href":"https:\/\/api.w.org\/{rel}","templated":true}]}}