{"id":4136,"date":"2025-10-12T20:44:24","date_gmt":"2025-10-12T18:44:24","guid":{"rendered":"https:\/\/emeraldspa.pl\/spa-shop\/aromatherapy-soy-candle-200g-aphrodisiac\/"},"modified":"2025-10-27T17:18:02","modified_gmt":"2025-10-27T16:18:02","slug":"aromatherapie-sojakerze-200g-aphrodisiakum","status":"publish","type":"product","link":"https:\/\/emeraldspa.pl\/de\/kurortladen\/aromatherapie-sojakerze-200g-aphrodisiakum\/","title":{"rendered":"Aromatherapie Soja-Kerze 200g - Aphrodisiakum"},"content":{"rendered":"<p>Hergestellt mit <strong>100% reines \u00e4therisches \u00d6l aus Ylang Ylang und Patchouli&nbsp;<\/strong>\/ 200g Sojawachs \/ 40h Brenndauer.<\/p>\n<p>Unser neues <strong>Aromatherapie Kerze - Aphrodisiakum<\/strong> werden mit reinen \u00e4therischen \u00d6len und nat\u00fcrlichem Sojawachs hergestellt, um Ihre Kunden zu verzaubern und zu erfreuen. Nicht mehr und nicht weniger... so nat\u00fcrlich, so rein, so vegan \ud83d\ude42<\/p>\n<p>Kombinationen aus reinen \u00d6len, die alle gut zusammenarbeiten, um klares Denken, Entspannung, Energie, Gl\u00fcck und vieles mehr zu stimulieren. Langsam und zart steigt das Aroma beim Abbrennen der Kerze auf und erf\u00fcllt jeden Raum mit einem wahrhaft aromatherapeutischen Duft. &nbsp;<\/p>","protected":false},"excerpt":{"rendered":"<p>Hergestellt mit <strong>100% reines \u00e4therisches \u00d6l aus Ylang Ylang und Patchouli&nbsp;<\/strong>\/ 200g Sojawachs \/ 40h Brenndauer.<\/p>\n<p>Unser neues <strong>Aromatherapie Kerze - Aphrodisiakum<\/strong> werden mit reinen \u00e4therischen \u00d6len und nat\u00fcrlichem Sojawachs hergestellt, um Ihre Kunden zu verzaubern und zu erfreuen. Nicht mehr und nicht weniger... so nat\u00fcrlich, so rein, so vegan \ud83d\ude42<\/p>\n<p>Kombinationen aus reinen \u00d6len, die alle gut zusammenarbeiten, um klares Denken, Entspannung, Energie, Gl\u00fcck und vieles mehr zu stimulieren. Langsam und zart steigt das Aroma beim Abbrennen der Kerze auf und erf\u00fcllt jeden Raum mit einem wahrhaft aromatherapeutischen Duft. &nbsp;<\/p>","protected":false},"featured_media":4089,"template":"","meta":{"_acf_changed":false,"_price":"60","_stock":"106","_tribe_ticket_header":"","_tribe_default_ticket_provider":"","_tribe_ticket_capacity":"","_ticket_start_date":"","_ticket_end_date":"","_tribe_ticket_show_description":"","_tribe_ticket_show_not_going":false,"_tribe_ticket_use_global_stock":"","_tribe_ticket_global_stock_level":"","_global_stock_mode":"","_global_stock_cap":"","_tribe_rsvp_for_event":"","_tribe_ticket_going_count":"","_tribe_ticket_not_going_count":"","_tribe_tickets_list":"[]","_tribe_ticket_has_attendee_info_fields":false,"_tec_slr_enabled":"","_tec_slr_layout":""},"product_brand":[],"product_cat":[137,142],"product_tag":[],"class_list":{"0":"post-4136","1":"product","2":"type-product","3":"status-publish","4":"has-post-thumbnail","6":"product_cat-candles","7":"product_cat-spa","9":"first","10":"instock","11":"shipping-taxable","12":"purchasable","13":"product-type-simple"},"acf":[],"_links":{"self":[{"href":"https:\/\/emeraldspa.pl\/de\/wp-json\/wp\/v2\/product\/4136","targetHints":{"allow":["GET"]}}],"collection":[{"href":"https:\/\/emeraldspa.pl\/de\/wp-json\/wp\/v2\/product"}],"about":[{"href":"https:\/\/emeraldspa.pl\/de\/wp-json\/wp\/v2\/types\/product"}],"version-history":[{"count":1,"href":"https:\/\/emeraldspa.pl\/de\/wp-json\/wp\/v2\/product\/4136\/revisions"}],"predecessor-version":[{"id":4243,"href":"https:\/\/emeraldspa.pl\/de\/wp-json\/wp\/v2\/product\/4136\/revisions\/4243"}],"wp:featuredmedia":[{"embeddable":true,"href":"https:\/\/emeraldspa.pl\/de\/wp-json\/wp\/v2\/media\/4089"}],"wp:attachment":[{"href":"https:\/\/emeraldspa.pl\/de\/wp-json\/wp\/v2\/media?parent=4136"}],"wp:term":[{"taxonomy":"product_brand","embeddable":true,"href":"https:\/\/emeraldspa.pl\/de\/wp-json\/wp\/v2\/product_brand?post=4136"},{"taxonomy":"product_cat","embeddable":true,"href":"https:\/\/emeraldspa.pl\/de\/wp-json\/wp\/v2\/product_cat?post=4136"},{"taxonomy":"product_tag","embeddable":true,"href":"https:\/\/emeraldspa.pl\/de\/wp-json\/wp\/v2\/product_tag?post=4136"}],"curies":[{"name":"wp","href":"https:\/\/api.w.org\/{rel}","templated":true}]}}