{"id":4073,"date":"2025-10-12T19:36:54","date_gmt":"2025-10-12T17:36:54","guid":{"rendered":"https:\/\/emeraldspa.pl\/?post_type=product&#038;p=4073"},"modified":"2025-10-27T17:18:03","modified_gmt":"2025-10-27T16:18:03","slug":"alles-gute-zum-geburtstag-spa-karte","status":"publish","type":"product","link":"https:\/\/emeraldspa.pl\/de\/kurortladen\/alles-gute-zum-geburtstag-spa-karte\/","title":{"rendered":"Spa-Karte f\u00fcr besondere Anl\u00e4sse"},"content":{"rendered":"<p data-start=\"268\" data-end=\"551\">Machen Sie ihren Geburtstag oder einen anderen besonderen Anlass unvergesslich mit dem <strong data-start=\"338\" data-end=\"372\">Smaragd Spa Geschenkkarte<\/strong>, eine wunderbare Art, Liebe, Wertsch\u00e4tzung und F\u00fcrsorge auszudr\u00fccken. Es ist mehr als nur ein Geschenk, es ist ein Erlebnis - eine Reise in die Ruhe, das Gleichgewicht und den puren Genuss.<\/p>\n<p data-start=\"553\" data-end=\"800\">Einl\u00f6sbar gegen jede <strong data-start=\"576\" data-end=\"591\">Smaragd Spa<\/strong> Ob wohltuende Massagen, ma\u00dfgeschneiderte Spa-Rituale, Saunag\u00e4nge, Wellness-Pakete oder erholsame \u00dcbernachtungen - mit diesem Geschenkgutschein haben Sie die Freiheit, einen pers\u00f6nlichen Moment des Gl\u00fccks und der Erneuerung zu gestalten.<\/p>\n<p data-start=\"802\" data-end=\"984\">Jeder Besuch bei <strong data-start=\"816\" data-end=\"831\">Smaragd Spa<\/strong> wurde entwickelt, um die Sinne zu wecken, die Harmonie wiederherzustellen, die Haut zum Strahlen zu bringen und den Geist zur Ruhe kommen zu lassen - ein luxuri\u00f6ses Geburtstagsgeschenk, das sie nie vergessen werden.<\/p>\n<p data-start=\"986\" data-end=\"1315\" data-is-last-node=\"\" data-is-only-node=\"\"><strong data-start=\"986\" data-end=\"1003\">Wie es funktioniert:<\/strong><br data-start=\"1003\" data-end=\"1006\" \/>Kaufen Sie den Geschenkgutschein online und w\u00e4hlen Sie Ihre bevorzugte Versandart - laden Sie ihn sofort herunter, um ihn auszudrucken oder senden Sie ihn direkt per E-Mail an den Empf\u00e4nger. Er kann dann Kontakt aufnehmen mit <strong data-start=\"1175\" data-end=\"1190\">Smaragd Spa<\/strong> einen passenden Termin f\u00fcr das gew\u00fcnschte Erlebnis zu vereinbaren und die Karte am Tag des Besuchs einfach mitzubringen.<\/p>","protected":false},"excerpt":{"rendered":"<p>Feiern Sie einen besonderen Tag mit dem <strong data-start=\"65\" data-end=\"99\">Smaragd Spa Geschenkkarte<\/strong> - eine luxuri\u00f6se Einladung zum Entspannen, Verj\u00fcngen und Genie\u00dfen. Die perfekte \u00dcberraschung f\u00fcr jemanden, der es verdient hat, sich wirklich gesch\u00e4tzt zu f\u00fchlen.<\/p>","protected":false},"featured_media":4075,"template":"","meta":{"_acf_changed":false,"_price":"200","_stock":null,"_tribe_ticket_header":"","_tribe_default_ticket_provider":"","_tribe_ticket_capacity":"","_ticket_start_date":"","_ticket_end_date":"","_tribe_ticket_show_description":"","_tribe_ticket_show_not_going":false,"_tribe_ticket_use_global_stock":"","_tribe_ticket_global_stock_level":"","_global_stock_mode":"","_global_stock_cap":"","_tribe_rsvp_for_event":"","_tribe_ticket_going_count":"","_tribe_ticket_not_going_count":"","_tribe_tickets_list":"[]","_tribe_ticket_has_attendee_info_fields":false,"_tec_slr_enabled":"","_tec_slr_layout":""},"product_brand":[108],"product_cat":[131],"product_tag":[],"class_list":{"0":"post-4073","1":"product","2":"type-product","3":"status-publish","4":"has-post-thumbnail","6":"product_brand-emerald-spa","7":"product_cat-wps_wgm_giftcard","9":"first","10":"instock","11":"shipping-taxable","12":"purchasable","13":"product-type-wgm_gift_card"},"acf":[],"_links":{"self":[{"href":"https:\/\/emeraldspa.pl\/de\/wp-json\/wp\/v2\/product\/4073","targetHints":{"allow":["GET"]}}],"collection":[{"href":"https:\/\/emeraldspa.pl\/de\/wp-json\/wp\/v2\/product"}],"about":[{"href":"https:\/\/emeraldspa.pl\/de\/wp-json\/wp\/v2\/types\/product"}],"version-history":[{"count":3,"href":"https:\/\/emeraldspa.pl\/de\/wp-json\/wp\/v2\/product\/4073\/revisions"}],"predecessor-version":[{"id":4078,"href":"https:\/\/emeraldspa.pl\/de\/wp-json\/wp\/v2\/product\/4073\/revisions\/4078"}],"wp:featuredmedia":[{"embeddable":true,"href":"https:\/\/emeraldspa.pl\/de\/wp-json\/wp\/v2\/media\/4075"}],"wp:attachment":[{"href":"https:\/\/emeraldspa.pl\/de\/wp-json\/wp\/v2\/media?parent=4073"}],"wp:term":[{"taxonomy":"product_brand","embeddable":true,"href":"https:\/\/emeraldspa.pl\/de\/wp-json\/wp\/v2\/product_brand?post=4073"},{"taxonomy":"product_cat","embeddable":true,"href":"https:\/\/emeraldspa.pl\/de\/wp-json\/wp\/v2\/product_cat?post=4073"},{"taxonomy":"product_tag","embeddable":true,"href":"https:\/\/emeraldspa.pl\/de\/wp-json\/wp\/v2\/product_tag?post=4073"}],"curies":[{"name":"wp","href":"https:\/\/api.w.org\/{rel}","templated":true}]}}