{"id":4061,"date":"2025-10-12T19:25:28","date_gmt":"2025-10-12T17:25:28","guid":{"rendered":"https:\/\/emeraldspa.pl\/?post_type=product&#038;p=4061"},"modified":"2025-10-12T19:29:13","modified_gmt":"2025-10-12T17:29:13","slug":"weihnachtliches-wellnessvergnugen","status":"publish","type":"product","link":"https:\/\/emeraldspa.pl\/de\/kurortladen\/weihnachtliches-wellnessvergnugen\/","title":{"rendered":"Weihnachts-Spa-Genuss"},"content":{"rendered":"<p data-start=\"268\" data-end=\"604\">Verschenken Sie puren Genuss mit dem <strong data-start=\"336\" data-end=\"383\">Emerald Spa Weihnachten Spa Delight Geschenkkarte<\/strong> - eine wunderbare Art, Liebe und Wertsch\u00e4tzung in dieser festlichen Jahreszeit zu zeigen. Perfekt f\u00fcr Freunde, Familie, Kollegen oder jemand Besonderen. Diese Karte \u00f6ffnet die T\u00fcr zu einem Heiligtum des Wohlbefindens, der Gelassenheit und der Erneuerung.<\/p>\n<p data-start=\"606\" data-end=\"836\">Einl\u00f6sbar gegen jede <strong data-start=\"629\" data-end=\"644\">Smaragd Spa<\/strong> Von wohltuenden Massagen und erholsamen Spa-Ritualen bis hin zu Saunan\u00e4chten, Wellnesspaketen oder ruhigen Zimmeraufenthalten - es bietet die Freiheit, seine eigene Entspannungsreise zu w\u00e4hlen.<\/p>\n<p data-start=\"838\" data-end=\"992\">Jeder Besuch bei <strong data-start=\"853\" data-end=\"868\">Smaragd Spa<\/strong> ist ein multisensorisches Erlebnis zur Verj\u00fcngung von K\u00f6rper, Geist und Seele in einer Umgebung von nat\u00fcrlicher Eleganz und festlicher W\u00e4rme.<\/p>\n<p data-start=\"994\" data-end=\"1296\" data-is-last-node=\"\" data-is-only-node=\"\"><strong data-start=\"994\" data-end=\"1011\">Wie es funktioniert:<\/strong><br data-start=\"1011\" data-end=\"1014\" \/>Kaufen Sie online und w\u00e4hlen Sie die gew\u00fcnschte Versandart - laden Sie sie sofort herunter, um sie auszudrucken, oder lassen Sie sie direkt per E-Mail an den Empf\u00e4nger schicken. Sie kontaktieren einfach <strong data-start=\"1165\" data-end=\"1180\">Smaragd Spa<\/strong> um ihren Wunschtermin zu vereinbaren und ihren Geschenkgutschein mitzubringen, damit sie dieses Weihnachten in den Genuss eines wohltuenden Wellness-Erlebnisses kommen.<\/p>","protected":false},"excerpt":{"rendered":"<p>Feiern Sie die Saison des Schenkens mit dem <strong data-start=\"68\" data-end=\"103\">Weihnachten Spa Delight Geschenkkarte<\/strong> - die perfekte Art, W\u00e4rme, Frieden und Entspannung zu teilen. Eine luxuri\u00f6se Einladung, sich zu entspannen, zu verj\u00fcngen und den Geist der Ruhe in dieser festlichen Jahreszeit zu umarmen.<\/p>","protected":false},"featured_media":4063,"template":"","meta":{"_acf_changed":false,"_price":"0","_stock":null,"_tribe_ticket_header":"","_tribe_default_ticket_provider":"","_tribe_ticket_capacity":"","_ticket_start_date":"","_ticket_end_date":"","_tribe_ticket_show_description":"","_tribe_ticket_show_not_going":false,"_tribe_ticket_use_global_stock":"","_tribe_ticket_global_stock_level":"","_global_stock_mode":"","_global_stock_cap":"","_tribe_rsvp_for_event":"","_tribe_ticket_going_count":"","_tribe_ticket_not_going_count":"","_tribe_tickets_list":"[]","_tribe_ticket_has_attendee_info_fields":false,"_tec_slr_enabled":"","_tec_slr_layout":""},"product_brand":[108],"product_cat":[131],"product_tag":[],"class_list":{"0":"post-4061","1":"product","2":"type-product","3":"status-publish","4":"has-post-thumbnail","6":"product_brand-emerald-spa","7":"product_cat-wps_wgm_giftcard","9":"first","10":"instock","11":"shipping-taxable","12":"purchasable","13":"product-type-wgm_gift_card"},"acf":[],"_links":{"self":[{"href":"https:\/\/emeraldspa.pl\/de\/wp-json\/wp\/v2\/product\/4061","targetHints":{"allow":["GET"]}}],"collection":[{"href":"https:\/\/emeraldspa.pl\/de\/wp-json\/wp\/v2\/product"}],"about":[{"href":"https:\/\/emeraldspa.pl\/de\/wp-json\/wp\/v2\/types\/product"}],"version-history":[{"count":1,"href":"https:\/\/emeraldspa.pl\/de\/wp-json\/wp\/v2\/product\/4061\/revisions"}],"predecessor-version":[{"id":4064,"href":"https:\/\/emeraldspa.pl\/de\/wp-json\/wp\/v2\/product\/4061\/revisions\/4064"}],"wp:featuredmedia":[{"embeddable":true,"href":"https:\/\/emeraldspa.pl\/de\/wp-json\/wp\/v2\/media\/4063"}],"wp:attachment":[{"href":"https:\/\/emeraldspa.pl\/de\/wp-json\/wp\/v2\/media?parent=4061"}],"wp:term":[{"taxonomy":"product_brand","embeddable":true,"href":"https:\/\/emeraldspa.pl\/de\/wp-json\/wp\/v2\/product_brand?post=4061"},{"taxonomy":"product_cat","embeddable":true,"href":"https:\/\/emeraldspa.pl\/de\/wp-json\/wp\/v2\/product_cat?post=4061"},{"taxonomy":"product_tag","embeddable":true,"href":"https:\/\/emeraldspa.pl\/de\/wp-json\/wp\/v2\/product_tag?post=4061"}],"curies":[{"name":"wp","href":"https:\/\/api.w.org\/{rel}","templated":true}]}}