{"id":4042,"date":"2025-10-12T18:02:35","date_gmt":"2025-10-12T16:02:35","guid":{"rendered":"https:\/\/emeraldspa.pl\/?post_type=product&#038;p=4042"},"modified":"2025-10-12T19:49:12","modified_gmt":"2025-10-12T17:49:12","slug":"smaragd-spa-geschenkkarte","status":"publish","type":"product","link":"https:\/\/emeraldspa.pl\/de\/kurortladen\/smaragd-spa-geschenkkarte\/","title":{"rendered":"Smaragd Spa Geschenkkarte"},"content":{"rendered":"<p data-start=\"29\" data-end=\"334\">Schenken Sie umfassendes Wohlbefinden mit dem <strong data-start=\"74\" data-end=\"99\">Smaragd Spa Geschenkkarte<\/strong> - eine zeitlose Geste der F\u00fcrsorge, Gelassenheit und Verw\u00f6hnung. Diese elegante Karte passt zu jedem Anlass und l\u00e4dt den Empf\u00e4nger in eine Welt des nat\u00fcrlichen Luxus und der Verj\u00fcngung ein, in der K\u00f6rper, Geist und Seele in perfekter Harmonie gepflegt werden.<\/p>\n<p data-start=\"336\" data-end=\"606\">Er kann f\u00fcr jedes unserer charakteristischen Erlebnisse eingel\u00f6st werden - von wohltuenden Massagen und ma\u00dfgeschneiderten Spa-Ritualen bis hin zu exklusiven Saunan\u00e4chten, umfassenden Wellness-Paketen oder ruhigen \u00dcbernachtungen - und bietet die Freiheit, eine pers\u00f6nliche Reise der Entspannung und Erneuerung zu gestalten.<\/p>\n<p data-start=\"608\" data-end=\"858\">Jeder Besuch bei <strong data-start=\"623\" data-end=\"638\">Smaragd Spa<\/strong> wurde entwickelt, um die Sinne zu wecken und das Gleichgewicht wiederherzustellen, umgeben von der ruhigen Eleganz der Natur und dem sanften Glanz der reinen Entspannung. Eine durchdachte, luxuri\u00f6se Art zu sagen <em data-start=\"805\" data-end=\"816\">Dankesch\u00f6n<\/em>, <em data-start=\"818\" data-end=\"826\">Ich k\u00fcmmere mich<\/em>, oder <em data-start=\"831\" data-end=\"855\">Nehmen Sie sich Zeit f\u00fcr sich selbst<\/em>.<\/p>\n<p data-start=\"860\" data-end=\"1194\" data-is-last-node=\"\" data-is-only-node=\"\"><strong data-start=\"860\" data-end=\"877\">Wie es funktioniert:<\/strong><br data-start=\"877\" data-end=\"880\" \/>Kaufen Sie Ihre Geschenkkarte online und w\u00e4hlen Sie Ihre bevorzugte Versandart - laden Sie sie sofort herunter, um sie zu Hause auszudrucken, oder senden Sie sie direkt per E-Mail an den gew\u00fcnschten Empf\u00e4nger. Der Empf\u00e4nger kontaktiert einfach <strong data-start=\"1073\" data-end=\"1088\">Smaragd Spa<\/strong> um einen passenden Termin zu vereinbaren, und bringt seinen Geschenkgutschein mit, um das gew\u00fcnschte Erlebnis zu genie\u00dfen.<\/p>","protected":false},"excerpt":{"rendered":"<p>Schenken Sie umfassendes Wohlbefinden mit dem <strong data-start=\"74\" data-end=\"99\">Smaragd Spa Geschenkkarte<\/strong> - eine zeitlose Geste der F\u00fcrsorge, Gelassenheit und Verw\u00f6hnung. Diese elegante Karte passt zu jedem Anlass und l\u00e4dt den Empf\u00e4nger in eine Welt des nat\u00fcrlichen Luxus und der Verj\u00fcngung ein, in der K\u00f6rper, Geist und Seele in perfekter Harmonie gepflegt werden.<\/p>","protected":false},"featured_media":4041,"template":"","meta":{"_acf_changed":false,"_price":"100","_stock":null,"_tribe_ticket_header":"","_tribe_default_ticket_provider":"","_tribe_ticket_capacity":"","_ticket_start_date":"","_ticket_end_date":"","_tribe_ticket_show_description":"","_tribe_ticket_show_not_going":false,"_tribe_ticket_use_global_stock":"","_tribe_ticket_global_stock_level":"","_global_stock_mode":"","_global_stock_cap":"","_tribe_rsvp_for_event":"","_tribe_ticket_going_count":"","_tribe_ticket_not_going_count":"","_tribe_tickets_list":"[]","_tribe_ticket_has_attendee_info_fields":false,"_tec_slr_enabled":"","_tec_slr_layout":""},"product_brand":[108],"product_cat":[131],"product_tag":[133,134,135,132],"class_list":{"0":"post-4042","1":"product","2":"type-product","3":"status-publish","4":"has-post-thumbnail","6":"product_brand-emerald-spa","7":"product_cat-wps_wgm_giftcard","8":"product_tag-gift","9":"product_tag-gift-card","10":"product_tag-present","11":"product_tag-voucher","13":"first","14":"instock","15":"shipping-taxable","16":"purchasable","17":"product-type-wgm_gift_card"},"acf":[],"_links":{"self":[{"href":"https:\/\/emeraldspa.pl\/de\/wp-json\/wp\/v2\/product\/4042","targetHints":{"allow":["GET"]}}],"collection":[{"href":"https:\/\/emeraldspa.pl\/de\/wp-json\/wp\/v2\/product"}],"about":[{"href":"https:\/\/emeraldspa.pl\/de\/wp-json\/wp\/v2\/types\/product"}],"version-history":[{"count":1,"href":"https:\/\/emeraldspa.pl\/de\/wp-json\/wp\/v2\/product\/4042\/revisions"}],"predecessor-version":[{"id":4044,"href":"https:\/\/emeraldspa.pl\/de\/wp-json\/wp\/v2\/product\/4042\/revisions\/4044"}],"wp:featuredmedia":[{"embeddable":true,"href":"https:\/\/emeraldspa.pl\/de\/wp-json\/wp\/v2\/media\/4041"}],"wp:attachment":[{"href":"https:\/\/emeraldspa.pl\/de\/wp-json\/wp\/v2\/media?parent=4042"}],"wp:term":[{"taxonomy":"product_brand","embeddable":true,"href":"https:\/\/emeraldspa.pl\/de\/wp-json\/wp\/v2\/product_brand?post=4042"},{"taxonomy":"product_cat","embeddable":true,"href":"https:\/\/emeraldspa.pl\/de\/wp-json\/wp\/v2\/product_cat?post=4042"},{"taxonomy":"product_tag","embeddable":true,"href":"https:\/\/emeraldspa.pl\/de\/wp-json\/wp\/v2\/product_tag?post=4042"}],"curies":[{"name":"wp","href":"https:\/\/api.w.org\/{rel}","templated":true}]}}