{"id":4014,"date":"2025-10-12T14:45:22","date_gmt":"2025-10-12T12:45:22","guid":{"rendered":"https:\/\/emeraldspa.pl\/?post_type=product&#038;p=4014"},"modified":"2025-10-16T12:19:04","modified_gmt":"2025-10-16T10:19:04","slug":"islandisches-lava-glow-gesichts-korperpeeling","status":"publish","type":"product","link":"https:\/\/emeraldspa.pl\/de\/kurortladen\/islandisches-lava-glow-gesichts-korperpeeling\/","title":{"rendered":"Icelandic Lava Glow - Gesichts- und K\u00f6rperpeeling"},"content":{"rendered":"<p>Eine verw\u00f6hnende Gesichts- und K\u00f6rperpolitur, die mit seltenem Vulkansand angereichert ist, um die Hauttextur zu verfeinern. Die samtige Formel entfernt sanft Unreinheiten und abgestorbene Zellen und enth\u00fcllt einen bemerkenswert glatten, strahlenden Teint. Auf die trockene oder feuchte Haut auftragen, in langsamen, kreisenden Bewegungen einmassieren und absp\u00fclen, um eine wunderbar erneuerte Haut zu enth\u00fcllen.<\/p>\n<p>Vulkansand, Rizinus\u00f6l<\/p>\n<p>Aqua\/Water, Hydrogenated Castor Oil, Cetearyl Alcohol, Caprylic\/Capric Triglyceride, Pentylene Glycol, Glycerin\u2781, Glyceryl Stearate Citrate, Polyglyceryl-3 Stearate, Kaolin, Vulkansand, Parfum\/Duftstoff, Helianthus Annuus (Sunflower) Seed Oil\u2780, Xanthan Gum, Vaccinium Myrtillus (Blueberry) Fruit Extract\u2780, Tocopherol, Fragaria Ananassa (Erdbeere) Fruit Extract\u2780, Rubus Chamaemorus (Moltebeere) Fruit Extract\u2780, Rubus Idaeus (Himbeere) Fruit Extract\u2780, Natriumphytat, Milchs\u00e4ure, Zitronens\u00e4ure, Natriumbenzoat, Kaliumsorbat, Benzylsalicylat\u2782, Limonene\u2782, Citrus Aurantium Peel Oil, Citral\u2782<\/p>\n<p>\u2780 Zutaten aus biologischem Anbau<\/p>\n<p>\u2781 Hergestellt aus biologischen Zutaten<\/p>\n<p>\u2782 Aus nat\u00fcrlichen \u00e4therischen \u00d6len<\/p>","protected":false},"excerpt":{"rendered":"<p>Eine verw\u00f6hnende Gesichts- und K\u00f6rperpolitur, die mit seltenem Vulkansand angereichert ist, um die Hauttextur zu verfeinern. Die samtige Formel entfernt sanft Unreinheiten und abgestorbene Zellen und enth\u00fcllt einen bemerkenswert glatten, strahlenden Teint. Auf die trockene oder feuchte Haut auftragen, in langsamen, kreisenden Bewegungen einmassieren und absp\u00fclen, um eine wunderbar erneuerte Haut zu enth\u00fcllen.<\/p>","protected":false},"featured_media":4015,"template":"","meta":{"_acf_changed":false,"_price":"100","_stock":"0","_tribe_ticket_header":"","_tribe_default_ticket_provider":"","_tribe_ticket_capacity":"","_ticket_start_date":"","_ticket_end_date":"","_tribe_ticket_show_description":"","_tribe_ticket_show_not_going":false,"_tribe_ticket_use_global_stock":"","_tribe_ticket_global_stock_level":"","_global_stock_mode":"","_global_stock_cap":"","_tribe_rsvp_for_event":"","_tribe_ticket_going_count":"","_tribe_ticket_not_going_count":"","_tribe_tickets_list":"[]","_tribe_ticket_has_attendee_info_fields":false,"_tec_slr_enabled":"","_tec_slr_layout":""},"product_brand":[108],"product_cat":[129,109,142],"product_tag":[106,124,126,125,122,127,128,107,123],"class_list":{"0":"post-4014","1":"product","2":"type-product","3":"status-publish","4":"has-post-thumbnail","6":"product_brand-emerald-spa","7":"product_cat-body-care","8":"product_cat-face-care","9":"product_cat-spa","10":"product_tag-all-skin-types-skin-type","11":"product_tag-body-care","12":"product_tag-cleansing-concern","13":"product_tag-exfoliator-type","14":"product_tag-gentle-exfoliation","15":"product_tag-lack-of-glow-concern","16":"product_tag-volcanic-sand-active-ingredients","17":"product_tag-white-packaging-color","18":"product_tag-with-volcanic-sand","20":"first","21":"outofstock","22":"shipping-taxable","23":"purchasable","24":"product-type-simple"},"acf":[],"_links":{"self":[{"href":"https:\/\/emeraldspa.pl\/de\/wp-json\/wp\/v2\/product\/4014","targetHints":{"allow":["GET"]}}],"collection":[{"href":"https:\/\/emeraldspa.pl\/de\/wp-json\/wp\/v2\/product"}],"about":[{"href":"https:\/\/emeraldspa.pl\/de\/wp-json\/wp\/v2\/types\/product"}],"version-history":[{"count":1,"href":"https:\/\/emeraldspa.pl\/de\/wp-json\/wp\/v2\/product\/4014\/revisions"}],"predecessor-version":[{"id":4961,"href":"https:\/\/emeraldspa.pl\/de\/wp-json\/wp\/v2\/product\/4014\/revisions\/4961"}],"wp:featuredmedia":[{"embeddable":true,"href":"https:\/\/emeraldspa.pl\/de\/wp-json\/wp\/v2\/media\/4015"}],"wp:attachment":[{"href":"https:\/\/emeraldspa.pl\/de\/wp-json\/wp\/v2\/media?parent=4014"}],"wp:term":[{"taxonomy":"product_brand","embeddable":true,"href":"https:\/\/emeraldspa.pl\/de\/wp-json\/wp\/v2\/product_brand?post=4014"},{"taxonomy":"product_cat","embeddable":true,"href":"https:\/\/emeraldspa.pl\/de\/wp-json\/wp\/v2\/product_cat?post=4014"},{"taxonomy":"product_tag","embeddable":true,"href":"https:\/\/emeraldspa.pl\/de\/wp-json\/wp\/v2\/product_tag?post=4014"}],"curies":[{"name":"wp","href":"https:\/\/api.w.org\/{rel}","templated":true}]}}