{"id":3888,"date":"2025-10-11T19:11:06","date_gmt":"2025-10-11T17:11:06","guid":{"rendered":"https:\/\/emeraldspa.pl\/?post_type=product&#038;p=3888"},"modified":"2025-10-13T19:40:33","modified_gmt":"2025-10-13T17:40:33","slug":"radiant-shield-spf50-tint-stick","status":"publish","type":"product","link":"https:\/\/emeraldspa.pl\/de\/kurortladen\/radiant-shield-spf50-tint-stick\/","title":{"rendered":"Radiant Shield SPF50 Tint Stick"},"content":{"rendered":"<p>Erg\u00e4nzen Sie Ihr t\u00e4gliches Ritual mit unserem Radiant Shield SPF 50 Mineral Tint Stick - eine nahtlose Verschmelzung von Sch\u00f6nheit und Schutz.<\/p>\n<p>Reis\u00f6l, Sonnenblumenkern\u00f6l, Jojoba\u00f6l<\/p>\n<p>Erleben Sie m\u00fchelosen, hochwirksamen Schutz in einem seidigen Format f\u00fcr unterwegs, das die Sonnenpflege auf eine neue Stufe der Verw\u00f6hnung hebt.<\/p>\n<p>Beschreibung<br \/>\nDiese mineralstoffreiche Formel bietet einen hochentwickelten UVA\/UVB-Breitbandschutz mit LSF 50 und verleiht gleichzeitig eine sanfte, nat\u00fcrliche T\u00f6nung f\u00fcr eine strahlende, gleichm\u00e4\u00dfige Haut. Die glatte, gleitf\u00e4hige Textur l\u00e4sst sich m\u00fchelos auftragen und sorgt f\u00fcr ein samtiges Finish, das f\u00fcr alle Hauttypen geeignet ist - auch f\u00fcr die empfindlichste. Perfekt f\u00fcr unterwegs oder zum t\u00e4glichen Auffrischen, umh\u00fcllt sie Ihre Haut bei jeder Anwendung mit einem raffinierten, unsichtbaren Schutz.<\/p>\n<p>Warnung: Kein Sonnenschutzmittel kann absoluten Schutz bieten. L\u00e4ngere Sonneneinstrahlung stellt ein ernsthaftes Gesundheitsrisiko dar - selbst bei Verwendung von Sonnenschutzmitteln. Begrenzen Sie die direkte Sonneneinstrahlung und tragen Sie den Sonnenschutz regelm\u00e4\u00dfig auf, um optimale Sicherheit und ein strahlendes Hautbild zu gew\u00e4hrleisten.<\/p>\n<p>Zinkoxid, Oryza Sativa (Reis)-Kleie-\u00d6l, Pflanzen\u00f6l, Dicaprylylcarbonat, Isoamyl Laurate, CI 77891 (Titandioxid)\u2462, Helianthus Annuus (Sonnenblume) Seed Wax, Oryza Sativa (Reis) Bran Wax, Rhus Succedanea Fruit Wax, Hydrated Silica, Simmondsia Chinensis (Jojoba) Seed Oil\u2460, Silica, Jojoba Esters, Theobroma Cacao (Kakao) Seed Butter\u2460, Parfum\/Duftstoff, Tocopherol, Hippophae Rhamnoides (Sanddorn) Fruit Oil\u2460, Nigella Sativa (Schwarzk\u00fcmmel) Seed Oil\u2460, CI 77491, CI 77492, CI 77499 (Eisenoxide)\u2462, Glykolipide, Glycosphingolipide, Aqua\/Wasser, Vanillin, Terpineol\u2461, Linalylacetat\u2461, Anethol\u2461, Geraniol\u2461<\/p>\n<p>\u2460 Zutaten aus biologischem Anbau<\/p>\n<p>\u2461 Aus nat\u00fcrlichen \u00e4therischen \u00d6len<\/p>\n<p>\u2462 Rein mineralische Pigmente\u00a0<\/p>","protected":false},"excerpt":{"rendered":"<p>Diese mineralstoffreiche T\u00f6nung mit LSF 50 bietet fortschrittlichen UVA\/UVB-Schutz mit einer glatten, gleitf\u00e4higen Textur f\u00fcr ein strahlendes, ebenm\u00e4\u00dfiges Finish. Sie ist f\u00fcr alle Hauttypen geeignet - auch f\u00fcr empfindliche - und bietet raffinierten Schutz f\u00fcr unterwegs mit m\u00fcheloser Eleganz.<\/p>","protected":false},"featured_media":3937,"template":"","meta":{"_acf_changed":false,"_price":"79.00","_stock":null,"_tribe_ticket_header":"","_tribe_default_ticket_provider":"","_tribe_ticket_capacity":"","_ticket_start_date":"","_ticket_end_date":"","_tribe_ticket_show_description":"","_tribe_ticket_show_not_going":false,"_tribe_ticket_use_global_stock":"","_tribe_ticket_global_stock_level":"","_global_stock_mode":"","_global_stock_cap":"","_tribe_rsvp_for_event":"","_tribe_ticket_going_count":"","_tribe_ticket_not_going_count":"","_tribe_tickets_list":"[]","_tribe_ticket_has_attendee_info_fields":false,"_tec_slr_enabled":"","_tec_slr_layout":""},"product_brand":[108],"product_cat":[109,142],"product_tag":[106,104,99,101,102,105,100,103,107],"class_list":{"0":"post-3888","1":"product","2":"type-product","3":"status-publish","4":"has-post-thumbnail","6":"product_brand-emerald-spa","7":"product_cat-face-care","8":"product_cat-spa","9":"product_tag-all-skin-types-skin-type","10":"product_tag-dermatologically-tested-claims","11":"product_tag-easy-to-use","12":"product_tag-face-care","13":"product_tag-stick-type","14":"product_tag-sun-care-concern","15":"product_tag-sun-protection","16":"product_tag-sunscreen-type","17":"product_tag-white-packaging-color","19":"first","20":"instock","21":"shipping-taxable","22":"purchasable","23":"product-type-simple"},"acf":[],"_links":{"self":[{"href":"https:\/\/emeraldspa.pl\/de\/wp-json\/wp\/v2\/product\/3888","targetHints":{"allow":["GET"]}}],"collection":[{"href":"https:\/\/emeraldspa.pl\/de\/wp-json\/wp\/v2\/product"}],"about":[{"href":"https:\/\/emeraldspa.pl\/de\/wp-json\/wp\/v2\/types\/product"}],"version-history":[{"count":1,"href":"https:\/\/emeraldspa.pl\/de\/wp-json\/wp\/v2\/product\/3888\/revisions"}],"predecessor-version":[{"id":4962,"href":"https:\/\/emeraldspa.pl\/de\/wp-json\/wp\/v2\/product\/3888\/revisions\/4962"}],"wp:featuredmedia":[{"embeddable":true,"href":"https:\/\/emeraldspa.pl\/de\/wp-json\/wp\/v2\/media\/3937"}],"wp:attachment":[{"href":"https:\/\/emeraldspa.pl\/de\/wp-json\/wp\/v2\/media?parent=3888"}],"wp:term":[{"taxonomy":"product_brand","embeddable":true,"href":"https:\/\/emeraldspa.pl\/de\/wp-json\/wp\/v2\/product_brand?post=3888"},{"taxonomy":"product_cat","embeddable":true,"href":"https:\/\/emeraldspa.pl\/de\/wp-json\/wp\/v2\/product_cat?post=3888"},{"taxonomy":"product_tag","embeddable":true,"href":"https:\/\/emeraldspa.pl\/de\/wp-json\/wp\/v2\/product_tag?post=3888"}],"curies":[{"name":"wp","href":"https:\/\/api.w.org\/{rel}","templated":true}]}}