{"id":800,"date":"2023-09-30T14:12:41","date_gmt":"2023-09-30T12:12:41","guid":{"rendered":"https:\/\/emeraldspa.pl\/?page_id=800"},"modified":"2025-12-24T11:48:26","modified_gmt":"2025-12-24T10:48:26","slug":"privat","status":"publish","type":"page","link":"https:\/\/emeraldspa.pl\/de\/dienstleistungen\/privat\/","title":{"rendered":"Privat"},"content":{"rendered":"<div data-elementor-type=\"wp-post\" data-elementor-id=\"800\" class=\"elementor elementor-800\" data-elementor-post-type=\"page\">\n\t\t\t\t<div class=\"elementor-element elementor-element-259ed51 e-flex e-con-boxed e-con e-parent\" data-id=\"259ed51\" data-element_type=\"container\" data-e-type=\"container\">\n\t\t\t\t\t<div class=\"e-con-inner\">\n\t\t\t\t<div class=\"elementor-element elementor-element-759a9a0 elementor-cta--skin-cover elementor-animated-content elementor-bg-transform elementor-bg-transform-zoom-in elementor-widget elementor-widget-call-to-action\" data-id=\"759a9a0\" data-element_type=\"widget\" data-e-type=\"widget\" data-widget_type=\"call-to-action.default\">\n\t\t\t\t<div class=\"elementor-widget-container\">\n\t\t\t\t\t\t\t<div class=\"elementor-cta\">\n\t\t\t\t\t<div class=\"elementor-cta__bg-wrapper\">\n\t\t\t\t<div class=\"elementor-cta__bg elementor-bg\" style=\"background-image: url(https:\/\/emeraldspa.pl\/wp-content\/uploads\/2023\/09\/people-celebrating-party-1024x683.jpg);\" role=\"img\" aria-label=\"Feiernde Menschen auf einer Party\"><\/div>\n\t\t\t\t<div class=\"elementor-cta__bg-overlay\"><\/div>\n\t\t\t<\/div>\n\t\t\t\t\t\t\t<div class=\"elementor-cta__content\">\n\t\t\t\t\n\t\t\t\t\t\t\t\t\t<h2 class=\"elementor-cta__title elementor-cta__content-item elementor-content-item elementor-animated-item--grow\">\n\t\t\t\t\t\tPrivate Parteien\t\t\t\t\t<\/h2>\n\t\t\t\t\n\t\t\t\t\t\t\t\t\t<div class=\"elementor-cta__description elementor-cta__content-item elementor-content-item elementor-animated-item--grow\">\n\t\t\t\t\t\tOrganisieren Sie Ihre private Veranstaltung oder Party im Emerald Spa! Bis zu 40 Personen.\t\t\t\t\t<\/div>\n\t\t\t\t\n\t\t\t\t\t\t\t\t\t<div class=\"elementor-cta__button-wrapper elementor-cta__content-item elementor-content-item elementor-animated-item--grow\">\n\t\t\t\t\t<a class=\"elementor-cta__button elementor-button elementor-size-\" href=\"\/de\/kontakt\/\">\n\t\t\t\t\t\tKontakt\t\t\t\t\t<\/a>\n\t\t\t\t\t<\/div>\n\t\t\t\t\t\t\t<\/div>\n\t\t\t\t\t\t<\/div>\n\t\t\t\t\t\t<\/div>\n\t\t\t\t<\/div>\n\t\t\t\t\t<\/div>\n\t\t\t\t<\/div>\n\t\t<div class=\"elementor-element elementor-element-34d2be9 e-flex e-con-boxed e-con e-parent\" data-id=\"34d2be9\" data-element_type=\"container\" data-e-type=\"container\">\n\t\t\t\t\t<div class=\"e-con-inner\">\n\t\t\t\t<div class=\"elementor-element elementor-element-a5bca4e elementor-widget elementor-widget-spacer\" data-id=\"a5bca4e\" data-element_type=\"widget\" data-e-type=\"widget\" data-widget_type=\"spacer.default\">\n\t\t\t\t<div class=\"elementor-widget-container\">\n\t\t\t\t\t\t\t<div class=\"elementor-spacer\">\n\t\t\t<div class=\"elementor-spacer-inner\"><\/div>\n\t\t<\/div>\n\t\t\t\t\t\t<\/div>\n\t\t\t\t<\/div>\n\t\t\t\t<div class=\"elementor-element elementor-element-a5e83df elementor-widget elementor-widget-text-editor\" data-id=\"a5e83df\" data-element_type=\"widget\" data-e-type=\"widget\" data-widget_type=\"text-editor.default\">\n\t\t\t\t<div class=\"elementor-widget-container\">\n\t\t\t\t\t\t\t\t\t<h3 data-start=\"482\" data-end=\"525\"><strong data-start=\"486\" data-end=\"525\">Private Spa-Veranstaltungen &amp; Exklusivvermietung<\/strong><\/h3><p data-start=\"526\" data-end=\"780\">Erleben Sie das Emerald Spa ganz f\u00fcr sich allein \u2013 einen eleganten privaten R\u00fcckzugsort, der sich perfekt zum Feiern, Entspannen oder f\u00fcr gemeinsame Momente eignet.<\/p><h4 data-start=\"526\" data-end=\"780\">Paare<\/h4><p data-start=\"526\" data-end=\"780\">Wenn Sie das Spa als <strong>Paar<\/strong> Ausschlie\u00dflich, klicken Sie hier, um unsere <a href=\"https:\/\/emeraldspa.pl\/de\/dienstleistungen\/wellness-pakete\/\">\u2018Spa-Pakete\u2019<\/a><\/p><h4 data-start=\"526\" data-end=\"780\">Gruppen<\/h4><p data-start=\"526\" data-end=\"780\">Unser Spa kann exklusiv f\u00fcr Ihre Gruppe reserviert werden und bietet Ihnen absolute Privatsph\u00e4re, absolute Diskretion und heimeligen Komfort in einer luxuri\u00f6sen Umgebung inmitten der Natur. Perfekt f\u00fcr kleine Gruppen von 8 bis 25 Personen. Alle Altersgruppen sind willkommen!<br \/>Die Preise variieren je nach Gruppengr\u00f6\u00dfe, Datum und Uhrzeit sowie Aufenthaltsdauer und Verpflegung. Die Kosten liegen in der Regel bei etwa 290 Zloty pro Person f\u00fcr die exklusive Nutzung f\u00fcr 4-5 Stunden, aber das h\u00e4ngt davon ab, was Sie ben\u00f6tigen. <span style=\"text-decoration: underline;\"><a href=\"https:\/\/emeraldspa.pl\/de\/kontakt\/\">Sie k\u00f6nnen uns gerne per E-Mail, SMS oder Telefon (+48 666 937 687) kontaktieren. .<\/a><\/span><\/p>\t\t\t\t\t\t\t\t<\/div>\n\t\t\t\t<\/div>\n\t\t\t\t\t<\/div>\n\t\t\t\t<\/div>\n\t\t<div class=\"elementor-element elementor-element-7923c7a e-flex e-con-boxed e-con e-parent\" data-id=\"7923c7a\" data-element_type=\"container\" data-e-type=\"container\">\n\t\t\t\t\t<div class=\"e-con-inner\">\n\t\t<div class=\"elementor-element elementor-element-f0bd274 e-con-full e-flex e-con e-child\" data-id=\"f0bd274\" data-element_type=\"container\" data-e-type=\"container\">\n\t\t\t\t<div class=\"elementor-element elementor-element-f1b06ce elementor-widget elementor-widget-text-editor\" data-id=\"f1b06ce\" data-element_type=\"widget\" data-e-type=\"widget\" data-widget_type=\"text-editor.default\">\n\t\t\t\t<div class=\"elementor-widget-container\">\n\t\t\t\t\t\t\t\t\t<h1>Was ist inbegriffen?<\/h1><p data-start=\"811\" data-end=\"867\">Unsere Privatvermietung umfasst den vollen Zugang zu allen Einrichtungen:<\/p><p>\ud83d\udd38 <strong data-start=\"874\" data-end=\"897\">Finnische (trockene) Sauna<\/strong> - Platz f\u00fcr bis zu 18 G\u00e4ste<\/p><p>\ud83d\udd38 <strong data-start=\"929\" data-end=\"962\">Optionale Saunameister-Rituale<\/strong> f\u00fcr Gruppen von 10+<\/p><p>\ud83d\udd38 <strong data-start=\"988\" data-end=\"999\">Schlie\u00dff\u00e4cher<\/strong> f\u00fcr pers\u00f6nliche Gegenst\u00e4nde<\/p><p>\ud83d\udd38 <strong data-start=\"1031\" data-end=\"1068\">Handt\u00fccher, Badem\u00e4ntel, Schuhe und Saunam\u00fctzen<\/strong> verf\u00fcgbar<\/p><p>\ud83d\udd38 <strong data-start=\"1094\" data-end=\"1125\">Massage- und Entspannungsraum<\/strong> f\u00fcr Behandlungen oder ruhige Erholung<\/p><p>\ud83d\udd38 <strong data-start=\"1162\" data-end=\"1180\">Elegantes Wohnzimmer<\/strong> mit Kamin<\/p><p>\ud83d\udd38 <strong data-start=\"1203\" data-end=\"1225\">Vollst\u00e4ndig ausgestattete Bar<\/strong> mit Hockern und Zugang zur K\u00fcche<\/p><p>\ud83d\udd38 <strong data-start=\"1264\" data-end=\"1279\">Speisesaal<\/strong> f\u00fcr gemeinsame Mahlzeiten oder Catering-Einrichtungen<\/p><p>\ud83d\udd38 <strong data-start=\"1323\" data-end=\"1359\">F\u00fcnf Duschen und drei B\u00e4der<\/strong><\/p><p>\ud83d\udd38 <strong data-start=\"1367\" data-end=\"1404\">Drei komfortable Doppelschlafzimmer<\/strong> f\u00fcr \u00dcbernachtungen (bei Bedarf k\u00f6nnen wir 10 Personen beherbergen)<\/p><p>\ud83d\udd38 <strong data-start=\"1432\" data-end=\"1448\">Zwei Terrassen<\/strong> mit Sitzgelegenheiten (eine \u00fcberdacht, ideal als Raucherbereich)<\/p><p>\ud83d\udd38 <strong data-start=\"1508\" data-end=\"1524\">Freibad<\/strong> (ge\u00f6ffnet von Mai bis Oktober)<\/p><p>\ud83d\udd38 <strong data-start=\"1551\" data-end=\"1572\">Jacuzzi \/ Whirlpool<\/strong> mit Blick auf den Garten<\/p><p>\ud83d\udd38 <strong data-start=\"1603\" data-end=\"1622\">Abgelegener Garten<\/strong> mit Feuerstelle, BBQ und privaten Sitzbereichen<\/p><p>\ud83d\udd38 <strong data-start=\"1676\" data-end=\"1692\">Kostenloses Parken<\/strong> f\u00fcr 7 Autos vor Ort (weitere in der N\u00e4he)<\/p><p>\ud83d\udd38 <strong data-start=\"1732\" data-end=\"1760\">Optionale Verpflegung &amp; Catering<\/strong> oder Selbstversorgeroptionen<\/p><p>\ud83d\udd38 <strong data-start=\"1793\" data-end=\"1829\">Unterhaltung und Veranstaltungsdienste<\/strong> - Sch\u00f6nheits- oder Wellness-Behandlungen, Musik, Workshops, Yoga- oder Atem\u00fcbungs-Lehrer<\/p><p>\ud83d\udd38 <strong data-start=\"1919\" data-end=\"1951\">Flexible und einladende Gastgeber<\/strong> die sich an Ihre Bed\u00fcrfnisse anpassen - kommen Sie fr\u00fcher, um vorzubereiten oder zu dekorieren!<\/p><p>\ud83d\udd38 <strong data-start=\"1983\" data-end=\"2032\">Attraktive Gruppentarife und \u00dcbernachtungspakete<\/strong><\/p>\t\t\t\t\t\t\t\t<\/div>\n\t\t\t\t<\/div>\n\t\t\t\t<\/div>\n\t\t<div class=\"elementor-element elementor-element-851ed9b e-con-full e-flex e-con e-child\" data-id=\"851ed9b\" data-element_type=\"container\" data-e-type=\"container\">\n\t\t\t\t<div class=\"elementor-element elementor-element-fa07d05 elementor-position-top elementor-widget elementor-widget-image-box\" data-id=\"fa07d05\" data-element_type=\"widget\" data-e-type=\"widget\" data-widget_type=\"image-box.default\">\n\t\t\t\t<div class=\"elementor-widget-container\">\n\t\t\t\t\t<div class=\"elementor-image-box-wrapper\"><figure class=\"elementor-image-box-img\"><a href=\"https:\/\/emeraldspa.pl\/de\/uber\/galerie\/\" tabindex=\"-1\"><img fetchpriority=\"high\" decoding=\"async\" width=\"1560\" height=\"1040\" src=\"https:\/\/emeraldspa.pl\/wp-content\/uploads\/2024\/03\/PRO1513-Edit.jpg\" class=\"attachment-full size-full wp-image-3460\" alt=\"\" srcset=\"https:\/\/emeraldspa.pl\/wp-content\/uploads\/2024\/03\/PRO1513-Edit.jpg 1560w, https:\/\/emeraldspa.pl\/wp-content\/uploads\/2024\/03\/PRO1513-Edit-600x400.jpg 600w, https:\/\/emeraldspa.pl\/wp-content\/uploads\/2024\/03\/PRO1513-Edit-300x200.jpg 300w, https:\/\/emeraldspa.pl\/wp-content\/uploads\/2024\/03\/PRO1513-Edit-1024x683.jpg 1024w, https:\/\/emeraldspa.pl\/wp-content\/uploads\/2024\/03\/PRO1513-Edit-768x512.jpg 768w, https:\/\/emeraldspa.pl\/wp-content\/uploads\/2024\/03\/PRO1513-Edit-1536x1024.jpg 1536w, https:\/\/emeraldspa.pl\/wp-content\/uploads\/2024\/03\/PRO1513-Edit-18x12.jpg 18w\" sizes=\"(max-width: 1560px) 100vw, 1560px\" \/><\/a><\/figure><div class=\"elementor-image-box-content\"><h3 class=\"elementor-image-box-title\"><a href=\"https:\/\/emeraldspa.pl\/de\/uber\/galerie\/\">Galerie<\/a><\/h3><p class=\"elementor-image-box-description\">Werfen Sie einen kurzen Blick auf einige Bilder aus dem Spa.<\/p><\/div><\/div>\t\t\t\t<\/div>\n\t\t\t\t<\/div>\n\t\t\t\t<div class=\"elementor-element elementor-element-63c6a6b elementor-widget elementor-widget-spacer\" data-id=\"63c6a6b\" data-element_type=\"widget\" data-e-type=\"widget\" data-widget_type=\"spacer.default\">\n\t\t\t\t<div class=\"elementor-widget-container\">\n\t\t\t\t\t\t\t<div class=\"elementor-spacer\">\n\t\t\t<div class=\"elementor-spacer-inner\"><\/div>\n\t\t<\/div>\n\t\t\t\t\t\t<\/div>\n\t\t\t\t<\/div>\n\t\t\t\t<div class=\"elementor-element elementor-element-76688d4 elementor-blockquote--skin-quotation elementor-widget elementor-widget-blockquote\" data-id=\"76688d4\" data-element_type=\"widget\" data-e-type=\"widget\" data-widget_type=\"blockquote.default\">\n\t\t\t\t<div class=\"elementor-widget-container\">\n\t\t\t\t\t\t\t<blockquote class=\"elementor-blockquote\">\n\t\t\t<p class=\"elementor-blockquote__content\">\n\t\t\t\t\u2b50\u2b50\u2b50\u2b50\u2b50\nWir organisierten 3 Geburtstagsfeiern im Emerald Spa und nutzten die Sauna, den Whirlpool, die K\u00fcche und die Lounge und waren mit allen Einrichtungen sehr zufrieden. Wunderbare Gastgeber.\t\t\t<\/p>\n\t\t\t\t\t\t\t<div class=\"e-q-footer\">\n\t\t\t\t\t\t\t\t\t\t\t<cite class=\"elementor-blockquote__author\">Magda<\/cite>\n\t\t\t\t\t\t\t\t\t\t\t\t\t\t<\/div>\n\t\t\t\t\t<\/blockquote>\n\t\t\t\t\t\t<\/div>\n\t\t\t\t<\/div>\n\t\t\t\t<div class=\"elementor-element elementor-element-63775e6 elementor-blockquote--skin-quotation elementor-widget elementor-widget-blockquote\" data-id=\"63775e6\" data-element_type=\"widget\" data-e-type=\"widget\" data-widget_type=\"blockquote.default\">\n\t\t\t\t<div class=\"elementor-widget-container\">\n\t\t\t\t\t\t\t<blockquote class=\"elementor-blockquote\">\n\t\t\t<p class=\"elementor-blockquote__content\">\n\t\t\t\t\u2b50\u2b50\u2b50\u2b50\u2b50\nWir haben unseren Wellness-Tag, den wir f\u00fcr unsere Mitarbeiter organisiert haben, sehr genossen. Wir werden sicherlich wiederkommen. \t\t\t<\/p>\n\t\t\t\t\t\t\t<div class=\"e-q-footer\">\n\t\t\t\t\t\t\t\t\t\t\t<cite class=\"elementor-blockquote__author\">Irena<\/cite>\n\t\t\t\t\t\t\t\t\t\t\t\t\t\t<\/div>\n\t\t\t\t\t<\/blockquote>\n\t\t\t\t\t\t<\/div>\n\t\t\t\t<\/div>\n\t\t\t\t<\/div>\n\t\t\t\t\t<\/div>\n\t\t\t\t<\/div>\n\t\t<div class=\"elementor-element elementor-element-5bd41a6 e-flex e-con-boxed e-con e-parent\" data-id=\"5bd41a6\" data-element_type=\"container\" data-e-type=\"container\">\n\t\t\t\t\t<div class=\"e-con-inner\">\n\t\t\t\t<div class=\"elementor-element elementor-element-7bd1fc1 elementor-grid-3 elementor-grid-tablet-2 elementor-grid-mobile-1 elementor-posts--thumbnail-top elementor-widget elementor-widget-posts\" data-id=\"7bd1fc1\" data-element_type=\"widget\" data-e-type=\"widget\" data-settings=\"{&quot;pagination_type&quot;:&quot;load_more_infinite_scroll&quot;,&quot;classic_columns&quot;:&quot;3&quot;,&quot;classic_columns_tablet&quot;:&quot;2&quot;,&quot;classic_columns_mobile&quot;:&quot;1&quot;,&quot;classic_row_gap&quot;:{&quot;unit&quot;:&quot;px&quot;,&quot;size&quot;:35,&quot;sizes&quot;:[]},&quot;classic_row_gap_tablet&quot;:{&quot;unit&quot;:&quot;px&quot;,&quot;size&quot;:&quot;&quot;,&quot;sizes&quot;:[]},&quot;classic_row_gap_mobile&quot;:{&quot;unit&quot;:&quot;px&quot;,&quot;size&quot;:&quot;&quot;,&quot;sizes&quot;:[]},&quot;load_more_spinner&quot;:{&quot;value&quot;:&quot;fas fa-spinner&quot;,&quot;library&quot;:&quot;fa-solid&quot;}}\" data-widget_type=\"posts.classic\">\n\t\t\t\t<div class=\"elementor-widget-container\">\n\t\t\t\t\t\t\t<div class=\"elementor-posts-container elementor-posts elementor-posts--skin-classic elementor-grid\" role=\"list\">\n\t\t\t\t<article class=\"elementor-post elementor-grid-item post-5390 post type-post status-publish format-standard has-post-thumbnail hentry category-blog category-private-use category-womens-circles-wellness-gatherings tag-health tag-retreat tag-sauna tag-wellness tag-womens-circle tag-yoga\" role=\"listitem\">\n\t\t\t\t<a class=\"elementor-post__thumbnail__link\" href=\"https:\/\/emeraldspa.pl\/de\/wellness-treffen-fur-frauen\/\" tabindex=\"-1\" >\n\t\t\t<div class=\"elementor-post__thumbnail\"><img decoding=\"async\" width=\"300\" height=\"300\" src=\"https:\/\/emeraldspa.pl\/wp-content\/uploads\/2025\/10\/womenscirclespa-300x300.png\" class=\"attachment-medium size-medium wp-image-5284\" alt=\"\" srcset=\"https:\/\/emeraldspa.pl\/wp-content\/uploads\/2025\/10\/womenscirclespa-300x300.png 300w, https:\/\/emeraldspa.pl\/wp-content\/uploads\/2025\/10\/womenscirclespa-150x150.png 150w, https:\/\/emeraldspa.pl\/wp-content\/uploads\/2025\/10\/womenscirclespa-768x768.png 768w, https:\/\/emeraldspa.pl\/wp-content\/uploads\/2025\/10\/womenscirclespa-12x12.png 12w, https:\/\/emeraldspa.pl\/wp-content\/uploads\/2025\/10\/womenscirclespa-600x600.png 600w, https:\/\/emeraldspa.pl\/wp-content\/uploads\/2025\/10\/womenscirclespa-100x100.png 100w, https:\/\/emeraldspa.pl\/wp-content\/uploads\/2025\/10\/womenscirclespa.png 1024w\" sizes=\"(max-width: 300px) 100vw, 300px\" \/><\/div>\n\t\t<\/a>\n\t\t\t\t<div class=\"elementor-post__text\">\n\t\t\t\t<h3 class=\"elementor-post__title\">\n\t\t\t<a href=\"https:\/\/emeraldspa.pl\/de\/wellness-treffen-fur-frauen\/\" >\n\t\t\t\tFrauenzirkel\t\t\t<\/a>\n\t\t<\/h3>\n\t\t\n\t\t<a class=\"elementor-post__read-more\" href=\"https:\/\/emeraldspa.pl\/de\/wellness-treffen-fur-frauen\/\" aria-label=\"Mehr \u00fcber Women\u2019s Circles\" tabindex=\"-1\" >\n\t\t\tMehr lesen \"\t\t<\/a>\n\n\t\t\t\t<\/div>\n\t\t\t\t<\/article>\n\t\t\t\t<article class=\"elementor-post elementor-grid-item post-5378 post type-post status-publish format-standard has-post-thumbnail hentry category-blog category-corporate-spa-days category-private-use tag-business tag-company tag-corporate tag-group\" role=\"listitem\">\n\t\t\t\t<a class=\"elementor-post__thumbnail__link\" href=\"https:\/\/emeraldspa.pl\/de\/firmen-spa-tage\/\" tabindex=\"-1\" >\n\t\t\t<div class=\"elementor-post__thumbnail\"><img decoding=\"async\" width=\"300\" height=\"300\" src=\"https:\/\/emeraldspa.pl\/wp-content\/uploads\/2025\/10\/corporateevent-300x300.png\" class=\"attachment-medium size-medium wp-image-5286\" alt=\"\" srcset=\"https:\/\/emeraldspa.pl\/wp-content\/uploads\/2025\/10\/corporateevent-300x300.png 300w, https:\/\/emeraldspa.pl\/wp-content\/uploads\/2025\/10\/corporateevent-150x150.png 150w, https:\/\/emeraldspa.pl\/wp-content\/uploads\/2025\/10\/corporateevent-768x768.png 768w, https:\/\/emeraldspa.pl\/wp-content\/uploads\/2025\/10\/corporateevent-12x12.png 12w, https:\/\/emeraldspa.pl\/wp-content\/uploads\/2025\/10\/corporateevent-600x600.png 600w, https:\/\/emeraldspa.pl\/wp-content\/uploads\/2025\/10\/corporateevent-100x100.png 100w, https:\/\/emeraldspa.pl\/wp-content\/uploads\/2025\/10\/corporateevent.png 1024w\" sizes=\"(max-width: 300px) 100vw, 300px\" \/><\/div>\n\t\t<\/a>\n\t\t\t\t<div class=\"elementor-post__text\">\n\t\t\t\t<h3 class=\"elementor-post__title\">\n\t\t\t<a href=\"https:\/\/emeraldspa.pl\/de\/firmen-spa-tage\/\" >\n\t\t\t\tCorporate Spa-Tage\t\t\t<\/a>\n\t\t<\/h3>\n\t\t\n\t\t<a class=\"elementor-post__read-more\" href=\"https:\/\/emeraldspa.pl\/de\/firmen-spa-tage\/\" aria-label=\"Mehr \u00fcber Corporate Spa Days\" tabindex=\"-1\" >\n\t\t\tMehr lesen \"\t\t<\/a>\n\n\t\t\t\t<\/div>\n\t\t\t\t<\/article>\n\t\t\t\t<article class=\"elementor-post elementor-grid-item post-5352 post type-post status-publish format-standard has-post-thumbnail hentry category-blog category-private-use category-stag-relaxation-evenings\" role=\"listitem\">\n\t\t\t\t<a class=\"elementor-post__thumbnail__link\" href=\"https:\/\/emeraldspa.pl\/de\/junggesellenabende-zur-entspannung\/\" tabindex=\"-1\" >\n\t\t\t<div class=\"elementor-post__thumbnail\"><img loading=\"lazy\" decoding=\"async\" width=\"300\" height=\"200\" src=\"https:\/\/emeraldspa.pl\/wp-content\/uploads\/2025\/10\/stagnight1-300x200.png\" class=\"attachment-medium size-medium wp-image-5401\" alt=\"\" srcset=\"https:\/\/emeraldspa.pl\/wp-content\/uploads\/2025\/10\/stagnight1-300x200.png 300w, https:\/\/emeraldspa.pl\/wp-content\/uploads\/2025\/10\/stagnight1-1024x683.png 1024w, https:\/\/emeraldspa.pl\/wp-content\/uploads\/2025\/10\/stagnight1-768x512.png 768w, https:\/\/emeraldspa.pl\/wp-content\/uploads\/2025\/10\/stagnight1-18x12.png 18w, https:\/\/emeraldspa.pl\/wp-content\/uploads\/2025\/10\/stagnight1-600x400.png 600w, https:\/\/emeraldspa.pl\/wp-content\/uploads\/2025\/10\/stagnight1.png 1536w\" sizes=\"(max-width: 300px) 100vw, 300px\" \/><\/div>\n\t\t<\/a>\n\t\t\t\t<div class=\"elementor-post__text\">\n\t\t\t\t<h3 class=\"elementor-post__title\">\n\t\t\t<a href=\"https:\/\/emeraldspa.pl\/de\/junggesellenabende-zur-entspannung\/\" >\n\t\t\t\tJunggesellenabschiede im Thermalbad\t\t\t<\/a>\n\t\t<\/h3>\n\t\t\n\t\t<a class=\"elementor-post__read-more\" href=\"https:\/\/emeraldspa.pl\/de\/junggesellenabende-zur-entspannung\/\" aria-label=\"Mehr \u00fcber Stag nights at the spa\" tabindex=\"-1\" >\n\t\t\tMehr lesen \"\t\t<\/a>\n\n\t\t\t\t<\/div>\n\t\t\t\t<\/article>\n\t\t\t\t<article class=\"elementor-post elementor-grid-item post-5337 post type-post status-publish format-standard has-post-thumbnail hentry category-blog category-hen-nights-bridal-showers category-private-use\" role=\"listitem\">\n\t\t\t\t<a class=\"elementor-post__thumbnail__link\" href=\"https:\/\/emeraldspa.pl\/de\/junggesellinnenabschiede-brautmodenschauen\/\" tabindex=\"-1\" >\n\t\t\t<div class=\"elementor-post__thumbnail\"><img loading=\"lazy\" decoding=\"async\" width=\"300\" height=\"300\" src=\"https:\/\/emeraldspa.pl\/wp-content\/uploads\/2025\/10\/hennightbridalshower-300x300.png\" class=\"attachment-medium size-medium wp-image-5288\" alt=\"\" srcset=\"https:\/\/emeraldspa.pl\/wp-content\/uploads\/2025\/10\/hennightbridalshower-300x300.png 300w, https:\/\/emeraldspa.pl\/wp-content\/uploads\/2025\/10\/hennightbridalshower-150x150.png 150w, https:\/\/emeraldspa.pl\/wp-content\/uploads\/2025\/10\/hennightbridalshower-768x768.png 768w, https:\/\/emeraldspa.pl\/wp-content\/uploads\/2025\/10\/hennightbridalshower-12x12.png 12w, https:\/\/emeraldspa.pl\/wp-content\/uploads\/2025\/10\/hennightbridalshower-600x600.png 600w, https:\/\/emeraldspa.pl\/wp-content\/uploads\/2025\/10\/hennightbridalshower-100x100.png 100w, https:\/\/emeraldspa.pl\/wp-content\/uploads\/2025\/10\/hennightbridalshower.png 1024w\" sizes=\"(max-width: 300px) 100vw, 300px\" \/><\/div>\n\t\t<\/a>\n\t\t\t\t<div class=\"elementor-post__text\">\n\t\t\t\t<h3 class=\"elementor-post__title\">\n\t\t\t<a href=\"https:\/\/emeraldspa.pl\/de\/junggesellinnenabschiede-brautmodenschauen\/\" >\n\t\t\t\tJunggesellinnenabschiede &amp; Brautmodenschauen\t\t\t<\/a>\n\t\t<\/h3>\n\t\t\n\t\t<a class=\"elementor-post__read-more\" href=\"https:\/\/emeraldspa.pl\/de\/junggesellinnenabschiede-brautmodenschauen\/\" aria-label=\"Mehr \u00fcber Hen Nights &amp; Bridal Showers\" tabindex=\"-1\" >\n\t\t\tMehr lesen \"\t\t<\/a>\n\n\t\t\t\t<\/div>\n\t\t\t\t<\/article>\n\t\t\t\t<article class=\"elementor-post elementor-grid-item post-5318 post type-post status-publish format-standard has-post-thumbnail hentry category-birthday-parties category-blog category-private-use tag-birthday tag-birthdays\" role=\"listitem\">\n\t\t\t\t<a class=\"elementor-post__thumbnail__link\" href=\"https:\/\/emeraldspa.pl\/de\/geburtstagsfeiern\/\" tabindex=\"-1\" >\n\t\t\t<div class=\"elementor-post__thumbnail\"><img loading=\"lazy\" decoding=\"async\" width=\"300\" height=\"300\" src=\"https:\/\/emeraldspa.pl\/wp-content\/uploads\/2025\/10\/birthdaypartycategory-300x300.png\" class=\"attachment-medium size-medium wp-image-5290\" alt=\"\" srcset=\"https:\/\/emeraldspa.pl\/wp-content\/uploads\/2025\/10\/birthdaypartycategory-300x300.png 300w, https:\/\/emeraldspa.pl\/wp-content\/uploads\/2025\/10\/birthdaypartycategory-150x150.png 150w, https:\/\/emeraldspa.pl\/wp-content\/uploads\/2025\/10\/birthdaypartycategory-768x768.png 768w, https:\/\/emeraldspa.pl\/wp-content\/uploads\/2025\/10\/birthdaypartycategory-12x12.png 12w, https:\/\/emeraldspa.pl\/wp-content\/uploads\/2025\/10\/birthdaypartycategory-600x600.png 600w, https:\/\/emeraldspa.pl\/wp-content\/uploads\/2025\/10\/birthdaypartycategory-100x100.png 100w, https:\/\/emeraldspa.pl\/wp-content\/uploads\/2025\/10\/birthdaypartycategory.png 1024w\" sizes=\"(max-width: 300px) 100vw, 300px\" \/><\/div>\n\t\t<\/a>\n\t\t\t\t<div class=\"elementor-post__text\">\n\t\t\t\t<h3 class=\"elementor-post__title\">\n\t\t\t<a href=\"https:\/\/emeraldspa.pl\/de\/geburtstagsfeiern\/\" >\n\t\t\t\tGeburtstagsfeiern\t\t\t<\/a>\n\t\t<\/h3>\n\t\t\n\t\t<a class=\"elementor-post__read-more\" href=\"https:\/\/emeraldspa.pl\/de\/geburtstagsfeiern\/\" aria-label=\"Mehr \u00fcber Birthday Parties\" tabindex=\"-1\" >\n\t\t\tMehr lesen \"\t\t<\/a>\n\n\t\t\t\t<\/div>\n\t\t\t\t<\/article>\n\t\t\t\t<\/div>\n\t\t\t\t\t<span class=\"e-load-more-spinner\">\n\t\t\t\t<svg aria-hidden=\"true\" class=\"e-font-icon-svg e-fas-spinner\" viewbox=\"0 0 512 512\" xmlns=\"http:\/\/www.w3.org\/2000\/svg\"><path d=\"M304 48c0 26.51-21.49 48-48 48s-48-21.49-48-48 21.49-48 48-48 48 21.49 48 48zm-48 368c-26.51 0-48 21.49-48 48s21.49 48 48 48 48-21.49 48-48-21.49-48-48-48zm208-208c-26.51 0-48 21.49-48 48s21.49 48 48 48 48-21.49 48-48-21.49-48-48-48zM96 256c0-26.51-21.49-48-48-48S0 229.49 0 256s21.49 48 48 48 48-21.49 48-48zm12.922 99.078c-26.51 0-48 21.49-48 48s21.49 48 48 48 48-21.49 48-48c0-26.509-21.491-48-48-48zm294.156 0c-26.51 0-48 21.49-48 48s21.49 48 48 48 48-21.49 48-48c0-26.509-21.49-48-48-48zM108.922 60.922c-26.51 0-48 21.49-48 48s21.49 48 48 48 48-21.49 48-48-21.491-48-48-48z\"><\/path><\/svg>\t\t\t<\/span>\n\t\t\n\t\t\t\t\t\t<\/div>\n\t\t\t\t<\/div>\n\t\t\t\t<div class=\"elementor-element elementor-element-fd8a916 elementor-widget elementor-widget-spacer\" data-id=\"fd8a916\" data-element_type=\"widget\" data-e-type=\"widget\" data-widget_type=\"spacer.default\">\n\t\t\t\t<div class=\"elementor-widget-container\">\n\t\t\t\t\t\t\t<div class=\"elementor-spacer\">\n\t\t\t<div class=\"elementor-spacer-inner\"><\/div>\n\t\t<\/div>\n\t\t\t\t\t\t<\/div>\n\t\t\t\t<\/div>\n\t\t\t\t\t<\/div>\n\t\t\t\t<\/div>\n\t\t\t\t<\/div>","protected":false},"excerpt":{"rendered":"<p>Private parties Organise your private event or party at Emerald Spa! Up to 40 people. Contact Us Private Spa Events &amp; Exclusive Hire Experience Emerald Spa all to yourself \u2014<\/p>","protected":false},"author":1,"featured_media":0,"parent":420,"menu_order":3,"comment_status":"closed","ping_status":"closed","template":"elementor_header_footer","meta":{"_acf_changed":false,"_price":"","_stock":"","_tribe_ticket_header":"","_tribe_default_ticket_provider":"","_tribe_ticket_capacity":"0","_ticket_start_date":"","_ticket_end_date":"","_tribe_ticket_show_description":"","_tribe_ticket_show_not_going":false,"_tribe_ticket_use_global_stock":"","_tribe_ticket_global_stock_level":"","_global_stock_mode":"","_global_stock_cap":"","_tribe_rsvp_for_event":"","_tribe_ticket_going_count":"","_tribe_ticket_not_going_count":"","_tribe_tickets_list":"[]","_tribe_ticket_has_attendee_info_fields":false,"footnotes":""},"class_list":["post-800","page","type-page","status-publish","hentry"],"acf":[],"_links":{"self":[{"href":"https:\/\/emeraldspa.pl\/de\/wp-json\/wp\/v2\/pages\/800","targetHints":{"allow":["GET"]}}],"collection":[{"href":"https:\/\/emeraldspa.pl\/de\/wp-json\/wp\/v2\/pages"}],"about":[{"href":"https:\/\/emeraldspa.pl\/de\/wp-json\/wp\/v2\/types\/page"}],"author":[{"embeddable":true,"href":"https:\/\/emeraldspa.pl\/de\/wp-json\/wp\/v2\/users\/1"}],"replies":[{"embeddable":true,"href":"https:\/\/emeraldspa.pl\/de\/wp-json\/wp\/v2\/comments?post=800"}],"version-history":[{"count":25,"href":"https:\/\/emeraldspa.pl\/de\/wp-json\/wp\/v2\/pages\/800\/revisions"}],"predecessor-version":[{"id":7576,"href":"https:\/\/emeraldspa.pl\/de\/wp-json\/wp\/v2\/pages\/800\/revisions\/7576"}],"up":[{"embeddable":true,"href":"https:\/\/emeraldspa.pl\/de\/wp-json\/wp\/v2\/pages\/420"}],"wp:attachment":[{"href":"https:\/\/emeraldspa.pl\/de\/wp-json\/wp\/v2\/media?parent=800"}],"curies":[{"name":"wp","href":"https:\/\/api.w.org\/{rel}","templated":true}]}}