{"id":3908,"date":"2025-10-11T20:06:34","date_gmt":"2025-10-11T18:06:34","guid":{"rendered":"https:\/\/emeraldspa.pl\/?page_id=3908"},"modified":"2026-03-31T13:29:20","modified_gmt":"2026-03-31T11:29:20","slug":"datenschutz","status":"publish","type":"page","link":"https:\/\/emeraldspa.pl\/de\/datenschutz\/","title":{"rendered":"Datenschutz"},"content":{"rendered":"\t\t<div data-elementor-type=\"wp-page\" data-elementor-id=\"3908\" class=\"elementor elementor-3908\" data-elementor-post-type=\"page\">\n\t\t\t\t<div class=\"elementor-element elementor-element-0dd10ed e-flex e-con-boxed e-con e-parent\" data-id=\"0dd10ed\" data-element_type=\"container\" data-e-type=\"container\">\n\t\t\t\t\t<div class=\"e-con-inner\">\n\t\t\t\t<div class=\"elementor-element elementor-element-b6d5c5a elementor-cta--skin-cover elementor-animated-content elementor-bg-transform elementor-bg-transform-zoom-in elementor-widget elementor-widget-call-to-action\" data-id=\"b6d5c5a\" data-element_type=\"widget\" data-e-type=\"widget\" data-widget_type=\"call-to-action.default\">\n\t\t\t\t<div class=\"elementor-widget-container\">\n\t\t\t\t\t\t\t<div class=\"elementor-cta\">\n\t\t\t\t\t<div class=\"elementor-cta__bg-wrapper\">\n\t\t\t\t<div class=\"elementor-cta__bg elementor-bg\" style=\"background-image: url(https:\/\/emeraldspa.pl\/wp-content\/uploads\/2025\/10\/ChatGPT-Image-Oct-11-2025-08_08_59-PM-1024x683.png);\" role=\"img\" aria-label=\"ChatGPT Image Oct 11, 2025, 08_08_59 PM\"><\/div>\n\t\t\t\t<div class=\"elementor-cta__bg-overlay\"><\/div>\n\t\t\t<\/div>\n\t\t\t\t\t\t\t<div class=\"elementor-cta__content\">\n\t\t\t\t\n\t\t\t\t\t\t\t\t\t<h2 class=\"elementor-cta__title elementor-cta__content-item elementor-content-item elementor-animated-item--grow\">\n\t\t\t\t\t\tPrivacy, protected with care\t\t\t\t\t<\/h2>\n\t\t\t\t\n\t\t\t\t\t\t\t\t\t<div class=\"elementor-cta__description elementor-cta__content-item elementor-content-item elementor-animated-item--grow\">\n\t\t\t\t\t\tWe safeguard your personal data with the same dedication we bring to your wellbeing.\t\t\t\t\t<\/div>\n\t\t\t\t\n\t\t\t\t\t\t\t<\/div>\n\t\t\t\t\t\t<\/div>\n\t\t\t\t\t\t<\/div>\n\t\t\t\t<\/div>\n\t\t\t\t\t<\/div>\n\t\t\t\t<\/div>\n\t\t<div class=\"elementor-element elementor-element-0449c62 e-flex e-con-boxed e-con e-parent\" data-id=\"0449c62\" data-element_type=\"container\" data-e-type=\"container\">\n\t\t\t\t\t<div class=\"e-con-inner\">\n\t\t\t\t<div class=\"elementor-element elementor-element-e86d10a elementor-widget elementor-widget-text-editor\" data-id=\"e86d10a\" data-element_type=\"widget\" data-e-type=\"widget\" data-widget_type=\"text-editor.default\">\n\t\t\t\t<div class=\"elementor-widget-container\">\n\t\t\t\t\t\t\t\t\t<h2 data-start=\"458\" data-end=\"493\"><strong data-start=\"461\" data-end=\"493\">Privacy Policy \u2013 Emerald Spa<\/strong><\/h2>\n<h3 data-start=\"495\" data-end=\"527\"><strong data-start=\"499\" data-end=\"525\">1. General Information<\/strong><\/h3>\n<p data-start=\"528\" data-end=\"912\">This Privacy Policy explains how <strong data-start=\"561\" data-end=\"576\">Emerald Spa<\/strong> (\u201cwe\u201d, \u201cour\u201d, \u201cus\u201d) collects, processes, and protects your personal data when you visit or make a purchase through our website <strong data-start=\"704\" data-end=\"754\"><a class=\"decorated-link cursor-pointer\" target=\"_new\" rel=\"noopener\" data-start=\"706\" data-end=\"752\">https:\/\/emeraldspa.pl<\/a><\/strong>.<br data-start=\"755\" data-end=\"758\">We operate in accordance with the <strong data-start=\"792\" data-end=\"851\">General Data Protection Regulation (EU) 2016\/679 (GDPR)<\/strong> and applicable <strong data-start=\"867\" data-end=\"911\">Polish data protection and consumer laws<\/strong>.<\/p>\n<hr data-start=\"914\" data-end=\"917\">\n<h3 data-start=\"919\" data-end=\"945\"><strong data-start=\"923\" data-end=\"945\">2. Data Controller<\/strong><\/h3>\n<p data-start=\"946\" data-end=\"1131\">The controller of your personal data is:<br data-start=\"986\" data-end=\"989\"><strong data-start=\"989\" data-end=\"1004\">Emerald Spa &#8211; Joanna Hawes<\/strong><br data-start=\"1004\" data-end=\"1007\">ul. Cha\u0142ubi\u0144skiego 64, 30-698 Krak\u00f3w, Poland<br data-start=\"1053\" data-end=\"1056\">NIP: 7342695546<br data-start=\"1071\" data-end=\"1074\">Email: info@emeraldspa.pl<br data-start=\"1101\" data-end=\"1104\">Phone: +48 515 548 755<\/p>\n<hr data-start=\"1133\" data-end=\"1136\">\n<h3 data-start=\"1138\" data-end=\"1173\"><strong data-start=\"1142\" data-end=\"1173\">3. Personal Data We Collect<\/strong><\/h3>\n<p data-start=\"1174\" data-end=\"1251\">When you interact with our store, we may collect the following information:<\/p>\n<ul data-start=\"1252\" data-end=\"1579\">\n<li data-start=\"1252\" data-end=\"1272\">\n<p data-start=\"1254\" data-end=\"1272\">Name and surname<\/p>\n<\/li>\n<li data-start=\"1273\" data-end=\"1305\">\n<p data-start=\"1275\" data-end=\"1305\">Billing and shipping address<\/p>\n<\/li>\n<li data-start=\"1306\" data-end=\"1340\">\n<p data-start=\"1308\" data-end=\"1340\">Email address and phone number<\/p>\n<\/li>\n<li data-start=\"1341\" data-end=\"1388\">\n<p data-start=\"1343\" data-end=\"1388\">Order details and payment confirmation data<\/p>\n<\/li>\n<li data-start=\"1389\" data-end=\"1441\">\n<p data-start=\"1391\" data-end=\"1441\">Account login details (if you create an account)<\/p>\n<\/li>\n<li data-start=\"1442\" data-end=\"1531\">\n<p data-start=\"1444\" data-end=\"1531\">IP address, browser information, and device type (for analytics and fraud prevention)<\/p>\n<\/li>\n<li data-start=\"1532\" data-end=\"1579\">\n<p data-start=\"1534\" data-end=\"1579\">Communication records (when you contact us)<\/p>\n<\/li>\n<\/ul>\n<p data-start=\"1581\" data-end=\"1718\">We do <strong data-start=\"1587\" data-end=\"1594\">not<\/strong> store or process your full payment card details \u2014 payments are handled securely by certified third-party payment providers.<\/p>\n<hr data-start=\"1720\" data-end=\"1723\">\n<h3 data-start=\"1725\" data-end=\"1774\"><strong data-start=\"1729\" data-end=\"1774\">4. Purpose and Legal Basis for Processing<\/strong><\/h3>\n<p data-start=\"1775\" data-end=\"1827\">Your data is processed for the following purposes:<\/p>\n<ul data-start=\"1828\" data-end=\"2209\">\n<li data-start=\"1828\" data-end=\"1917\">\n<p data-start=\"1830\" data-end=\"1917\">To process and fulfill your orders (Article 6(1)(b) GDPR \u2013 performance of a contract)<\/p>\n<\/li>\n<li data-start=\"1918\" data-end=\"2019\">\n<p data-start=\"1920\" data-end=\"2019\">To provide customer service and respond to inquiries (Article 6(1)(f) GDPR \u2013 legitimate interest)<\/p>\n<\/li>\n<li data-start=\"2020\" data-end=\"2111\">\n<p data-start=\"2022\" data-end=\"2111\">To comply with legal obligations such as accounting and taxation (Article 6(1)(c) GDPR)<\/p>\n<\/li>\n<li data-start=\"2112\" data-end=\"2209\">\n<p data-start=\"2114\" data-end=\"2209\">To send marketing materials or newsletters when you have given consent (Article 6(1)(a) GDPR)<\/p>\n<\/li>\n<\/ul>\n<hr data-start=\"2211\" data-end=\"2214\">\n<h3 data-start=\"2216\" data-end=\"2254\"><strong data-start=\"2220\" data-end=\"2254\">5. Data Retention and Security<\/strong><\/h3>\n<p data-start=\"2255\" data-end=\"2589\">We retain your personal data only as long as necessary to fulfill the purposes described above or as required by Polish law (e.g., 5 years for accounting records).<br data-start=\"2418\" data-end=\"2421\">Your data is stored securely using SSL encryption and protected servers. We use trusted WooCommerce and WordPress systems that comply with EU data protection standards.<\/p>\n<hr data-start=\"2591\" data-end=\"2594\">\n<h3 data-start=\"2596\" data-end=\"2619\"><strong data-start=\"2600\" data-end=\"2619\">6. Data Sharing<\/strong><\/h3>\n<p data-start=\"2620\" data-end=\"2726\">We may share your personal data only with trusted partners necessary to operate our business, including:<\/p>\n<ul data-start=\"2727\" data-end=\"2958\">\n<li data-start=\"2727\" data-end=\"2788\">\n<p data-start=\"2729\" data-end=\"2788\"><strong data-start=\"2729\" data-end=\"2751\">Payment processors<\/strong> (e.g., TPay, Przelewy24, PayPal, Stripe)<\/p>\n<\/li>\n<li data-start=\"2789\" data-end=\"2840\">\n<p data-start=\"2791\" data-end=\"2840\"><strong data-start=\"2791\" data-end=\"2813\">Delivery companies<\/strong> (e.g., InPost, DPD, DHL)<\/p>\n<\/li>\n<li data-start=\"2841\" data-end=\"2897\">\n<p data-start=\"2843\" data-end=\"2897\"><strong data-start=\"2843\" data-end=\"2871\">IT and hosting providers<\/strong> (for technical support)<\/p>\n<\/li>\n<li data-start=\"2898\" data-end=\"2958\">\n<p data-start=\"2900\" data-end=\"2958\"><strong data-start=\"2900\" data-end=\"2933\">Accounting and legal services<\/strong>, where required by law<\/p>\n<\/li>\n<\/ul>\n<p data-start=\"2960\" data-end=\"3046\">All third parties are GDPR-compliant and process your data only under our instruction.<\/p>\n<hr data-start=\"3048\" data-end=\"3051\">\n<h3 data-start=\"3053\" data-end=\"3075\"><strong data-start=\"3057\" data-end=\"3075\">7. Your Rights<\/strong><\/h3>\n<p data-start=\"3076\" data-end=\"3127\">Under GDPR and Polish law, you have the right to:<\/p>\n<ul data-start=\"3128\" data-end=\"3477\">\n<li data-start=\"3128\" data-end=\"3169\">\n<p data-start=\"3130\" data-end=\"3169\">Access and obtain a copy of your data<\/p>\n<\/li>\n<li data-start=\"3170\" data-end=\"3211\">\n<p data-start=\"3172\" data-end=\"3211\">Correct inaccurate or incomplete data<\/p>\n<\/li>\n<li data-start=\"3212\" data-end=\"3258\">\n<p data-start=\"3214\" data-end=\"3258\">Request deletion (\u201cright to be forgotten\u201d)<\/p>\n<\/li>\n<li data-start=\"3259\" data-end=\"3295\">\n<p data-start=\"3261\" data-end=\"3295\">Restrict or object to processing<\/p>\n<\/li>\n<li data-start=\"3296\" data-end=\"3347\">\n<p data-start=\"3298\" data-end=\"3347\">Withdraw consent (for marketing communications)<\/p>\n<\/li>\n<li data-start=\"3348\" data-end=\"3376\">\n<p data-start=\"3350\" data-end=\"3376\">Request data portability<\/p>\n<\/li>\n<li data-start=\"3377\" data-end=\"3477\">\n<p data-start=\"3379\" data-end=\"3477\">Lodge a complaint with the <strong data-start=\"3406\" data-end=\"3465\">President of the Personal Data Protection Office (UODO)<\/strong> in Warsaw<\/p>\n<\/li>\n<\/ul>\n<p data-start=\"3479\" data-end=\"3550\">To exercise your rights, please contact us at <strong data-start=\"3525\" data-end=\"3549\">[your email address]<\/strong>.<\/p>\n<hr data-start=\"3552\" data-end=\"3555\">\n<h3 data-start=\"3557\" data-end=\"3589\"><strong data-start=\"3561\" data-end=\"3589\">8. Cookies and Analytics<\/strong><\/h3>\n<p data-start=\"3590\" data-end=\"3891\">Our website uses cookies to ensure proper functionality, enhance your shopping experience, and analyze traffic.<br data-start=\"3701\" data-end=\"3704\">You can adjust cookie settings in your browser at any time.<br data-start=\"3763\" data-end=\"3766\">By continuing to use our website without changing settings, you consent to our use of cookies in accordance with this Policy.<\/p>\n<hr data-start=\"3893\" data-end=\"3896\">\n<h3 data-start=\"3898\" data-end=\"3932\"><strong data-start=\"3902\" data-end=\"3932\">9. Marketing Communication<\/strong><\/h3>\n<p data-start=\"3933\" data-end=\"4183\">If you subscribe to our newsletter or agree to receive updates, we will use your contact details to send news, offers, or wellness tips related to Emerald Spa.<br data-start=\"4092\" data-end=\"4095\">You can unsubscribe at any time via the link in our emails or by contacting us directly.<\/p>\n<hr data-start=\"4185\" data-end=\"4188\">\n<h3 data-start=\"4190\" data-end=\"4216\"><strong data-start=\"4194\" data-end=\"4216\">10. Policy Updates<\/strong><\/h3>\n<p data-start=\"4217\" data-end=\"4408\">We may update this Privacy Policy periodically to reflect changes in our practices or legal obligations.<br data-start=\"4321\" data-end=\"4324\">The latest version will always be available on this page with a \u201cLast Updated\u201d date.<\/p>\n<hr data-start=\"4410\" data-end=\"4413\">\n<p data-start=\"4415\" data-end=\"4530\"><strong data-start=\"4415\" data-end=\"4432\">Last Updated:<\/strong> 11\/10\/25<br data-start=\"4446\" data-end=\"4449\"><strong data-start=\"4449\" data-end=\"4481\">Emerald Spa \u2013 Krak\u00f3w, Poland<\/strong><br data-start=\"4481\" data-end=\"4484\"><a class=\"decorated-link cursor-pointer\" target=\"_new\" rel=\"noopener\" data-start=\"4484\" data-end=\"4530\">https:\/\/emeraldspa.pl<\/a><\/p>\t\t\t\t\t\t\t\t<\/div>\n\t\t\t\t<\/div>\n\t\t\t\t\t<\/div>\n\t\t\t\t<\/div>\n\t\t\t\t<\/div>\n\t\t","protected":false},"excerpt":{"rendered":"<p>Privacy, protected with care We safeguard your personal data with the same dedication we bring to your wellbeing. Privacy Policy \u2013 Emerald Spa 1. General Information This Privacy Policy explains [&hellip;]<\/p>\n","protected":false},"author":1,"featured_media":0,"parent":0,"menu_order":0,"comment_status":"closed","ping_status":"closed","template":"","meta":{"_acf_changed":false,"_price":"","_stock":"","_tribe_ticket_header":"","_tribe_default_ticket_provider":"","_tribe_ticket_capacity":"","_ticket_start_date":"","_ticket_end_date":"","_tribe_ticket_show_description":"","_tribe_ticket_show_not_going":false,"_tribe_ticket_use_global_stock":"","_tribe_ticket_global_stock_level":"","_global_stock_mode":"","_global_stock_cap":"","_tribe_rsvp_for_event":"","_tribe_ticket_going_count":"","_tribe_ticket_not_going_count":"","_tribe_tickets_list":"[]","_tribe_ticket_has_attendee_info_fields":false,"footnotes":""},"class_list":["post-3908","page","type-page","status-publish","hentry"],"acf":[],"_links":{"self":[{"href":"https:\/\/emeraldspa.pl\/de\/wp-json\/wp\/v2\/pages\/3908","targetHints":{"allow":["GET"]}}],"collection":[{"href":"https:\/\/emeraldspa.pl\/de\/wp-json\/wp\/v2\/pages"}],"about":[{"href":"https:\/\/emeraldspa.pl\/de\/wp-json\/wp\/v2\/types\/page"}],"author":[{"embeddable":true,"href":"https:\/\/emeraldspa.pl\/de\/wp-json\/wp\/v2\/users\/1"}],"replies":[{"embeddable":true,"href":"https:\/\/emeraldspa.pl\/de\/wp-json\/wp\/v2\/comments?post=3908"}],"version-history":[{"count":7,"href":"https:\/\/emeraldspa.pl\/de\/wp-json\/wp\/v2\/pages\/3908\/revisions"}],"predecessor-version":[{"id":8098,"href":"https:\/\/emeraldspa.pl\/de\/wp-json\/wp\/v2\/pages\/3908\/revisions\/8098"}],"wp:attachment":[{"href":"https:\/\/emeraldspa.pl\/de\/wp-json\/wp\/v2\/media?parent=3908"}],"curies":[{"name":"wp","href":"https:\/\/api.w.org\/{rel}","templated":true}]}}