{"id":3271,"date":"2023-10-20T12:12:09","date_gmt":"2023-10-20T10:12:09","guid":{"rendered":"https:\/\/emeraldspa.pl\/?page_id=3271"},"modified":"2025-10-14T14:19:26","modified_gmt":"2025-10-14T12:19:26","slug":"tibetische-gongs-und-schalen","status":"publish","type":"page","link":"https:\/\/emeraldspa.pl\/de\/dienstleistungen\/tibetische-gongs-und-schalen\/","title":{"rendered":"Tibetische Gongs und Schalen"},"content":{"rendered":"<div data-elementor-type=\"wp-post\" data-elementor-id=\"3271\" class=\"elementor elementor-3271\" data-elementor-post-type=\"page\">\n\t\t\t\t<div class=\"elementor-element elementor-element-259ed51 e-flex e-con-boxed e-con e-parent\" data-id=\"259ed51\" data-element_type=\"container\" data-e-type=\"container\">\n\t\t\t\t\t<div class=\"e-con-inner\">\n\t\t\t\t<div class=\"elementor-element elementor-element-759a9a0 elementor-cta--skin-cover elementor-animated-content elementor-bg-transform elementor-bg-transform-zoom-in elementor-widget elementor-widget-call-to-action\" data-id=\"759a9a0\" data-element_type=\"widget\" data-e-type=\"widget\" data-widget_type=\"call-to-action.default\">\n\t\t\t\t<div class=\"elementor-widget-container\">\n\t\t\t\t\t\t\t<div class=\"elementor-cta\">\n\t\t\t\t\t<div class=\"elementor-cta__bg-wrapper\">\n\t\t\t\t<div class=\"elementor-cta__bg elementor-bg\" style=\"background-image: url(https:\/\/emeraldspa.pl\/wp-content\/uploads\/2023\/10\/gongs3-1024x684.jpg);\" role=\"img\" aria-label=\"Gongs3\"><\/div>\n\t\t\t\t<div class=\"elementor-cta__bg-overlay\"><\/div>\n\t\t\t<\/div>\n\t\t\t\t\t\t\t<div class=\"elementor-cta__content\">\n\t\t\t\t\n\t\t\t\t\t\t\t\t\t<h2 class=\"elementor-cta__title elementor-cta__content-item elementor-content-item elementor-animated-item--grow\">\n\t\t\t\t\t\tKlangmassage\t\t\t\t\t<\/h2>\n\t\t\t\t\n\t\t\t\t\t\t\t\t\t<div class=\"elementor-cta__description elementor-cta__content-item elementor-content-item elementor-animated-item--grow\">\n\t\t\t\t\t\tNehmen Sie eine Sitzung mit tibetischen Gongs und Klangschalen in Ihr Spa-Paket auf.\t\t\t\t\t<\/div>\n\t\t\t\t\n\t\t\t\t\t\t\t\t\t<div class=\"elementor-cta__button-wrapper elementor-cta__content-item elementor-content-item elementor-animated-item--grow\">\n\t\t\t\t\t<a class=\"elementor-cta__button elementor-button elementor-size-\" href=\"\/de\/kontakt\/\">\n\t\t\t\t\t\tKontakt\t\t\t\t\t<\/a>\n\t\t\t\t\t<\/div>\n\t\t\t\t\t\t\t<\/div>\n\t\t\t\t\t\t<\/div>\n\t\t\t\t\t\t<\/div>\n\t\t\t\t<\/div>\n\t\t\t\t\t<\/div>\n\t\t\t\t<\/div>\n\t\t<div class=\"elementor-element elementor-element-34d2be9 e-flex e-con-boxed e-con e-parent\" data-id=\"34d2be9\" data-element_type=\"container\" data-e-type=\"container\">\n\t\t\t\t\t<div class=\"e-con-inner\">\n\t\t\t\t<div class=\"elementor-element elementor-element-8a9ca8f elementor-widget elementor-widget-spacer\" data-id=\"8a9ca8f\" data-element_type=\"widget\" data-e-type=\"widget\" data-widget_type=\"spacer.default\">\n\t\t\t\t<div class=\"elementor-widget-container\">\n\t\t\t\t\t\t\t<div class=\"elementor-spacer\">\n\t\t\t<div class=\"elementor-spacer-inner\"><\/div>\n\t\t<\/div>\n\t\t\t\t\t\t<\/div>\n\t\t\t\t<\/div>\n\t\t\t\t\t<\/div>\n\t\t\t\t<\/div>\n\t\t<div class=\"elementor-element elementor-element-f69007e e-flex e-con-boxed e-con e-parent\" data-id=\"f69007e\" data-element_type=\"container\" data-e-type=\"container\">\n\t\t\t\t\t<div class=\"e-con-inner\">\n\t\t\t\t\t<\/div>\n\t\t\t\t<\/div>\n\t\t<div class=\"elementor-element elementor-element-7923c7a e-flex e-con-boxed e-con e-parent\" data-id=\"7923c7a\" data-element_type=\"container\" data-e-type=\"container\">\n\t\t\t\t\t<div class=\"e-con-inner\">\n\t\t<div class=\"elementor-element elementor-element-f0bd274 e-con-full e-flex e-con e-child\" data-id=\"f0bd274\" data-element_type=\"container\" data-e-type=\"container\">\n\t\t\t\t<div class=\"elementor-element elementor-element-f1b06ce elementor-widget elementor-widget-text-editor\" data-id=\"f1b06ce\" data-element_type=\"widget\" data-e-type=\"widget\" data-widget_type=\"text-editor.default\">\n\t\t\t\t<div class=\"elementor-widget-container\">\n\t\t\t\t\t\t\t\t\t<h2>Konzerte mit tibetischen Klangschalen und Gongs<\/h2><p>Konzerte sind Live-Klang-Entspannungssitzungen. Sie sind ein einfacher und doch tiefgreifender Weg, um uns mit dem Kern unseres Wesens zu verbinden und unseren K\u00f6rper durch Resonanz auf der Zellebene zu stimmen. Schwingungen beeinflussen sowohl unseren emotionalen als auch unseren physischen K\u00f6rper. Kl\u00e4nge und Gef\u00fchle sind miteinander verbunden, und unser emotionales Wohlbefinden wirkt sich auf unser k\u00f6rperliches Wohlbefinden aus. Live-Kl\u00e4nge sind vergleichbar mit einem Treffen und Kaffeetrinken mit einem Freund auf der Couch oder einem Telefongespr\u00e4ch.<\/p><h2>Ein Bad in Klang<\/h2><p>Ein therapeutisches Konzert mit dem Klang von Gongs und Klangschalen ist f\u00fcr alle, die Harmonie einf\u00fchren, entspannen und Selbstheilungsprozesse st\u00e4rken wollen. Der Klang des Gongs fokussiert Ihre ganze Aufmerksamkeit und schiebt alle Emotionen beiseite. Sie erleben das Konzert in vollen Z\u00fcgen, wenn Sie sich auf die Matte legen und sich in eine Decke einwickeln. Der K\u00f6rper kann dann eine tiefe Entspannung erfahren und die Prozesse ganz nat\u00fcrlich ablaufen lassen. Das ganze Leuchten und die Kl\u00e4nge des Gongs dringen in Form von Schwingungen ein und vereinen K\u00f6rper und Geist. Der Klang von tibetischen Klangschalen, Kristallklangschalen und anderen Instrumenten unterst\u00fctzt diese Erfahrung. Er l\u00e4sst keinen Platz f\u00fcr Gedankenchaos im Kopf, er l\u00e4dt ein zum innigen Kontakt mit dem kosmischen Raum, von dem du ein Teil bist. Du wirst es vermissen, wenn der Klang verklingt. Du wirst sp\u00fcren, dass du mehr und mehr willst...<\/p><p>Wir bieten dies im Emerald Spa an, kostenlos an bestimmten Sauna-Event-Abenden oder als bezahlte Erg\u00e4nzung zu einem Massage- und Saunapaket. Das Konzert ist besonders f\u00fcr \u00dcbernachtungsg\u00e4ste geeignet, da es Ihnen beim Einschlafen hilft.<\/p>\t\t\t\t\t\t\t\t<\/div>\n\t\t\t\t<\/div>\n\t\t\t\t<\/div>\n\t\t<div class=\"elementor-element elementor-element-851ed9b e-con-full e-flex e-con e-child\" data-id=\"851ed9b\" data-element_type=\"container\" data-e-type=\"container\">\n\t\t\t\t<div class=\"elementor-element elementor-element-fa07d05 elementor-position-top elementor-widget elementor-widget-image-box\" data-id=\"fa07d05\" data-element_type=\"widget\" data-e-type=\"widget\" data-widget_type=\"image-box.default\">\n\t\t\t\t<div class=\"elementor-widget-container\">\n\t\t\t\t\t<div class=\"elementor-image-box-wrapper\"><figure class=\"elementor-image-box-img\"><img fetchpriority=\"high\" decoding=\"async\" width=\"800\" height=\"684\" src=\"https:\/\/emeraldspa.pl\/wp-content\/uploads\/2025\/10\/GongsAsia.jpg\" class=\"elementor-animation-grow attachment-large size-large wp-image-5024\" alt=\"\" srcset=\"https:\/\/emeraldspa.pl\/wp-content\/uploads\/2025\/10\/GongsAsia.jpg 955w, https:\/\/emeraldspa.pl\/wp-content\/uploads\/2025\/10\/GongsAsia-300x257.jpg 300w, https:\/\/emeraldspa.pl\/wp-content\/uploads\/2025\/10\/GongsAsia-768x657.jpg 768w, https:\/\/emeraldspa.pl\/wp-content\/uploads\/2025\/10\/GongsAsia-14x12.jpg 14w, https:\/\/emeraldspa.pl\/wp-content\/uploads\/2025\/10\/GongsAsia-600x513.jpg 600w\" sizes=\"(max-width: 800px) 100vw, 800px\" \/><\/figure><div class=\"elementor-image-box-content\"><p class=\"elementor-image-box-description\">Wenn Sie noch nie ein Klangbad erlebt haben, m\u00fcssen Sie es einfach ausprobieren!<\/p><\/div><\/div>\t\t\t\t<\/div>\n\t\t\t\t<\/div>\n\t\t\t\t<div class=\"elementor-element elementor-element-5fcd085 elementor-widget elementor-widget-price-list\" data-id=\"5fcd085\" data-element_type=\"widget\" data-e-type=\"widget\" data-widget_type=\"price-list.default\">\n\t\t\t\t<div class=\"elementor-widget-container\">\n\t\t\t\t\t\n\t\t<ul class=\"elementor-price-list\">\n\n\t\t\t\t\t\t\t\t\t<li><a class=\"elementor-price-list-item\" href=\"#\">\t\t\t\t\n\t\t\t\t<div class=\"elementor-price-list-text\">\n\t\t\t\t\t\t\t\t\t<div class=\"elementor-price-list-header\">\n\t\t\t\t\t\t\t\t\t\t\t<span class=\"elementor-price-list-title\">\n\t\t\t\t\t\t\t60 Min.\t\t\t\t\t\t<\/span>\n\t\t\t\t\t\t\t\t\t\t\t\t\t\t\t\t\t\t<span class=\"elementor-price-list-separator\"><\/span>\n\t\t\t\t\t\t\t\t\t\t\t\t\t\t\t\t\t\t\t<span class=\"elementor-price-list-price\">180z\u0142<\/span>\n\t\t\t\t\t\t\t\t\t\t<\/div>\n\t\t\t\t\t\t\t\t\t\t\t\t\t\t\t<p class=\"elementor-price-list-description\">\n\t\t\t\t\t\t\tF\u00fcr eine oder 2 Personen\t\t\t\t\t\t<\/p>\n\t\t\t\t\t\t\t\t<\/div>\n\t\t\t\t<\/a><\/li>\t\t\t\t\t\n\t\t<\/ul>\n\n\t\t\t\t\t\t<\/div>\n\t\t\t\t<\/div>\n\t\t\t\t<div class=\"elementor-element elementor-element-63c6a6b elementor-widget elementor-widget-spacer\" data-id=\"63c6a6b\" data-element_type=\"widget\" data-e-type=\"widget\" data-widget_type=\"spacer.default\">\n\t\t\t\t<div class=\"elementor-widget-container\">\n\t\t\t\t\t\t\t<div class=\"elementor-spacer\">\n\t\t\t<div class=\"elementor-spacer-inner\"><\/div>\n\t\t<\/div>\n\t\t\t\t\t\t<\/div>\n\t\t\t\t<\/div>\n\t\t\t\t<\/div>\n\t\t\t\t\t<\/div>\n\t\t\t\t<\/div>\n\t\t<div class=\"elementor-element elementor-element-6368b1b e-flex e-con-boxed e-con e-parent\" data-id=\"6368b1b\" data-element_type=\"container\" data-e-type=\"container\">\n\t\t\t\t\t<div class=\"e-con-inner\">\n\t\t\t\t<div class=\"elementor-element elementor-element-3101732 elementor-widget elementor-widget-spacer\" data-id=\"3101732\" data-element_type=\"widget\" data-e-type=\"widget\" data-widget_type=\"spacer.default\">\n\t\t\t\t<div class=\"elementor-widget-container\">\n\t\t\t\t\t\t\t<div class=\"elementor-spacer\">\n\t\t\t<div class=\"elementor-spacer-inner\"><\/div>\n\t\t<\/div>\n\t\t\t\t\t\t<\/div>\n\t\t\t\t<\/div>\n\t\t\t\t\t<\/div>\n\t\t\t\t<\/div>\n\t\t<div class=\"elementor-element elementor-element-ffbf199 e-flex e-con-boxed e-con e-parent\" data-id=\"ffbf199\" data-element_type=\"container\" data-e-type=\"container\">\n\t\t\t\t\t<div class=\"e-con-inner\">\n\t\t\t\t<div class=\"elementor-element elementor-element-3ecad0d elementor-cta--skin-cover elementor-animated-content elementor-bg-transform elementor-bg-transform-zoom-in elementor-widget elementor-widget-call-to-action\" data-id=\"3ecad0d\" data-element_type=\"widget\" data-e-type=\"widget\" data-widget_type=\"call-to-action.default\">\n\t\t\t\t<div class=\"elementor-widget-container\">\n\t\t\t\t\t\t\t<div class=\"elementor-cta\">\n\t\t\t\t\t<div class=\"elementor-cta__bg-wrapper\">\n\t\t\t\t<div class=\"elementor-cta__bg elementor-bg\" style=\"background-image: url(https:\/\/emeraldspa.pl\/wp-content\/uploads\/2023\/09\/shutterstock_1701764590-1024x683.jpg);\" role=\"img\" aria-label=\"closeup Natur Ansicht der gr\u00fcnen Blatt und Palmen Hintergrund. Flachlage, dunkles Naturkonzept, tropisches Blatt\"><\/div>\n\t\t\t\t<div class=\"elementor-cta__bg-overlay\"><\/div>\n\t\t\t<\/div>\n\t\t\t\t\t\t\t<div class=\"elementor-cta__content\">\n\t\t\t\t\n\t\t\t\t\t\t\t\t\t<h2 class=\"elementor-cta__title elementor-cta__content-item elementor-content-item elementor-animated-item--grow\">\n\t\t\t\t\t\tBuchen Sie Ihre Party\t\t\t\t\t<\/h2>\n\t\t\t\t\n\t\t\t\t\t\t\t\t\t<div class=\"elementor-cta__description elementor-cta__content-item elementor-content-item elementor-animated-item--grow\">\n\t\t\t\t\t\tSetzen Sie sich mit uns in Verbindung, um Ihre Bed\u00fcrfnisse und Anforderungen zu besprechen. Wir k\u00f6nnen Unterhaltung, Catering, Getr\u00e4nke, Sauna und andere Spezialit\u00e4ten arrangieren.\t\t\t\t\t<\/div>\n\t\t\t\t\n\t\t\t\t\t\t\t\t\t<div class=\"elementor-cta__button-wrapper elementor-cta__content-item elementor-content-item elementor-animated-item--grow\">\n\t\t\t\t\t<a class=\"elementor-cta__button elementor-button elementor-size-\" href=\"\/de\/kontakt\/\">\n\t\t\t\t\t\tKontakt\t\t\t\t\t<\/a>\n\t\t\t\t\t<\/div>\n\t\t\t\t\t\t\t<\/div>\n\t\t\t\t\t\t<\/div>\n\t\t\t\t\t\t<\/div>\n\t\t\t\t<\/div>\n\t\t\t\t\t<\/div>\n\t\t\t\t<\/div>\n\t\t\t\t<\/div>","protected":false},"excerpt":{"rendered":"<p>Sound Massage Include a session of Tibetan gongs and bowls sound therapy massage, in your spa package. Contact Us Concerts of Tibetan singing bowls and gongs Concerts are live sound [&hellip;]<\/p>\n","protected":false},"author":1,"featured_media":0,"parent":420,"menu_order":5,"comment_status":"closed","ping_status":"closed","template":"elementor_header_footer","meta":{"_acf_changed":false,"_price":"","_stock":"","_tribe_ticket_header":"","_tribe_default_ticket_provider":"","_tribe_ticket_capacity":"0","_ticket_start_date":"","_ticket_end_date":"","_tribe_ticket_show_description":"","_tribe_ticket_show_not_going":false,"_tribe_ticket_use_global_stock":"","_tribe_ticket_global_stock_level":"","_global_stock_mode":"","_global_stock_cap":"","_tribe_rsvp_for_event":"","_tribe_ticket_going_count":"","_tribe_ticket_not_going_count":"","_tribe_tickets_list":"[]","_tribe_ticket_has_attendee_info_fields":false,"footnotes":""},"class_list":["post-3271","page","type-page","status-publish","hentry"],"acf":[],"_links":{"self":[{"href":"https:\/\/emeraldspa.pl\/de\/wp-json\/wp\/v2\/pages\/3271","targetHints":{"allow":["GET"]}}],"collection":[{"href":"https:\/\/emeraldspa.pl\/de\/wp-json\/wp\/v2\/pages"}],"about":[{"href":"https:\/\/emeraldspa.pl\/de\/wp-json\/wp\/v2\/types\/page"}],"author":[{"embeddable":true,"href":"https:\/\/emeraldspa.pl\/de\/wp-json\/wp\/v2\/users\/1"}],"replies":[{"embeddable":true,"href":"https:\/\/emeraldspa.pl\/de\/wp-json\/wp\/v2\/comments?post=3271"}],"version-history":[{"count":13,"href":"https:\/\/emeraldspa.pl\/de\/wp-json\/wp\/v2\/pages\/3271\/revisions"}],"predecessor-version":[{"id":5027,"href":"https:\/\/emeraldspa.pl\/de\/wp-json\/wp\/v2\/pages\/3271\/revisions\/5027"}],"up":[{"embeddable":true,"href":"https:\/\/emeraldspa.pl\/de\/wp-json\/wp\/v2\/pages\/420"}],"wp:attachment":[{"href":"https:\/\/emeraldspa.pl\/de\/wp-json\/wp\/v2\/media?parent=3271"}],"curies":[{"name":"wp","href":"https:\/\/api.w.org\/{rel}","templated":true}]}}