{"id":3171,"date":"2023-10-19T09:51:14","date_gmt":"2023-10-19T07:51:14","guid":{"rendered":"https:\/\/emeraldspa.pl\/?page_id=3171"},"modified":"2023-10-19T13:22:09","modified_gmt":"2023-10-19T11:22:09","slug":"massage-fur-paare","status":"publish","type":"page","link":"https:\/\/emeraldspa.pl\/de\/dienstleistungen\/massage-fur-paare\/","title":{"rendered":"Massage f\u00fcr Paare"},"content":{"rendered":"<div data-elementor-type=\"wp-post\" data-elementor-id=\"3171\" class=\"elementor elementor-3171\" data-elementor-post-type=\"page\">\n\t\t\t\t<div class=\"elementor-element elementor-element-06034cd e-flex e-con-boxed e-con e-parent\" data-id=\"06034cd\" data-element_type=\"container\" data-e-type=\"container\">\n\t\t\t\t\t<div class=\"e-con-inner\">\n\t\t\t\t<div class=\"elementor-element elementor-element-3449547 elementor-cta--skin-cover elementor-animated-content elementor-bg-transform elementor-bg-transform-zoom-in elementor-widget elementor-widget-call-to-action\" data-id=\"3449547\" data-element_type=\"widget\" data-e-type=\"widget\" data-widget_type=\"call-to-action.default\">\n\t\t\t\t<div class=\"elementor-widget-container\">\n\t\t\t\t\t\t\t<div class=\"elementor-cta\">\n\t\t\t\t\t<div class=\"elementor-cta__bg-wrapper\">\n\t\t\t\t<div class=\"elementor-cta__bg elementor-bg\" style=\"background-image: url(https:\/\/emeraldspa.pl\/wp-content\/uploads\/2023\/09\/4599c42c-352e-4044-9fa6-a9c5c24f15fb.png);\" role=\"img\" aria-label=\"4599c42c-352e-4044-9fa6-a9c5c24f15fb\"><\/div>\n\t\t\t\t<div class=\"elementor-cta__bg-overlay\"><\/div>\n\t\t\t<\/div>\n\t\t\t\t\t\t\t<div class=\"elementor-cta__content\">\n\t\t\t\t\n\t\t\t\t\t\t\t\t\t<h2 class=\"elementor-cta__title elementor-cta__content-item elementor-content-item elementor-animated-item--grow\">\n\t\t\t\t\t\tMassagen f\u00fcr Paare\t\t\t\t\t<\/h2>\n\t\t\t\t\n\t\t\t\t\t\t\t\t\t<div class=\"elementor-cta__description elementor-cta__content-item elementor-content-item elementor-animated-item--grow\">\n\t\t\t\t\t\tInvestieren Sie in sich selbst als Paar mit diesen Massagen und Spa-Ritualen. Zwei Therapeuten (des von Ihnen gew\u00e4hlten Geschlechts) werden Sie beide verw\u00f6hnen.\t\t\t\t\t<\/div>\n\t\t\t\t\n\t\t\t\t\t\t\t\t\t<div class=\"elementor-cta__button-wrapper elementor-cta__content-item elementor-content-item elementor-animated-item--grow\">\n\t\t\t\t\t<a class=\"elementor-cta__button elementor-button elementor-size-\" href=\"https:\/\/emeraldspa.booksy.com\" target=\"_blank\" rel=\"noopener\">\n\t\t\t\t\t\tJetzt buchen\t\t\t\t\t<\/a>\n\t\t\t\t\t<\/div>\n\t\t\t\t\t\t\t<\/div>\n\t\t\t\t\t\t<\/div>\n\t\t\t\t\t\t<\/div>\n\t\t\t\t<\/div>\n\t\t<div class=\"elementor-element elementor-element-d61e08c e-flex e-con-boxed e-con e-child\" data-id=\"d61e08c\" data-element_type=\"container\" data-e-type=\"container\">\n\t\t\t\t\t<div class=\"e-con-inner\">\n\t\t<div class=\"elementor-element elementor-element-e582dd0 e-flex e-con-boxed e-con e-child\" data-id=\"e582dd0\" data-element_type=\"container\" data-e-type=\"container\">\n\t\t\t\t\t<div class=\"e-con-inner\">\n\t\t\t\t<div class=\"elementor-element elementor-element-c976d22 elementor-widget elementor-widget-text-editor\" data-id=\"c976d22\" data-element_type=\"widget\" data-e-type=\"widget\" data-widget_type=\"text-editor.default\">\n\t\t\t\t<div class=\"elementor-widget-container\">\n\t\t\t\t\t\t\t\t\t<p>Nehmen Sie eine Massage f\u00fcr zwei Personen (entweder ein Paar oder zwei Einzelpersonen) zusammen. Das ist ein tolles Geschenk und eine wunderbare Sache, die man mit einem Freund oder einer Freundin machen kann.<\/p>\n<ul>\n<li>Erstklassige Auswahl an kostenlosen Getr\u00e4nken.\u00a0<\/li>\n<li>Frische Handt\u00fccher und Duschen.<\/li>\n<li>Aromatherapie mit nat\u00fcrlichen \u00e4therischen Duft\u00f6len von h\u00f6chster Qualit\u00e4t<\/li>\n<li>Musik und Klangbad zur Entspannung<\/li>\n<li>Lichttherapie mit spezieller Beleuchtung<\/li>\n<li><b>Pakete verf\u00fcgbar<\/b> mit Sauna, Whirlpool, Massage, Lounge und sogar \u00dcbernachtung.<\/li>\n<li>Kostenlose Privatparkpl\u00e4tze.<\/li>\n<li>Qualifizierte und zertifizierte Massagetherapeuten<\/li>\n<li>Beratung und Hilfe bei Gesundheits- und Entspannungstechniken<\/li>\n<\/ul>\n<p>Wenn Sie irgendwelche W\u00fcnsche oder Anforderungen haben, dann <span style=\"text-decoration: underline;\"><strong><a href=\"tel:0048666937687\">kontaktieren Sie uns.<\/a><\/strong><\/span><\/p>\t\t\t\t\t\t\t\t<\/div>\n\t\t\t\t<\/div>\n\t\t\t\t\t<\/div>\n\t\t\t\t<\/div>\n\t\t\t\t\t<\/div>\n\t\t\t\t<\/div>\n\t\t\t\t<div class=\"elementor-element elementor-element-2084f0c elementor-widget elementor-widget-spacer\" data-id=\"2084f0c\" data-element_type=\"widget\" data-e-type=\"widget\" data-widget_type=\"spacer.default\">\n\t\t\t\t<div class=\"elementor-widget-container\">\n\t\t\t\t\t\t\t<div class=\"elementor-spacer\">\n\t\t\t<div class=\"elementor-spacer-inner\"><\/div>\n\t\t<\/div>\n\t\t\t\t\t\t<\/div>\n\t\t\t\t<\/div>\n\t\t\t\t\t<\/div>\n\t\t\t\t<\/div>\n\t\t<div class=\"elementor-element elementor-element-0105d9c e-flex e-con-boxed e-con e-parent\" data-id=\"0105d9c\" data-element_type=\"container\" data-e-type=\"container\">\n\t\t\t\t\t<div class=\"e-con-inner\">\n\t\t\t\t<div class=\"elementor-element elementor-element-6076632 elementor-grid-3 elementor-grid-tablet-2 elementor-grid-mobile-1 elementor-posts--thumbnail-top elementor-card-shadow-yes elementor-posts__hover-gradient elementor-widget elementor-widget-posts\" data-id=\"6076632\" data-element_type=\"widget\" data-e-type=\"widget\" data-settings=\"{&quot;pagination_type&quot;:&quot;load_more_infinite_scroll&quot;,&quot;cards_columns&quot;:&quot;3&quot;,&quot;cards_columns_tablet&quot;:&quot;2&quot;,&quot;cards_columns_mobile&quot;:&quot;1&quot;,&quot;cards_row_gap&quot;:{&quot;unit&quot;:&quot;px&quot;,&quot;size&quot;:35,&quot;sizes&quot;:[]},&quot;cards_row_gap_tablet&quot;:{&quot;unit&quot;:&quot;px&quot;,&quot;size&quot;:&quot;&quot;,&quot;sizes&quot;:[]},&quot;cards_row_gap_mobile&quot;:{&quot;unit&quot;:&quot;px&quot;,&quot;size&quot;:&quot;&quot;,&quot;sizes&quot;:[]},&quot;load_more_spinner&quot;:{&quot;value&quot;:&quot;fas fa-spinner&quot;,&quot;library&quot;:&quot;fa-solid&quot;}}\" data-widget_type=\"posts.cards\">\n\t\t\t\t<div class=\"elementor-widget-container\">\n\t\t\t\t\t\t\t<div class=\"elementor-posts-container elementor-posts elementor-posts--skin-cards elementor-grid\" role=\"list\">\n\t\t\t\t<article class=\"elementor-post elementor-grid-item post-2028 post type-post status-publish format-standard has-post-thumbnail hentry category-4-hands category-couples category-massages\" role=\"listitem\">\n\t\t\t<div class=\"elementor-post__card\">\n\t\t\t\t<a class=\"elementor-post__thumbnail__link\" href=\"https:\/\/emeraldspa.pl\/de\/klassisch\/\" tabindex=\"-1\"><div class=\"elementor-post__thumbnail\"><img fetchpriority=\"high\" decoding=\"async\" width=\"300\" height=\"188\" src=\"https:\/\/emeraldspa.pl\/wp-content\/uploads\/2023\/09\/post4-1-300x188.webp\" class=\"attachment-medium size-medium wp-image-678\" alt=\"\" srcset=\"https:\/\/emeraldspa.pl\/wp-content\/uploads\/2023\/09\/post4-1-300x188.webp 300w, https:\/\/emeraldspa.pl\/wp-content\/uploads\/2023\/09\/post4-1-600x375.webp 600w, https:\/\/emeraldspa.pl\/wp-content\/uploads\/2023\/09\/post4-1-768x480.webp 768w, https:\/\/emeraldspa.pl\/wp-content\/uploads\/2023\/09\/post4-1.webp 800w\" sizes=\"(max-width: 300px) 100vw, 300px\" \/><\/div><\/a>\n\t\t\t\t<div class=\"elementor-post__text\">\n\t\t\t\t<h3 class=\"elementor-post__title\">\n\t\t\t<a href=\"https:\/\/emeraldspa.pl\/de\/klassisch\/\">\n\t\t\t\tKlassiker (Schwedisch)\t\t\t<\/a>\n\t\t<\/h3>\n\t\t\t\t<div class=\"elementor-post__excerpt\">\n\t\t\t<p>Die klassische (schwedische) Massage bietet zahlreiche Vorteile, wie z. B. verbesserte Entspannung, verbesserte Blutzirkulation, geringere Muskelverspannungen, Stressabbau, St\u00e4rkung des Immunsystems und bessere Schlafqualit\u00e4t, und bietet einen ganzheitlichen Ansatz f\u00fcr k\u00f6rperliches Wohlbefinden und geistige Ruhe. Wirkt auf die Faszien Einschlie\u00dflich Ganzk\u00f6rper-, Gesichts-, Hand- und Fu\u00dfmassage<\/p>\n\t\t<\/div>\n\t\t\t\t\t<div class=\"elementor-post__read-more-wrapper\">\n\t\t\n\t\t<a class=\"elementor-post__read-more\" href=\"https:\/\/emeraldspa.pl\/de\/klassisch\/\" aria-label=\"Mehr \u00fcber Classic (Swedish)\" tabindex=\"-1\">\n\t\t\tMehr lesen \"\t\t<\/a>\n\n\t\t\t\t\t<\/div>\n\t\t\t\t<\/div>\n\t\t\t\t\t<\/div>\n\t\t<\/article>\n\t\t\t\t<article class=\"elementor-post elementor-grid-item post-2171 post type-post status-publish format-standard has-post-thumbnail hentry category-4-hands category-couples category-massages\" role=\"listitem\">\n\t\t\t<div class=\"elementor-post__card\">\n\t\t\t\t<a class=\"elementor-post__thumbnail__link\" href=\"https:\/\/emeraldspa.pl\/de\/entspannungsmassage\/\" tabindex=\"-1\"><div class=\"elementor-post__thumbnail\"><img decoding=\"async\" width=\"300\" height=\"200\" src=\"https:\/\/emeraldspa.pl\/wp-content\/uploads\/2023\/09\/4599c42c-352e-4044-9fa6-a9c5c24f15fb-300x200.png\" class=\"attachment-medium size-medium wp-image-689\" alt=\"\" srcset=\"https:\/\/emeraldspa.pl\/wp-content\/uploads\/2023\/09\/4599c42c-352e-4044-9fa6-a9c5c24f15fb-300x200.png 300w, https:\/\/emeraldspa.pl\/wp-content\/uploads\/2023\/09\/4599c42c-352e-4044-9fa6-a9c5c24f15fb-600x400.png 600w, https:\/\/emeraldspa.pl\/wp-content\/uploads\/2023\/09\/4599c42c-352e-4044-9fa6-a9c5c24f15fb-768x512.png 768w, https:\/\/emeraldspa.pl\/wp-content\/uploads\/2023\/09\/4599c42c-352e-4044-9fa6-a9c5c24f15fb.png 1000w\" sizes=\"(max-width: 300px) 100vw, 300px\" \/><\/div><\/a>\n\t\t\t\t<div class=\"elementor-post__text\">\n\t\t\t\t<h3 class=\"elementor-post__title\">\n\t\t\t<a href=\"https:\/\/emeraldspa.pl\/de\/entspannungsmassage\/\">\n\t\t\t\tEntspannende Massage\t\t\t<\/a>\n\t\t<\/h3>\n\t\t\t\t<div class=\"elementor-post__excerpt\">\n\t\t\t<p>Totale Entspannung mit sanft flie\u00dfender Massage, leiser Musik, Kerzen und hochwertigen Massage\u00f6len. Die entspannende Massage f\u00f6rdert die geistige Ruhe, baut Stress ab, lindert Muskelverspannungen, verbessert den Schlaf, hebt die Stimmung, kurbelt den Kreislauf an und f\u00f6rdert das allgemeine Wohlbefinden, bietet eine heitere Flucht und ganzheitliche Verj\u00fcngung f\u00fcr K\u00f6rper und Geist.<\/p>\n\t\t<\/div>\n\t\t\t\t\t<div class=\"elementor-post__read-more-wrapper\">\n\t\t\n\t\t<a class=\"elementor-post__read-more\" href=\"https:\/\/emeraldspa.pl\/de\/entspannungsmassage\/\" aria-label=\"Mehr \u00fcber Relaxing massage\" tabindex=\"-1\">\n\t\t\tMehr lesen \"\t\t<\/a>\n\n\t\t\t\t\t<\/div>\n\t\t\t\t<\/div>\n\t\t\t\t\t<\/div>\n\t\t<\/article>\n\t\t\t\t<article class=\"elementor-post elementor-grid-item post-2162 post type-post status-publish format-standard has-post-thumbnail hentry category-4-hands category-couples category-massages\" role=\"listitem\">\n\t\t\t<div class=\"elementor-post__card\">\n\t\t\t\t<a class=\"elementor-post__thumbnail__link\" href=\"https:\/\/emeraldspa.pl\/de\/tantrische-massage\/\" tabindex=\"-1\"><div class=\"elementor-post__thumbnail\"><img decoding=\"async\" width=\"300\" height=\"200\" src=\"https:\/\/emeraldspa.pl\/wp-content\/uploads\/2023\/09\/20-minutes-sensual-massage-for-your-partner-300x200.png\" class=\"attachment-medium size-medium wp-image-682\" alt=\"\" srcset=\"https:\/\/emeraldspa.pl\/wp-content\/uploads\/2023\/09\/20-minutes-sensual-massage-for-your-partner-300x200.png 300w, https:\/\/emeraldspa.pl\/wp-content\/uploads\/2023\/09\/20-minutes-sensual-massage-for-your-partner-600x400.png 600w, https:\/\/emeraldspa.pl\/wp-content\/uploads\/2023\/09\/20-minutes-sensual-massage-for-your-partner-1024x683.png 1024w, https:\/\/emeraldspa.pl\/wp-content\/uploads\/2023\/09\/20-minutes-sensual-massage-for-your-partner-768x512.png 768w, https:\/\/emeraldspa.pl\/wp-content\/uploads\/2023\/09\/20-minutes-sensual-massage-for-your-partner.png 1200w\" sizes=\"(max-width: 300px) 100vw, 300px\" \/><\/div><\/a>\n\t\t\t\t<div class=\"elementor-post__text\">\n\t\t\t\t<h3 class=\"elementor-post__title\">\n\t\t\t<a href=\"https:\/\/emeraldspa.pl\/de\/tantrische-massage\/\">\n\t\t\t\tTantrische Massage\t\t\t<\/a>\n\t\t<\/h3>\n\t\t\t\t<div class=\"elementor-post__excerpt\">\n\t\t\t<p>Die tantrische Ganzk\u00f6rpermassage f\u00f6rdert eine tiefe emotionale und k\u00f6rperliche Verbindung, steigert das sinnliche Bewusstsein, f\u00f6rdert den Energiefluss, erleichtert das Loslassen von Emotionen und bietet einen Weg, Spiritualit\u00e4t, Intimit\u00e4t und Vergn\u00fcgen auf eine achtsame, einvernehmliche und forschende Weise zu erkunden.<\/p>\n\t\t<\/div>\n\t\t\t\t\t<div class=\"elementor-post__read-more-wrapper\">\n\t\t\n\t\t<a class=\"elementor-post__read-more\" href=\"https:\/\/emeraldspa.pl\/de\/tantrische-massage\/\" aria-label=\"Mehr \u00fcber Tantric massage\" tabindex=\"-1\">\n\t\t\tMehr lesen \"\t\t<\/a>\n\n\t\t\t\t\t<\/div>\n\t\t\t\t<\/div>\n\t\t\t\t\t<\/div>\n\t\t<\/article>\n\t\t\t\t<article class=\"elementor-post elementor-grid-item post-2405 post type-post status-publish format-standard has-post-thumbnail hentry category-couples category-massages\" role=\"listitem\">\n\t\t\t<div class=\"elementor-post__card\">\n\t\t\t\t<a class=\"elementor-post__thumbnail__link\" href=\"https:\/\/emeraldspa.pl\/de\/bambus-massage\/\" tabindex=\"-1\"><div class=\"elementor-post__thumbnail\"><img loading=\"lazy\" decoding=\"async\" width=\"300\" height=\"200\" src=\"https:\/\/emeraldspa.pl\/wp-content\/uploads\/2023\/10\/stock-photo-woman-having-massage-with-bamboo-stick-in-wellness-center-closeup-1230517735-1920w-300x200.webp\" class=\"attachment-medium size-medium wp-image-2406\" alt=\"\" srcset=\"https:\/\/emeraldspa.pl\/wp-content\/uploads\/2023\/10\/stock-photo-woman-having-massage-with-bamboo-stick-in-wellness-center-closeup-1230517735-1920w-300x200.webp 300w, https:\/\/emeraldspa.pl\/wp-content\/uploads\/2023\/10\/stock-photo-woman-having-massage-with-bamboo-stick-in-wellness-center-closeup-1230517735-1920w-600x400.webp 600w, https:\/\/emeraldspa.pl\/wp-content\/uploads\/2023\/10\/stock-photo-woman-having-massage-with-bamboo-stick-in-wellness-center-closeup-1230517735-1920w-1024x683.webp 1024w, https:\/\/emeraldspa.pl\/wp-content\/uploads\/2023\/10\/stock-photo-woman-having-massage-with-bamboo-stick-in-wellness-center-closeup-1230517735-1920w-768x512.webp 768w, https:\/\/emeraldspa.pl\/wp-content\/uploads\/2023\/10\/stock-photo-woman-having-massage-with-bamboo-stick-in-wellness-center-closeup-1230517735-1920w-1536x1024.webp 1536w, https:\/\/emeraldspa.pl\/wp-content\/uploads\/2023\/10\/stock-photo-woman-having-massage-with-bamboo-stick-in-wellness-center-closeup-1230517735-1920w-18x12.webp 18w, https:\/\/emeraldspa.pl\/wp-content\/uploads\/2023\/10\/stock-photo-woman-having-massage-with-bamboo-stick-in-wellness-center-closeup-1230517735-1920w.webp 1920w\" sizes=\"(max-width: 300px) 100vw, 300px\" \/><\/div><\/a>\n\t\t\t\t<div class=\"elementor-post__text\">\n\t\t\t\t<h3 class=\"elementor-post__title\">\n\t\t\t<a href=\"https:\/\/emeraldspa.pl\/de\/bambus-massage\/\">\n\t\t\t\tBambus-Massage\t\t\t<\/a>\n\t\t<\/h3>\n\t\t\t\t<div class=\"elementor-post__excerpt\">\n\t\t\t<p>Bei der Bambusmassage, einer innovativen Therapie, werden beheizte Bambusrohre verwendet, die von den Therapeuten geschickt manipuliert werden, um Muskelverspannungen zu l\u00f6sen. Die W\u00e4rme des Bambus f\u00f6rdert die Entspannung, w\u00e4hrend die rollenden und knetenden Bewegungen die Durchblutung und den Stressabbau f\u00f6rdern und eine ruhige, verj\u00fcngende Erfahrung bieten, die auch den Energiefluss des K\u00f6rpers ausgleicht.<\/p>\n\t\t<\/div>\n\t\t\t\t\t<div class=\"elementor-post__read-more-wrapper\">\n\t\t\n\t\t<a class=\"elementor-post__read-more\" href=\"https:\/\/emeraldspa.pl\/de\/bambus-massage\/\" aria-label=\"Mehr \u00fcber Bamboo massage\" tabindex=\"-1\">\n\t\t\tMehr lesen \"\t\t<\/a>\n\n\t\t\t\t\t<\/div>\n\t\t\t\t<\/div>\n\t\t\t\t\t<\/div>\n\t\t<\/article>\n\t\t\t\t<article class=\"elementor-post elementor-grid-item post-2527 post type-post status-publish format-standard has-post-thumbnail hentry category-couples category-massages\" role=\"listitem\">\n\t\t\t<div class=\"elementor-post__card\">\n\t\t\t\t<a class=\"elementor-post__thumbnail__link\" href=\"https:\/\/emeraldspa.pl\/de\/schokoladenmassage\/\" tabindex=\"-1\"><div class=\"elementor-post__thumbnail\"><img loading=\"lazy\" decoding=\"async\" width=\"300\" height=\"184\" src=\"https:\/\/emeraldspa.pl\/wp-content\/uploads\/2023\/10\/chocolate-massage-1-scaled-1-300x184.jpg\" class=\"attachment-medium size-medium wp-image-2528\" alt=\"\" srcset=\"https:\/\/emeraldspa.pl\/wp-content\/uploads\/2023\/10\/chocolate-massage-1-scaled-1-300x184.jpg 300w, https:\/\/emeraldspa.pl\/wp-content\/uploads\/2023\/10\/chocolate-massage-1-scaled-1-600x367.jpg 600w, https:\/\/emeraldspa.pl\/wp-content\/uploads\/2023\/10\/chocolate-massage-1-scaled-1-1024x626.jpg 1024w, https:\/\/emeraldspa.pl\/wp-content\/uploads\/2023\/10\/chocolate-massage-1-scaled-1-768x470.jpg 768w, https:\/\/emeraldspa.pl\/wp-content\/uploads\/2023\/10\/chocolate-massage-1-scaled-1-1536x940.jpg 1536w, https:\/\/emeraldspa.pl\/wp-content\/uploads\/2023\/10\/chocolate-massage-1-scaled-1-2048x1253.jpg 2048w, https:\/\/emeraldspa.pl\/wp-content\/uploads\/2023\/10\/chocolate-massage-1-scaled-1-18x12.jpg 18w, https:\/\/emeraldspa.pl\/wp-content\/uploads\/2023\/10\/chocolate-massage-1-scaled-1.jpg 1560w\" sizes=\"(max-width: 300px) 100vw, 300px\" \/><\/div><\/a>\n\t\t\t\t<div class=\"elementor-post__text\">\n\t\t\t\t<h3 class=\"elementor-post__title\">\n\t\t\t<a href=\"https:\/\/emeraldspa.pl\/de\/schokoladenmassage\/\">\n\t\t\t\tSchokoladen-Luxus-Massage\t\t\t<\/a>\n\t\t<\/h3>\n\t\t\t\t<div class=\"elementor-post__excerpt\">\n\t\t\t<p>Die Massage mit echter Schokolade verw\u00f6hnt die Sinne, n\u00e4hrt die Haut und belebt den Geist. Sie bietet antioxidative Vorteile, einen verbesserten Hautton und ein einzigartiges sensorisches Erlebnis, w\u00e4hrend sie gleichzeitig durch ihre aromatischen und luxuri\u00f6sen Eigenschaften Entspannung und Wohlbefinden f\u00f6rdert.<\/p>\n\t\t<\/div>\n\t\t\t\t\t<div class=\"elementor-post__read-more-wrapper\">\n\t\t\n\t\t<a class=\"elementor-post__read-more\" href=\"https:\/\/emeraldspa.pl\/de\/schokoladenmassage\/\" aria-label=\"Mehr \u00fcber Chocolate Luxury Massage\" tabindex=\"-1\">\n\t\t\tMehr lesen \"\t\t<\/a>\n\n\t\t\t\t\t<\/div>\n\t\t\t\t<\/div>\n\t\t\t\t\t<\/div>\n\t\t<\/article>\n\t\t\t\t<article class=\"elementor-post elementor-grid-item post-2595 post type-post status-publish format-standard has-post-thumbnail hentry category-couples category-massages\" role=\"listitem\">\n\t\t\t<div class=\"elementor-post__card\">\n\t\t\t\t<a class=\"elementor-post__thumbnail__link\" href=\"https:\/\/emeraldspa.pl\/de\/massage-mit-heisen-steinen\/\" tabindex=\"-1\"><div class=\"elementor-post__thumbnail\"><img loading=\"lazy\" decoding=\"async\" width=\"300\" height=\"169\" src=\"https:\/\/emeraldspa.pl\/wp-content\/uploads\/2023\/10\/stones-300x169.jpg\" class=\"attachment-medium size-medium wp-image-2596\" alt=\"\" srcset=\"https:\/\/emeraldspa.pl\/wp-content\/uploads\/2023\/10\/stones-300x169.jpg 300w, https:\/\/emeraldspa.pl\/wp-content\/uploads\/2023\/10\/stones-scaled-600x338.jpg 600w, https:\/\/emeraldspa.pl\/wp-content\/uploads\/2023\/10\/stones-1024x576.jpg 1024w, https:\/\/emeraldspa.pl\/wp-content\/uploads\/2023\/10\/stones-768x432.jpg 768w, https:\/\/emeraldspa.pl\/wp-content\/uploads\/2023\/10\/stones-1536x864.jpg 1536w, https:\/\/emeraldspa.pl\/wp-content\/uploads\/2023\/10\/stones-2048x1152.jpg 2048w, https:\/\/emeraldspa.pl\/wp-content\/uploads\/2023\/10\/stones-18x10.jpg 18w, https:\/\/emeraldspa.pl\/wp-content\/uploads\/2023\/10\/stones-scaled.jpg 1560w\" sizes=\"(max-width: 300px) 100vw, 300px\" \/><\/div><\/a>\n\t\t\t\t<div class=\"elementor-post__text\">\n\t\t\t\t<h3 class=\"elementor-post__title\">\n\t\t\t<a href=\"https:\/\/emeraldspa.pl\/de\/massage-mit-heisen-steinen\/\">\n\t\t\t\tMassage mit hei\u00dfen Steinen\t\t\t<\/a>\n\t\t<\/h3>\n\t\t\t\t<div class=\"elementor-post__excerpt\">\n\t\t\t<p>Bei der Hot-Stone-Massage werden erw\u00e4rmte Steine verwendet, um die Entspannung zu f\u00f6rdern, Muskelverspannungen zu l\u00f6sen und die Durchblutung zu verbessern. Die W\u00e4rme dringt tief in die Muskeln ein und f\u00f6rdert Heilung und Stressabbau. Sie hilft auch, die Schlafqualit\u00e4t zu verbessern, \u00c4ngste abzubauen und das allgemeine Wohlbefinden zu steigern.<\/p>\n\t\t<\/div>\n\t\t\t\t\t<div class=\"elementor-post__read-more-wrapper\">\n\t\t\n\t\t<a class=\"elementor-post__read-more\" href=\"https:\/\/emeraldspa.pl\/de\/massage-mit-heisen-steinen\/\" aria-label=\"Mehr \u00fcber Hot Stones Massage\" tabindex=\"-1\">\n\t\t\tMehr lesen \"\t\t<\/a>\n\n\t\t\t\t\t<\/div>\n\t\t\t\t<\/div>\n\t\t\t\t\t<\/div>\n\t\t<\/article>\n\t\t\t\t<\/div>\n\t\t\t\t\t<span class=\"e-load-more-spinner\">\n\t\t\t\t<svg aria-hidden=\"true\" class=\"e-font-icon-svg e-fas-spinner\" viewbox=\"0 0 512 512\" xmlns=\"http:\/\/www.w3.org\/2000\/svg\"><path d=\"M304 48c0 26.51-21.49 48-48 48s-48-21.49-48-48 21.49-48 48-48 48 21.49 48 48zm-48 368c-26.51 0-48 21.49-48 48s21.49 48 48 48 48-21.49 48-48-21.49-48-48-48zm208-208c-26.51 0-48 21.49-48 48s21.49 48 48 48 48-21.49 48-48-21.49-48-48-48zM96 256c0-26.51-21.49-48-48-48S0 229.49 0 256s21.49 48 48 48 48-21.49 48-48zm12.922 99.078c-26.51 0-48 21.49-48 48s21.49 48 48 48 48-21.49 48-48c0-26.509-21.491-48-48-48zm294.156 0c-26.51 0-48 21.49-48 48s21.49 48 48 48 48-21.49 48-48c0-26.509-21.49-48-48-48zM108.922 60.922c-26.51 0-48 21.49-48 48s21.49 48 48 48 48-21.49 48-48-21.491-48-48-48z\"><\/path><\/svg>\t\t\t<\/span>\n\t\t\n\t\t\t\t\t\t<\/div>\n\t\t\t\t<\/div>\n\t\t\t\t<div class=\"elementor-element elementor-element-e2c595b elementor-widget elementor-widget-spacer\" data-id=\"e2c595b\" data-element_type=\"widget\" data-e-type=\"widget\" data-widget_type=\"spacer.default\">\n\t\t\t\t<div class=\"elementor-widget-container\">\n\t\t\t\t\t\t\t<div class=\"elementor-spacer\">\n\t\t\t<div class=\"elementor-spacer-inner\"><\/div>\n\t\t<\/div>\n\t\t\t\t\t\t<\/div>\n\t\t\t\t<\/div>\n\t\t\t\t\t<\/div>\n\t\t\t\t<\/div>\n\t\t<div class=\"elementor-element elementor-element-abdea16 e-flex e-con-boxed e-con e-parent\" data-id=\"abdea16\" data-element_type=\"container\" data-e-type=\"container\">\n\t\t\t\t\t<div class=\"e-con-inner\">\n\t\t\t\t<div class=\"elementor-element elementor-element-18a6097 elementor-cta--skin-cover elementor-animated-content elementor-bg-transform elementor-bg-transform-zoom-in elementor-widget elementor-widget-call-to-action\" data-id=\"18a6097\" data-element_type=\"widget\" data-e-type=\"widget\" data-widget_type=\"call-to-action.default\">\n\t\t\t\t<div class=\"elementor-widget-container\">\n\t\t\t\t\t\t\t<a class=\"elementor-cta\" href=\"https:\/\/emeraldspa.pl\/de\/dienstleistungen\/wellness-pakete\/\">\n\t\t\t\t\t<div class=\"elementor-cta__bg-wrapper\">\n\t\t\t\t<div class=\"elementor-cta__bg elementor-bg\" style=\"background-image: url(https:\/\/emeraldspa.pl\/wp-content\/uploads\/2023\/10\/20230605_222119-1024x576.jpg);\" role=\"img\" aria-label=\"Sauna\"><\/div>\n\t\t\t\t<div class=\"elementor-cta__bg-overlay\"><\/div>\n\t\t\t<\/div>\n\t\t\t\t\t\t\t<div class=\"elementor-cta__content\">\n\t\t\t\t\n\t\t\t\t\t\t\t\t\t<h2 class=\"elementor-cta__title elementor-cta__content-item elementor-content-item elementor-animated-item--grow\">\n\t\t\t\t\t\tSpa-Pakete\t\t\t\t\t<\/h2>\n\t\t\t\t\n\t\t\t\t\t\t\t\t\t<div class=\"elementor-cta__description elementor-cta__content-item elementor-content-item elementor-animated-item--grow\">\n\t\t\t\t\t\tStellen Sie das ultimative Spa-Paket zusammen, mit Sauna, Whirlpool oder \u00dcbernachtungsr\u00e4umen\t\t\t\t\t<\/div>\n\t\t\t\t\n\t\t\t\t\t\t\t\t\t<div class=\"elementor-cta__button-wrapper elementor-cta__content-item elementor-content-item elementor-animated-item--grow\">\n\t\t\t\t\t<span class=\"elementor-cta__button elementor-button elementor-size-\">\n\t\t\t\t\t\tLesen Sie mehr...\t\t\t\t\t<\/span>\n\t\t\t\t\t<\/div>\n\t\t\t\t\t\t\t<\/div>\n\t\t\t\t\t\t\t<div class=\"elementor-ribbon\">\n\t\t\t\t<div class=\"elementor-ribbon-inner\">\n\t\t\t\t\tGro\u00dfer Wert\t\t\t\t<\/div>\n\t\t\t<\/div>\n\t\t\t\t<\/a>\n\t\t\t\t\t\t<\/div>\n\t\t\t\t<\/div>\n\t\t\t\t<div class=\"elementor-element elementor-element-4e28ec1 elementor-widget elementor-widget-spacer\" data-id=\"4e28ec1\" data-element_type=\"widget\" data-e-type=\"widget\" data-widget_type=\"spacer.default\">\n\t\t\t\t<div class=\"elementor-widget-container\">\n\t\t\t\t\t\t\t<div class=\"elementor-spacer\">\n\t\t\t<div class=\"elementor-spacer-inner\"><\/div>\n\t\t<\/div>\n\t\t\t\t\t\t<\/div>\n\t\t\t\t<\/div>\n\t\t\t\t\t<\/div>\n\t\t\t\t<\/div>\n\t\t\t\t<\/div>","protected":false},"excerpt":{"rendered":"<p>Massages for couples Invest in yourselves as a couple with these massages and spa rituals. Two therapists (of your choice of gender) will pamper you both. Book Now Take a [&hellip;]<\/p>\n","protected":false},"author":1,"featured_media":0,"parent":420,"menu_order":3,"comment_status":"closed","ping_status":"closed","template":"elementor_header_footer","meta":{"_acf_changed":false,"_price":"","_stock":"","_tribe_ticket_header":"","_tribe_default_ticket_provider":"","_tribe_ticket_capacity":"","_ticket_start_date":"","_ticket_end_date":"","_tribe_ticket_show_description":"","_tribe_ticket_show_not_going":false,"_tribe_ticket_use_global_stock":"","_tribe_ticket_global_stock_level":"","_global_stock_mode":"","_global_stock_cap":"","_tribe_rsvp_for_event":"","_tribe_ticket_going_count":"","_tribe_ticket_not_going_count":"","_tribe_tickets_list":"[]","_tribe_ticket_has_attendee_info_fields":false,"footnotes":""},"class_list":["post-3171","page","type-page","status-publish","hentry"],"acf":[],"_links":{"self":[{"href":"https:\/\/emeraldspa.pl\/de\/wp-json\/wp\/v2\/pages\/3171","targetHints":{"allow":["GET"]}}],"collection":[{"href":"https:\/\/emeraldspa.pl\/de\/wp-json\/wp\/v2\/pages"}],"about":[{"href":"https:\/\/emeraldspa.pl\/de\/wp-json\/wp\/v2\/types\/page"}],"author":[{"embeddable":true,"href":"https:\/\/emeraldspa.pl\/de\/wp-json\/wp\/v2\/users\/1"}],"replies":[{"embeddable":true,"href":"https:\/\/emeraldspa.pl\/de\/wp-json\/wp\/v2\/comments?post=3171"}],"version-history":[{"count":17,"href":"https:\/\/emeraldspa.pl\/de\/wp-json\/wp\/v2\/pages\/3171\/revisions"}],"predecessor-version":[{"id":3229,"href":"https:\/\/emeraldspa.pl\/de\/wp-json\/wp\/v2\/pages\/3171\/revisions\/3229"}],"up":[{"embeddable":true,"href":"https:\/\/emeraldspa.pl\/de\/wp-json\/wp\/v2\/pages\/420"}],"wp:attachment":[{"href":"https:\/\/emeraldspa.pl\/de\/wp-json\/wp\/v2\/media?parent=3171"}],"curies":[{"name":"wp","href":"https:\/\/api.w.org\/{rel}","templated":true}]}}